{"id":785842,"date":"2026-04-11T03:50:40","date_gmt":"2026-04-11T00:50:40","guid":{"rendered":"https:\/\/roveyayinevi.com.tr\/index.php\/urun\/turklerin-tarihi-3\/"},"modified":"2026-04-15T03:49:21","modified_gmt":"2026-04-15T00:49:21","slug":"turklerin-tarihi-3","status":"publish","type":"product","link":"https:\/\/roveyayinevi.com.tr\/index.php\/urun\/turklerin-tarihi-3\/","title":{"rendered":"T\u00fcrklerin Tarihi"},"content":{"rendered":"<p>\u00dcmit Hassan, bu kronolojisinde, eski T\u00fcrk topluluklar\u0131n\u0131ndevletle\u015fme s\u00fcrecinin ku\u015fbak\u0131\u015f\u0131 bir \u00f6zetini sunuyor.M\u00d6 800\u2019de \u0130skitlerle ba\u015flayan kronoloji, 1335-1336\u2019da son \u0130lhanAbu Said Han\u2019\u0131n \u00f6l\u00fcm\u00fcyle ve \u201cBeylikler d\u00f6nemi ve Osmanl\u0131Devleti\u2019ne giden yol&#8230;\u201d c\u00fcmlesiyle bitiyor. Tarihsel seyrinduraklar\u0131n\u0131n tespit ve tasnifiyle ilerleyen ak\u0131\u015f, ara ara yazar\u0131n k\u0131sade\u011finmeleri, yorumlar\u0131yla renkleniyor. \u00dcmit Hassan\u2019\u0131n daha \u00f6nceT\u00fcrkiye tarihi \u00fczerine bir derlemenin i\u00e7inde yer alm\u0131\u015f bu \u00e7al\u0131\u015fmas\u0131ilk kez ba\u011f\u0131ms\u0131z olarak yay\u0131mlan\u0131yor.\u201c\u00dcmit Hassan\u2019\u0131n T\u00fcrklerin Tarihi &#8211; A\u00e7\u0131klamal\u0131 Bir Kronolojiadl\u0131 eseri T\u00fcrk tarih\u00e7ili\u011finde yaz\u0131lm\u0131\u015f say\u0131lar\u0131 bir elin parma\u011f\u0131n\u0131ge\u00e7meyen nadir kronolojilerden birisidir. (&#8230;) \u00dcmit Hassan\u2019\u0131n eseri,konusu tek bir hanedan, ki\u015fi ya da kurum olmamas\u0131yladi\u011ferlerinden ayr\u0131l\u0131r. (&#8230;) T\u00fcrklerin Tarihi\u2019nin arkas\u0131nda iki b\u00fcy\u00fcktarih\u00e7inin g\u00f6lgesini se\u00e7mek \u00e7ok zor de\u011fildir. Birincisi, Hassan\u2019\u0131ninan\u00e7-\u00f6rg\u00fct birlikteli\u011fi \u00f6nermesinin teorik altyap\u0131s\u0131n\u0131 d\u00fczenTunuslu b\u00fcy\u00fck \u0130sl\u00e2m d\u00fc\u015f\u00fcn\u00fcr\u00fc \u0130bn Haldun ve di\u011feri de genel T\u00fcrktarihi \u00e7al\u0131\u015fmalar\u0131n\u0131n T\u00fcrkiye\u2019deki \u00f6nc\u00fcs\u00fc, belki de kurucusu olanZeki Velidi Togan&#8230;\u201dEVR\u0130M B\u0130NBA\u015e<\/p>\n","protected":false},"excerpt":{"rendered":"<p>\u00dcmit Hassan, bu kronolojisinde, eski T\u00fcrk topluluklar\u0131n\u0131ndevletle\u015fme s\u00fcrecinin ku\u015fbak\u0131\u015f\u0131 bir \u00f6zetini sunuyor.M\u00d6 800\u2019de \u0130skitlerle ba\u015flayan kronoloji, 1335-1336\u2019da son \u0130lhanAbu Said Han\u2019\u0131n \u00f6l\u00fcm\u00fcyle ve \u201cBeylikler d\u00f6nemi ve<span class=\"excerpt-hellip\"> [\u2026]<\/span><\/p>\n","protected":false},"featured_media":0,"template":"","meta":{"_monsterinsights_skip_tracking":false,"_monsterinsights_sitenote_active":false,"_monsterinsights_sitenote_note":"","_monsterinsights_sitenote_category":0},"product_brand":[],"product_cat":[12304,13650],"product_tag":[],"class_list":{"0":"post-785842","1":"product","2":"type-product","3":"status-publish","5":"product_cat-tarih","6":"product_cat-turk-tarihi-arastirmalari","7":"pa_cilt-ciltsiz","8":"pa_tur-kitap","9":"pa_yayinevi-iletisim-yayinlari","10":"pa_yazar-umit-hassan","12":"first","13":"instock","14":"sale","15":"shipping-taxable","16":"purchasable","17":"product-type-simple"},"_links":{"self":[{"href":"https:\/\/roveyayinevi.com.tr\/index.php\/wp-json\/wp\/v2\/product\/785842","targetHints":{"allow":["GET"]}}],"collection":[{"href":"https:\/\/roveyayinevi.com.tr\/index.php\/wp-json\/wp\/v2\/product"}],"about":[{"href":"https:\/\/roveyayinevi.com.tr\/index.php\/wp-json\/wp\/v2\/types\/product"}],"wp:attachment":[{"href":"https:\/\/roveyayinevi.com.tr\/index.php\/wp-json\/wp\/v2\/media?parent=785842"}],"wp:term":[{"taxonomy":"product_brand","embeddable":true,"href":"https:\/\/roveyayinevi.com.tr\/index.php\/wp-json\/wp\/v2\/product_brand?post=785842"},{"taxonomy":"product_cat","embeddable":true,"href":"https:\/\/roveyayinevi.com.tr\/index.php\/wp-json\/wp\/v2\/product_cat?post=785842"},{"taxonomy":"product_tag","embeddable":true,"href":"https:\/\/roveyayinevi.com.tr\/index.php\/wp-json\/wp\/v2\/product_tag?post=785842"}],"curies":[{"name":"wp","href":"https:\/\/api.w.org\/{rel}","templated":true}]}}