{"id":785840,"date":"2026-04-11T03:50:37","date_gmt":"2026-04-11T00:50:37","guid":{"rendered":"https:\/\/roveyayinevi.com.tr\/index.php\/urun\/ihlal-sanati\/"},"modified":"2026-04-15T03:49:20","modified_gmt":"2026-04-15T00:49:20","slug":"ihlal-sanati","status":"publish","type":"product","link":"https:\/\/roveyayinevi.com.tr\/index.php\/urun\/ihlal-sanati\/","title":{"rendered":"\u0130hlal Sanat\u0131"},"content":{"rendered":"<p>\u201cTecrit mimar\u00eesinin sert bak\u0131\u015flar\u0131, metal e\u015fyalar\u0131n ritmik sesi,y\u00fcksek teknolojiye dayal\u0131 g\u00f6zetim ve bedensel denetim, i\u00e7eridekiya\u015fam\u0131n t\u00fcm\u00fcyle sistemin kontrol\u00fcne teslim edildi\u011fi izlenimini\u00fcretir. Ne var ki bu mekanik d\u00fczen, kendi mutlakl\u0131\u011f\u0131n\u0131 kurarken,tam da denetimin yo\u011funla\u015ft\u0131\u011f\u0131 yerlerde k\u00fc\u00e7\u00fck ama hayat\u00eebo\u015fluklar yarat\u0131r. Mahpuslar, bu aral\u0131klarda birbirleriyle kurduklar\u0131temaslar, sessiz anla\u015fmalar ve k\u0131r\u0131lgan dayan\u0131\u015fma bi\u00e7imleriyleh\u00fccreyi ge\u00e7ici de olsa yarat\u0131c\u0131 bir \u015fekilde d\u00f6n\u00fc\u015ft\u00fcr\u00fcrler.\u201d\u0130hl\u00e2l Sanat\u0131, mutlak kontrol alt\u0131nda tutulmak \u00fczere kapat\u0131lanmahpuslar\u0131n, kontrol edilemeyen, \u201ckapat\u0131lamayan\u201d ya\u015fampratiklerini anlat\u0131yor. Bu sanat\u0131n bazen le\u011fenden basketbol potas\u0131yapmak, bazen bu\u011fulanm\u0131\u015f cama iki kelime yaz\u0131 yazmak gibi \u00e7ok\u00e7e\u015fitli y\u00f6ntemlerle icra edildi\u011fini g\u00f6steren Sibel Bekiro\u011flu, okumasanat\u0131, spor ve sa\u011fl\u0131kl\u0131 ya\u015fam sanat\u0131, ileti\u015fim sanat\u0131, beslenmesanatlar\u0131, eli\u015fi sanatlar\u0131 ba\u015fl\u0131klar\u0131yla tasnif ediyor ihl\u00e2l sanat\u0131n\u0131.Kitapta, T\u00fcrkiye\u2019de y\u00fcksek g\u00fcvenlikli hapishaneler rejiminintarihsel geli\u015fme seyrine de tan\u0131kl\u0131k ediyoruz. Giderek daha kat\u0131bir tecride y\u00f6nelen bu seyir kar\u015f\u0131s\u0131nda, direni\u015fin \u201cduvarlar\u0131\u00e7atlatan\u201d enerjisi seriliyor \u00f6n\u00fcm\u00fcze. \u0130hl\u00e2l Sanat\u0131, sessiz, bazeng\u00f6ze bile g\u00f6r\u00fcnmeyen g\u00fcndelik direni\u015f pratiklerine odaklan\u0131yor.<\/p>\n","protected":false},"excerpt":{"rendered":"<p>\u201cTecrit mimar\u00eesinin sert bak\u0131\u015flar\u0131, metal e\u015fyalar\u0131n ritmik sesi,y\u00fcksek teknolojiye dayal\u0131 g\u00f6zetim ve bedensel denetim, i\u00e7eridekiya\u015fam\u0131n t\u00fcm\u00fcyle sistemin kontrol\u00fcne teslim edildi\u011fi izlenimini\u00fcretir. Ne var ki bu mekanik<span class=\"excerpt-hellip\"> [\u2026]<\/span><\/p>\n","protected":false},"featured_media":0,"template":"","meta":{"_monsterinsights_skip_tracking":false,"_monsterinsights_sitenote_active":false,"_monsterinsights_sitenote_note":"","_monsterinsights_sitenote_category":0},"product_brand":[],"product_cat":[12325,12324],"product_tag":[],"class_list":{"0":"post-785840","1":"product","2":"type-product","3":"status-publish","5":"product_cat-diger-sosyoloji","6":"product_cat-sosyoloji","7":"pa_cilt-ciltsiz","8":"pa_tur-kitap","9":"pa_yayinevi-iletisim-yayinlari","10":"pa_yazar-sibel-bekiroglu","12":"first","13":"instock","14":"sale","15":"shipping-taxable","16":"purchasable","17":"product-type-simple"},"_links":{"self":[{"href":"https:\/\/roveyayinevi.com.tr\/index.php\/wp-json\/wp\/v2\/product\/785840","targetHints":{"allow":["GET"]}}],"collection":[{"href":"https:\/\/roveyayinevi.com.tr\/index.php\/wp-json\/wp\/v2\/product"}],"about":[{"href":"https:\/\/roveyayinevi.com.tr\/index.php\/wp-json\/wp\/v2\/types\/product"}],"wp:attachment":[{"href":"https:\/\/roveyayinevi.com.tr\/index.php\/wp-json\/wp\/v2\/media?parent=785840"}],"wp:term":[{"taxonomy":"product_brand","embeddable":true,"href":"https:\/\/roveyayinevi.com.tr\/index.php\/wp-json\/wp\/v2\/product_brand?post=785840"},{"taxonomy":"product_cat","embeddable":true,"href":"https:\/\/roveyayinevi.com.tr\/index.php\/wp-json\/wp\/v2\/product_cat?post=785840"},{"taxonomy":"product_tag","embeddable":true,"href":"https:\/\/roveyayinevi.com.tr\/index.php\/wp-json\/wp\/v2\/product_tag?post=785840"}],"curies":[{"name":"wp","href":"https:\/\/api.w.org\/{rel}","templated":true}]}}