{"id":785839,"date":"2026-04-11T03:50:34","date_gmt":"2026-04-11T00:50:34","guid":{"rendered":"https:\/\/roveyayinevi.com.tr\/index.php\/urun\/gec-kaldigimiz-her-sey-gibi\/"},"modified":"2026-04-15T03:49:20","modified_gmt":"2026-04-15T00:49:20","slug":"gec-kaldigimiz-her-sey-gibi","status":"publish","type":"product","link":"https:\/\/roveyayinevi.com.tr\/index.php\/urun\/gec-kaldigimiz-her-sey-gibi\/","title":{"rendered":"Ge\u00e7 Kald\u0131\u011f\u0131m\u0131z Her \u015eey Gibi"},"content":{"rendered":"<p>\u201cYaln\u0131zla\u015fmas\u0131n\u0131n nedenini anl\u0131yordu: Heves ve ne\u015fe. \u0130nsanlar hevesk\u00e2r, ne\u015feli birine tahamm\u00fcl edemiyordu. Birinin y\u00fcz\u00fcndeki \u0131\u015f\u0131lt\u0131 onlar\u0131n karanl\u0131\u011f\u0131na dokunuyordu. G\u00fcl\u00fcmseyen birini g\u00f6r\u00fcnce tedirginle\u015fiyor, bu ne\u015feyi bir t\u00fcr su\u00e7 gibi g\u00f6r\u00fcyorlard\u0131. Bu \u00fclke Ne\u015fesizler Cumhuriyeti (NC) ad\u0131n\u0131 \u00e7oktan hak etmi\u015fti\u2026\u201d Ekin Kadir Sel\u00e7uk, Ge\u00e7 Kald\u0131\u011f\u0131m\u0131z Her \u015eey Gibi adl\u0131 ilk roman\u0131nda, ge\u00e7irdi\u011fi beyin kanamas\u0131 sonras\u0131 hayat\u0131 de\u011fi\u015fen, karakterinde a\u00e7\u0131lan gediklerle y\u00fczle\u015fen, hem \u00e7al\u0131\u015ft\u0131\u011f\u0131 \u00fcniversitede hem \u00f6zel ili\u015fkilerinde \u00e7\u0131kmaza giren bir akademisyenin hik\u00e2yesini anlat\u0131yor. Sel\u00e7uk, toplumdaki ve akademideki yozla\u015fmay\u0131, erkeklerin ikili ahl\u00e2k anlay\u0131\u015f\u0131n\u0131 ve erkek \u015fiddetini, hayat\u0131n her alan\u0131na sirayet eden derin mutsuzlu\u011fu ve karamsarl\u0131\u011f\u0131 bir roman kurgusu i\u00e7inde t\u00fcm \u00e7\u0131plakl\u0131\u011f\u0131yla ele al\u0131yor\u2026<\/p>\n","protected":false},"excerpt":{"rendered":"<p>\u201cYaln\u0131zla\u015fmas\u0131n\u0131n nedenini anl\u0131yordu: Heves ve ne\u015fe. \u0130nsanlar hevesk\u00e2r, ne\u015feli birine tahamm\u00fcl edemiyordu. Birinin y\u00fcz\u00fcndeki \u0131\u015f\u0131lt\u0131 onlar\u0131n karanl\u0131\u011f\u0131na dokunuyordu. G\u00fcl\u00fcmseyen birini g\u00f6r\u00fcnce tedirginle\u015fiyor, bu ne\u015feyi bir t\u00fcr<span class=\"excerpt-hellip\"> [\u2026]<\/span><\/p>\n","protected":false},"featured_media":0,"template":"","meta":{"_monsterinsights_skip_tracking":false,"_monsterinsights_sitenote_active":false,"_monsterinsights_sitenote_note":"","_monsterinsights_sitenote_category":0},"product_brand":[],"product_cat":[12291,12711],"product_tag":[],"class_list":{"0":"post-785839","1":"product","2":"type-product","3":"status-publish","5":"product_cat-edebiyat","6":"product_cat-roman-oyku","7":"pa_cilt-ciltsiz","8":"pa_tur-kitap","9":"pa_yayinevi-iletisim-yayinlari","10":"pa_yazar-ekin-kadir-selcuk","12":"first","13":"instock","14":"sale","15":"shipping-taxable","16":"purchasable","17":"product-type-simple"},"_links":{"self":[{"href":"https:\/\/roveyayinevi.com.tr\/index.php\/wp-json\/wp\/v2\/product\/785839","targetHints":{"allow":["GET"]}}],"collection":[{"href":"https:\/\/roveyayinevi.com.tr\/index.php\/wp-json\/wp\/v2\/product"}],"about":[{"href":"https:\/\/roveyayinevi.com.tr\/index.php\/wp-json\/wp\/v2\/types\/product"}],"wp:attachment":[{"href":"https:\/\/roveyayinevi.com.tr\/index.php\/wp-json\/wp\/v2\/media?parent=785839"}],"wp:term":[{"taxonomy":"product_brand","embeddable":true,"href":"https:\/\/roveyayinevi.com.tr\/index.php\/wp-json\/wp\/v2\/product_brand?post=785839"},{"taxonomy":"product_cat","embeddable":true,"href":"https:\/\/roveyayinevi.com.tr\/index.php\/wp-json\/wp\/v2\/product_cat?post=785839"},{"taxonomy":"product_tag","embeddable":true,"href":"https:\/\/roveyayinevi.com.tr\/index.php\/wp-json\/wp\/v2\/product_tag?post=785839"}],"curies":[{"name":"wp","href":"https:\/\/api.w.org\/{rel}","templated":true}]}}