{"id":785837,"date":"2026-04-11T03:50:30","date_gmt":"2026-04-11T00:50:30","guid":{"rendered":"https:\/\/roveyayinevi.com.tr\/index.php\/urun\/asiler-otobusu\/"},"modified":"2026-04-15T03:49:20","modified_gmt":"2026-04-15T00:49:20","slug":"asiler-otobusu","status":"publish","type":"product","link":"https:\/\/roveyayinevi.com.tr\/index.php\/urun\/asiler-otobusu\/","title":{"rendered":"Asiler Otob\u00fcs\u00fc"},"content":{"rendered":"<p>Asiler Otob\u00fcs\u00fc, insan\u0131n zaaflar\u0131n\u0131n ve arzular\u0131n\u0131n dolamba\u00e7l\u0131 yollar\u0131nda gezinen \u00e7arp\u0131c\u0131 bir John Steinbeck roman\u0131. Hem kendilerine, hem birbirlerine yabanc\u0131la\u015fm\u0131\u015f bir grup insan, seyahat ettikleri otob\u00fcs\u00fcn bozulmas\u0131yla k\u00fc\u00e7\u00fck bir yol kenar\u0131 i\u015fletmesinde mahsur kal\u0131r. Birlikte ge\u00e7irilen zaman uzad\u0131k\u00e7a, insanlar\u0131n aras\u0131ndaki mesafeler k\u0131sal\u0131r. Zengin olma hayali kuranlar da vard\u0131r bu yolculukta, ge\u00e7mi\u015finden utan\u0131p tutkular\u0131n\u0131 bast\u0131ranlar da. Kimi sadece a\u015fk\u0131 aramaktad\u0131r, kimi ka\u00e7\u0131p s\u0131\u011f\u0131naca\u011f\u0131 bir yeri. Otob\u00fcs tamir edilip tekrar yola d\u00fc\u015f\u00fcl\u00fcnce, bir avu\u00e7 yolcunun \u00f6n\u00fcnde ya\u011fmurun a\u011f\u0131rla\u015ft\u0131rd\u0131\u011f\u0131 toprak yol vard\u0131r art\u0131k ve otob\u00fcs\u00fcn \u00e7amura saplanmas\u0131 an meselesidir. Kendilerini bir noktaya kadar dizginlemeyi ba\u015faran yolcular i\u00e7in f\u0131rt\u0131na yak\u0131nd\u0131r, bir saat gelir, t\u00fcm zincirler k\u0131r\u0131l\u0131r ve herkes i\u00e7indekileri d\u00f6kmeye ba\u015flar. \u201c20. y\u00fczy\u0131ldaki insanl\u0131k durumu alegorisi olarak g\u00f6r\u00fclebilecek Asiler Otob\u00fcs\u00fc, zengin dokusu ve sa\u011flam yap\u0131s\u0131 sayesinde, bir\u00e7ok alegoriden farkl\u0131 olarak, okuma zevki veren bir eser. \u0130nsan\u0131n ruhuna da iyi gelecektir.\u201d CARLOS BAKER<\/p>\n","protected":false},"excerpt":{"rendered":"<p>Asiler Otob\u00fcs\u00fc, insan\u0131n zaaflar\u0131n\u0131n ve arzular\u0131n\u0131n dolamba\u00e7l\u0131 yollar\u0131nda gezinen \u00e7arp\u0131c\u0131 bir John Steinbeck roman\u0131. Hem kendilerine, hem birbirlerine yabanc\u0131la\u015fm\u0131\u015f bir grup insan, seyahat ettikleri otob\u00fcs\u00fcn bozulmas\u0131yla<span class=\"excerpt-hellip\"> [\u2026]<\/span><\/p>\n","protected":false},"featured_media":0,"template":"","meta":{"_monsterinsights_skip_tracking":false,"_monsterinsights_sitenote_active":false,"_monsterinsights_sitenote_note":"","_monsterinsights_sitenote_category":0},"product_brand":[],"product_cat":[12291,12711],"product_tag":[],"class_list":{"0":"post-785837","1":"product","2":"type-product","3":"status-publish","5":"product_cat-edebiyat","6":"product_cat-roman-oyku","7":"pa_cilt-ciltsiz","8":"pa_tur-kitap","9":"pa_yayinevi-iletisim-yayinlari","10":"pa_yazar-john-steinbeck","12":"first","13":"instock","14":"sale","15":"shipping-taxable","16":"purchasable","17":"product-type-simple"},"_links":{"self":[{"href":"https:\/\/roveyayinevi.com.tr\/index.php\/wp-json\/wp\/v2\/product\/785837","targetHints":{"allow":["GET"]}}],"collection":[{"href":"https:\/\/roveyayinevi.com.tr\/index.php\/wp-json\/wp\/v2\/product"}],"about":[{"href":"https:\/\/roveyayinevi.com.tr\/index.php\/wp-json\/wp\/v2\/types\/product"}],"wp:attachment":[{"href":"https:\/\/roveyayinevi.com.tr\/index.php\/wp-json\/wp\/v2\/media?parent=785837"}],"wp:term":[{"taxonomy":"product_brand","embeddable":true,"href":"https:\/\/roveyayinevi.com.tr\/index.php\/wp-json\/wp\/v2\/product_brand?post=785837"},{"taxonomy":"product_cat","embeddable":true,"href":"https:\/\/roveyayinevi.com.tr\/index.php\/wp-json\/wp\/v2\/product_cat?post=785837"},{"taxonomy":"product_tag","embeddable":true,"href":"https:\/\/roveyayinevi.com.tr\/index.php\/wp-json\/wp\/v2\/product_tag?post=785837"}],"curies":[{"name":"wp","href":"https:\/\/api.w.org\/{rel}","templated":true}]}}