{"id":785835,"date":"2026-04-11T03:50:27","date_gmt":"2026-04-11T00:50:27","guid":{"rendered":"https:\/\/roveyayinevi.com.tr\/index.php\/urun\/riff-ciltli\/"},"modified":"2026-04-15T03:49:20","modified_gmt":"2026-04-15T00:49:20","slug":"riff-ciltli","status":"publish","type":"product","link":"https:\/\/roveyayinevi.com.tr\/index.php\/urun\/riff-ciltli\/","title":{"rendered":"Riff (Ciltli)"},"content":{"rendered":"<p>\u201cElvis\u2019ten \u00f6nce hi\u00e7bir \u015fey yoktu.\u201dJohn Lennon\u2019un bu c\u00fcmlesiyle ba\u015flayan b\u00fcy\u00fck patlama, sadece bir m\u00fczik t\u00fcr\u00fcn\u00fcn de\u011fil, modern insan\u0131n kendini ifade etme bi\u00e7iminin de milad\u0131yd\u0131. Bu kitap, 50\u2019lerin o ilk asi t\u0131n\u0131lar\u0131ndan 90\u2019lar\u0131n dijital devrimine kadar uzanan g\u00fcr\u00fclt\u00fcl\u00fc bir y\u00fczy\u0131l\u0131n; tasar\u0131m, teknik ve ruh aras\u0131ndaki o g\u00f6r\u00fcnmez ba\u011flar\u0131n\u0131 inceliyor. \u0130lk Walkman ve elektrogitar\u0131n\u0131 80\u2019lerde edinen, 9o\u2019larda medya sekt\u00f6r\u00fcnde dergiler yay\u0131mlayan, yaz\u0131lar yazan Mansur Forutan, Pop\u2019un tarihini, Rock\u2019n Roll\u2019un ruhuyla anlat\u0131yor. Riff asl\u0131nda bir nevi arkeolojik kaz\u0131 \u00e7al\u0131\u015fmas\u0131. Transist\u00f6rl\u00fc radyolar\u0131n gen\u00e7li\u011fi soka\u011fa \u00e7\u0131kard\u0131\u011f\u0131 anlardan, TDK kasetlerin manyetik bantlar\u0131nda saklanan hat\u0131ralara; 45\u2019lik plaklar\u0131n her iki y\u00fcz\u00fcndeki toplumsal de\u011fi\u015fimden, listelerdeki y\u00fczlerce ikonik alb\u00fcme kadar her \u015fey burada. Bir tasar\u0131mc\u0131n\u0131n g\u00f6z\u00fcyle \u00e7izilmi\u015f, bir m\u00fczik tutkununun kalbiyle yaz\u0131lm\u0131\u015f ve bir m\u00fchendisin titizli\u011fiyle kurgulanm\u0131\u015f 500 sayfal\u0131k bir senfoni. O y\u0131llar\u0131 ya\u015fayanlara ve hi\u00e7 duymam\u0131\u015f olanlara&#8230;<\/p>\n","protected":false},"excerpt":{"rendered":"<p>\u201cElvis\u2019ten \u00f6nce hi\u00e7bir \u015fey yoktu.\u201dJohn Lennon\u2019un bu c\u00fcmlesiyle ba\u015flayan b\u00fcy\u00fck patlama, sadece bir m\u00fczik t\u00fcr\u00fcn\u00fcn de\u011fil, modern insan\u0131n kendini ifade etme bi\u00e7iminin de milad\u0131yd\u0131. Bu kitap,<span class=\"excerpt-hellip\"> [\u2026]<\/span><\/p>\n","protected":false},"featured_media":0,"template":"","meta":{"_monsterinsights_skip_tracking":false,"_monsterinsights_sitenote_active":false,"_monsterinsights_sitenote_note":"","_monsterinsights_sitenote_category":0},"product_brand":[],"product_cat":[14591,14556],"product_tag":[],"class_list":{"0":"post-785835","1":"product","2":"type-product","3":"status-publish","5":"product_cat-genel-kavramlar-kuram-ve-tarihce","6":"product_cat-muzik","7":"pa_cilt-ciltsiz","8":"pa_tur-kitap","9":"pa_yayinevi-dogan-kitap","10":"pa_yazar-mansur-forutan","12":"first","13":"instock","14":"sale","15":"shipping-taxable","16":"purchasable","17":"product-type-simple"},"_links":{"self":[{"href":"https:\/\/roveyayinevi.com.tr\/index.php\/wp-json\/wp\/v2\/product\/785835","targetHints":{"allow":["GET"]}}],"collection":[{"href":"https:\/\/roveyayinevi.com.tr\/index.php\/wp-json\/wp\/v2\/product"}],"about":[{"href":"https:\/\/roveyayinevi.com.tr\/index.php\/wp-json\/wp\/v2\/types\/product"}],"wp:attachment":[{"href":"https:\/\/roveyayinevi.com.tr\/index.php\/wp-json\/wp\/v2\/media?parent=785835"}],"wp:term":[{"taxonomy":"product_brand","embeddable":true,"href":"https:\/\/roveyayinevi.com.tr\/index.php\/wp-json\/wp\/v2\/product_brand?post=785835"},{"taxonomy":"product_cat","embeddable":true,"href":"https:\/\/roveyayinevi.com.tr\/index.php\/wp-json\/wp\/v2\/product_cat?post=785835"},{"taxonomy":"product_tag","embeddable":true,"href":"https:\/\/roveyayinevi.com.tr\/index.php\/wp-json\/wp\/v2\/product_tag?post=785835"}],"curies":[{"name":"wp","href":"https:\/\/api.w.org\/{rel}","templated":true}]}}