{"id":785833,"date":"2026-04-11T03:50:22","date_gmt":"2026-04-11T00:50:22","guid":{"rendered":"https:\/\/roveyayinevi.com.tr\/index.php\/urun\/lutfen-alkislamayin-safiye-ayla-ve-komando\/"},"modified":"2026-04-15T03:49:20","modified_gmt":"2026-04-15T00:49:20","slug":"lutfen-alkislamayin-safiye-ayla-ve-komando","status":"publish","type":"product","link":"https:\/\/roveyayinevi.com.tr\/index.php\/urun\/lutfen-alkislamayin-safiye-ayla-ve-komando\/","title":{"rendered":"L\u00fctfen Alk\u0131\u015flamay\u0131n &#8211; Safiye Ayla ve Komando"},"content":{"rendered":"<p>\u00c2\u015f\u0131k Safiye ve Safiye Ayla sava\u015f\u0131yordu. Bir \u00e7\u0131k\u0131\u015f ar\u0131yordu ikisi de. Biri kendi kalman\u0131n, di\u011feri galebe \u00e7alman\u0131n, \u00fcste \u00e7\u0131kman\u0131n derdindeydi. Tolga\u2019ya kap\u0131ld\u0131k\u00e7a, Tolga\u2019n\u0131n istedi\u011fi Safiye olduk\u00e7a Safiye Ayla\u2019l\u0131ktan uzakla\u015f\u0131yordu sanki. Bundan da korkuyordu. Yepyeni bir kendiyle tan\u0131\u015fm\u0131\u015ft\u0131 bu a\u015fkta. Yava\u015f yava\u015f bunu idrak ediyordu. Bununla bar\u0131\u015facak, bu yeni kendini kucaklayacak m\u0131yd\u0131? Yoksa onu yok etmeyi, o y\u0131llard\u0131r tan\u0131d\u0131\u011f\u0131, bildi\u011fi Safiye Ayla kalmay\u0131 m\u0131 se\u00e7ecekti?Safiye Ayla, Cumhuriyet\u2019in ilk b\u00fcy\u00fck y\u0131ld\u0131z\u0131. Atat\u00fcrk\u2019e defalarca \u015fark\u0131 s\u00f6ylemi\u015f, N\u00e2z\u0131m Hikmet, Halikarnas Bal\u0131k\u00e7\u0131s\u0131 ve Kemal Tahir gibi isimlerle dost olmu\u015f; ad\u0131n\u0131 tarihe alt\u0131n harflerle yazd\u0131rm\u0131\u015f. Ancak bu romanda bamba\u015fka bir Safiye\u2019yle kar\u015f\u0131la\u015facaks\u0131n\u0131z: \u00c2\u015f\u0131k Safiye\u2019yle. Yar\u0131 ya\u015f\u0131nda bir komandoya duydu\u011fu a\u015fkla \u00e2deta yeniden do\u011fan, i\u00e7inde hi\u00e7 tan\u0131mad\u0131\u011f\u0131, varl\u0131\u011f\u0131ndan haberdar olmad\u0131\u011f\u0131 bir kad\u0131n ke\u015ffeden.<\/p>\n","protected":false},"excerpt":{"rendered":"<p>\u00c2\u015f\u0131k Safiye ve Safiye Ayla sava\u015f\u0131yordu. Bir \u00e7\u0131k\u0131\u015f ar\u0131yordu ikisi de. Biri kendi kalman\u0131n, di\u011feri galebe \u00e7alman\u0131n, \u00fcste \u00e7\u0131kman\u0131n derdindeydi. Tolga\u2019ya kap\u0131ld\u0131k\u00e7a, Tolga\u2019n\u0131n istedi\u011fi Safiye olduk\u00e7a<span class=\"excerpt-hellip\"> [\u2026]<\/span><\/p>\n","protected":false},"featured_media":0,"template":"","meta":{"_monsterinsights_skip_tracking":false,"_monsterinsights_sitenote_active":false,"_monsterinsights_sitenote_note":"","_monsterinsights_sitenote_category":0},"product_brand":[],"product_cat":[12291,12711],"product_tag":[],"class_list":{"0":"post-785833","1":"product","2":"type-product","3":"status-publish","5":"product_cat-edebiyat","6":"product_cat-roman-oyku","7":"pa_cilt-ciltsiz","8":"pa_tur-kitap","9":"pa_yayinevi-dogan-kitap","10":"pa_yazar-serdar-soydan","12":"first","13":"instock","14":"sale","15":"shipping-taxable","16":"purchasable","17":"product-type-simple"},"_links":{"self":[{"href":"https:\/\/roveyayinevi.com.tr\/index.php\/wp-json\/wp\/v2\/product\/785833","targetHints":{"allow":["GET"]}}],"collection":[{"href":"https:\/\/roveyayinevi.com.tr\/index.php\/wp-json\/wp\/v2\/product"}],"about":[{"href":"https:\/\/roveyayinevi.com.tr\/index.php\/wp-json\/wp\/v2\/types\/product"}],"wp:attachment":[{"href":"https:\/\/roveyayinevi.com.tr\/index.php\/wp-json\/wp\/v2\/media?parent=785833"}],"wp:term":[{"taxonomy":"product_brand","embeddable":true,"href":"https:\/\/roveyayinevi.com.tr\/index.php\/wp-json\/wp\/v2\/product_brand?post=785833"},{"taxonomy":"product_cat","embeddable":true,"href":"https:\/\/roveyayinevi.com.tr\/index.php\/wp-json\/wp\/v2\/product_cat?post=785833"},{"taxonomy":"product_tag","embeddable":true,"href":"https:\/\/roveyayinevi.com.tr\/index.php\/wp-json\/wp\/v2\/product_tag?post=785833"}],"curies":[{"name":"wp","href":"https:\/\/api.w.org\/{rel}","templated":true}]}}