{"id":785831,"date":"2026-04-11T03:50:17","date_gmt":"2026-04-11T00:50:17","guid":{"rendered":"https:\/\/roveyayinevi.com.tr\/index.php\/urun\/oncesi-ozyasam-oykusu\/"},"modified":"2026-04-15T03:49:20","modified_gmt":"2026-04-15T00:49:20","slug":"oncesi-ozyasam-oykusu","status":"publish","type":"product","link":"https:\/\/roveyayinevi.com.tr\/index.php\/urun\/oncesi-ozyasam-oykusu\/","title":{"rendered":"\u00d6ncesi &#8211; \u00d6zya\u015fam \u00d6yk\u00fcs\u00fc"},"content":{"rendered":"<p>Halbuki ben, do\u011fdu\u011fumdan beri mutlu bir insand\u0131m.Huzursuz ama mutlu bir insan&#8230;\u0130nsan \u00e7ocuklu\u011funa ne zaman ho\u015f\u00e7a kal der? \u00d6ncesi, \u00e7ocuklu\u011funa hi\u00e7bir zaman ho\u015f\u00e7a kal diyememi\u015f ama daha \u00e7ocuklu\u011fun ilk y\u0131llar\u0131ndan itibaren, yeti\u015fkin olman\u0131n a\u011f\u0131rl\u0131\u011f\u0131n\u0131 y\u00fcklenmi\u015f cesur ve kararl\u0131 bir k\u0131z \u00e7ocu\u011funun b\u00fcy\u00fcme hik\u00e2yesi. Bu romanda ad\u0131 ge\u00e7en ki\u015filer ve ya\u015fanan olaylar\u0131n tamam\u0131 ger\u00e7ek hayattan al\u0131nm\u0131\u015ft\u0131r. Anlat\u0131lanlar okura zaman zaman ger\u00e7ek\u00fcst\u00fcgelse de hayat\u0131n kendisi kitaplarda yazanlardan \u00e7ok daha yo\u011fun, katlanmas\u0131 bazen daha zor ve ger\u00e7ek\u00fcst\u00fcd\u00fcr. Bu roman\u0131n yazar\u0131 ve kahraman\u0131 olan Jehan Barbur,edebiyat\u0131n ve roman\u0131n s\u0131n\u0131rlar\u0131n\u0131 zorlayarak, al\u0131\u015f\u0131lm\u0131\u015f\u0131n d\u0131\u015f\u0131nda bir eserle kar\u015f\u0131m\u0131za \u00e7\u0131k\u0131yor.\u00d6ncesi, okuruyla bulu\u015ftu\u011fu andan itibaren, \u00e7ocuklu\u011funu hi\u00e7 b\u0131rakmadan b\u00fcy\u00fcyen cesur ve kararl\u0131t\u00fcm k\u0131z \u00e7ocuklar\u0131n\u0131n hik\u00e2yesidir.Birinin \u00e7ocuklu\u011funu bilmek, \u00e7ocuklu\u011fumuzu birinin bilmesi&#8230;Ba\u015fka hi\u00e7bir \u015fey bu kadar g\u00fcven vermez insana. \u201c\u00c7ocuklu\u011fumsun sen benim\u201d yazan minik notlar, kartlar, asl\u0131nda yaz\u0131lan\u0131n fazlas\u0131n\u0131 anlat\u0131r. \u201c\u00d6ncesisin\u201d der, \u201c\u015fimdime sebep olan her \u015feyin i\u00e7indensin. Bilenim, bildirenimsin.\u201d<\/p>\n","protected":false},"excerpt":{"rendered":"<p>Halbuki ben, do\u011fdu\u011fumdan beri mutlu bir insand\u0131m.Huzursuz ama mutlu bir insan&#8230;\u0130nsan \u00e7ocuklu\u011funa ne zaman ho\u015f\u00e7a kal der? \u00d6ncesi, \u00e7ocuklu\u011funa hi\u00e7bir zaman ho\u015f\u00e7a kal diyememi\u015f ama daha<span class=\"excerpt-hellip\"> [\u2026]<\/span><\/p>\n","protected":false},"featured_media":0,"template":"","meta":{"_monsterinsights_skip_tracking":false,"_monsterinsights_sitenote_active":false,"_monsterinsights_sitenote_note":"","_monsterinsights_sitenote_category":0},"product_brand":[],"product_cat":[14009,12291],"product_tag":[],"class_list":{"0":"post-785831","1":"product","2":"type-product","3":"status-publish","5":"product_cat-biyografi-otobiyografi-edebiyat","6":"product_cat-edebiyat","7":"pa_cilt-ciltsiz","8":"pa_tur-kitap","9":"pa_yayinevi-dogan-kitap","10":"pa_yazar-jehan-barbur","12":"first","13":"instock","14":"sale","15":"shipping-taxable","16":"purchasable","17":"product-type-simple"},"_links":{"self":[{"href":"https:\/\/roveyayinevi.com.tr\/index.php\/wp-json\/wp\/v2\/product\/785831","targetHints":{"allow":["GET"]}}],"collection":[{"href":"https:\/\/roveyayinevi.com.tr\/index.php\/wp-json\/wp\/v2\/product"}],"about":[{"href":"https:\/\/roveyayinevi.com.tr\/index.php\/wp-json\/wp\/v2\/types\/product"}],"wp:attachment":[{"href":"https:\/\/roveyayinevi.com.tr\/index.php\/wp-json\/wp\/v2\/media?parent=785831"}],"wp:term":[{"taxonomy":"product_brand","embeddable":true,"href":"https:\/\/roveyayinevi.com.tr\/index.php\/wp-json\/wp\/v2\/product_brand?post=785831"},{"taxonomy":"product_cat","embeddable":true,"href":"https:\/\/roveyayinevi.com.tr\/index.php\/wp-json\/wp\/v2\/product_cat?post=785831"},{"taxonomy":"product_tag","embeddable":true,"href":"https:\/\/roveyayinevi.com.tr\/index.php\/wp-json\/wp\/v2\/product_tag?post=785831"}],"curies":[{"name":"wp","href":"https:\/\/api.w.org\/{rel}","templated":true}]}}