{"id":785829,"date":"2026-04-11T03:50:13","date_gmt":"2026-04-11T00:50:13","guid":{"rendered":"https:\/\/roveyayinevi.com.tr\/index.php\/urun\/bes-duyu-ve-otesi\/"},"modified":"2026-04-15T03:49:20","modified_gmt":"2026-04-15T00:49:20","slug":"bes-duyu-ve-otesi","status":"publish","type":"product","link":"https:\/\/roveyayinevi.com.tr\/index.php\/urun\/bes-duyu-ve-otesi\/","title":{"rendered":"Be\u015f Duyu ve \u00d6tesi"},"content":{"rendered":"<p>\u201cGer\u00e7eklik nedir \u2013 veya daha geni\u015f bir \u00e7er\u00e7eveden bakacak olursak, ya\u015f\u0131yor olmak ne anlama gelir? Bu soruyu nas\u0131l yan\u0131tlamaya \u00e7al\u0131\u015f\u0131rsak \u00e7al\u0131\u015fal\u0131m, en belagatli te\u015febb\u00fcslerimiz bile tuhaf, muhte\u015fem ve mucizevi var olma deneyimini tam olarak tarif etmekte yetersiz kal\u0131r. B\u00fct\u00fcn bu mucizenin tam orta yerinde de duyular\u0131m\u0131z yer al\u0131r. \u0130\u00e7 benliklerimiz ile d\u0131\u015f d\u00fcnya aras\u0131ndaki aray\u00fcz\u00fc duyular\u0131m\u0131z olu\u015fturur. B\u00fcy\u00fck sanat eserlerindeki ve do\u011fan\u0131n ihti\u015fam\u0131ndaki g\u00fczelli\u011fi alg\u0131lamam\u0131z\u0131 ve buz gibi bir i\u00e7ecekten ald\u0131\u011f\u0131m\u0131z yudumun, kahkaha seslerinin, sevgilimizin dokunu\u015funun tad\u0131na varmam\u0131z\u0131 onlar m\u00fcmk\u00fcn k\u0131lar. K\u0131sacas\u0131 duyular hayat\u0131 ya\u015fanmaya de\u011fer k\u0131lar.\u201d   Peki varl\u0131\u011f\u0131m\u0131z\u0131n bu kadar temel bir par\u00e7as\u0131 olan duyular\u0131m\u0131z\u0131n \u00f6nemini yeterince takdir ediyor muyuz? Biyolog Ashley Ward, d\u00fcnyaya dair alg\u0131m\u0131z\u0131 ilmek ilmek dokuyan duyular\u0131m\u0131z\u0131 ke\u015ffetmeye davet ediyor bizi. Nas\u0131l duyumsad\u0131\u011f\u0131m\u0131z\u0131n yan\u0131 s\u0131ra neden duyumsad\u0131\u011f\u0131m\u0131za ve her birimizin duyusal deneyimlerde birbirimizden \u2013ve di\u011fer baz\u0131 hayvanlardan\u2013 nas\u0131l farkl\u0131la\u015ft\u0131\u011f\u0131m\u0131za dair ilgin\u00e7 sorular\u0131n pe\u015fine d\u00fc\u015f\u00fcyor. Duyular\u0131m\u0131z\u0131n nas\u0131l daima esnek bir i\u015fbirli\u011fi i\u00e7inde oldu\u011funu ve beynimizin bir duyusal girdi \u00e7orbas\u0131n\u0131 nas\u0131l alg\u0131ya d\u00f6n\u00fc\u015ft\u00fcrd\u00fc\u011f\u00fcn\u00fc a\u00e7\u0131kl\u0131yor. Dahas\u0131, hepimizin a\u015fina oldu\u011fu be\u015f duyunun \u00f6tesinde, bizim i\u00e7in hayati \u00f6nem ta\u015f\u0131makla birlikte daha geri planda kalan \u2013denge, i\u00e7duyum ve \u00f6zduyum gibi\u2013 duyulara bak\u0131\u015f at\u0131yor.   Duyular\u0131m\u0131z\u0131n i\u015fleyi\u015fini biyolojiden psikolojiye ve k\u00fclt\u00fcrel boyutlara uzanan geni\u015f bir perspektiften ele alan Be\u015f Duyu ve \u00d6tesi\u2019ni, \u00f6znel ger\u00e7ekli\u011fimizin nas\u0131l kuruldu\u011funu merak eden herkesin keyifle okuyaca\u011f\u0131na inan\u0131yoruz.     YAZAR HAKKINDA: \u0130ngiltere\u2019nin kuzeyindeki Yorkshire\u2019da do\u011fup b\u00fcy\u00fcyen Ashley Ward, mezun oldu\u011fu Leeds \u00dcniversitesi\u2019nde sosyal davran\u0131\u015f alan\u0131nda doktora yapt\u0131. Doktora sonras\u0131 ara\u015ft\u0131rmalar\u0131n\u0131 Kanada\u2019daki Mount Allison \u00dcniversitesi ve \u0130ngiltere\u2019deki Leicester \u00dcniversitesi\u2019nde y\u00fcr\u00fcten Ward, daha sonra bir s\u00fcre Almanya\u2019da Humboldt \u00dcniversitesi ve Leibniz Enstit\u00fcs\u00fc\u2019nde k\u0131demli ara\u015ft\u0131rmac\u0131 olarak \u00e7al\u0131\u015ft\u0131. 2007\u2019den beri Avustralya\u2019daki Sydney \u00dcniversitesi\u2019nde hayvan davran\u0131\u015f\u0131 profes\u00f6r\u00fc olarak g\u00f6rev yapan Ward\u2019un bilimsel makaleleri PNAS, Biological Reviews ve Current Biology gibi dergilerde yay\u0131mland\u0131. 120\u2019ye yak\u0131n bilimsel makalesi bulunan yazar\u0131n Hayvanlar\u0131n Ak\u0131l Almaz Ya\u015fam\u0131: Sosyal Ya\u015fam Vah\u015fi D\u00fcnyay\u0131 Nas\u0131l De\u011fi\u015ftirdi? (2022; \u0130rene Kitap, 2023) adl\u0131 bir kitab\u0131 daha bulunuyor.<\/p>\n","protected":false},"excerpt":{"rendered":"<p>\u201cGer\u00e7eklik nedir \u2013 veya daha geni\u015f bir \u00e7er\u00e7eveden bakacak olursak, ya\u015f\u0131yor olmak ne anlama gelir? Bu soruyu nas\u0131l yan\u0131tlamaya \u00e7al\u0131\u015f\u0131rsak \u00e7al\u0131\u015fal\u0131m, en belagatli te\u015febb\u00fcslerimiz bile tuhaf,<span class=\"excerpt-hellip\"> [\u2026]<\/span><\/p>\n","protected":false},"featured_media":0,"template":"","meta":{"_monsterinsights_skip_tracking":false,"_monsterinsights_sitenote_active":false,"_monsterinsights_sitenote_note":"","_monsterinsights_sitenote_category":0},"product_brand":[],"product_cat":[12364,12376],"product_tag":[],"class_list":{"0":"post-785829","1":"product","2":"type-product","3":"status-publish","5":"product_cat-genel-konular","6":"product_cat-kisisel-gelisim","7":"pa_cilt-ciltsiz","8":"pa_tur-kitap","9":"pa_yayinevi-metis-yayinlari","10":"pa_yazar-ashley-ward","12":"first","13":"instock","14":"sale","15":"shipping-taxable","16":"purchasable","17":"product-type-simple"},"_links":{"self":[{"href":"https:\/\/roveyayinevi.com.tr\/index.php\/wp-json\/wp\/v2\/product\/785829","targetHints":{"allow":["GET"]}}],"collection":[{"href":"https:\/\/roveyayinevi.com.tr\/index.php\/wp-json\/wp\/v2\/product"}],"about":[{"href":"https:\/\/roveyayinevi.com.tr\/index.php\/wp-json\/wp\/v2\/types\/product"}],"wp:attachment":[{"href":"https:\/\/roveyayinevi.com.tr\/index.php\/wp-json\/wp\/v2\/media?parent=785829"}],"wp:term":[{"taxonomy":"product_brand","embeddable":true,"href":"https:\/\/roveyayinevi.com.tr\/index.php\/wp-json\/wp\/v2\/product_brand?post=785829"},{"taxonomy":"product_cat","embeddable":true,"href":"https:\/\/roveyayinevi.com.tr\/index.php\/wp-json\/wp\/v2\/product_cat?post=785829"},{"taxonomy":"product_tag","embeddable":true,"href":"https:\/\/roveyayinevi.com.tr\/index.php\/wp-json\/wp\/v2\/product_tag?post=785829"}],"curies":[{"name":"wp","href":"https:\/\/api.w.org\/{rel}","templated":true}]}}