{"id":785828,"date":"2026-04-11T03:50:11","date_gmt":"2026-04-11T00:50:11","guid":{"rendered":"https:\/\/roveyayinevi.com.tr\/index.php\/urun\/bir-kitap-mi-yoksa-bir-ucak-mi\/"},"modified":"2026-04-15T03:49:20","modified_gmt":"2026-04-15T00:49:20","slug":"bir-kitap-mi-yoksa-bir-ucak-mi","status":"publish","type":"product","link":"https:\/\/roveyayinevi.com.tr\/index.php\/urun\/bir-kitap-mi-yoksa-bir-ucak-mi\/","title":{"rendered":"Bir Kitap m\u0131 yoksa Bir U\u00e7ak m\u0131?"},"content":{"rendered":"<p>Bu bir kitap de\u011fil. Bu bir u\u00e7ak, bir dinozor&#8230; Asl\u0131nda daha fazlas\u0131! Maceraya hemen bal\u0131klama dal, sayfalarla oynayarak yeni d\u00fcnyalar yarat. Kitab\u0131 bir u\u00e7ak gibi u\u00e7ur, bir \u015fapka gibi tak, bir canavar maskesine d\u00f6n\u00fc\u015ft\u00fcr, bir dinozora \u00e7evir veya bir korsan gemisi gibi y\u00fczd\u00fcr! Bu kitapta hi\u00e7bir \u015fey s\u0131radan de\u011fil&#8230;<\/p>\n","protected":false},"excerpt":{"rendered":"<p>Bu bir kitap de\u011fil. Bu bir u\u00e7ak, bir dinozor&#8230; Asl\u0131nda daha fazlas\u0131! Maceraya hemen bal\u0131klama dal, sayfalarla oynayarak yeni d\u00fcnyalar yarat. Kitab\u0131 bir u\u00e7ak gibi u\u00e7ur,<span class=\"excerpt-hellip\"> [\u2026]<\/span><\/p>\n","protected":false},"featured_media":0,"template":"","meta":{"_monsterinsights_skip_tracking":false,"_monsterinsights_sitenote_active":false,"_monsterinsights_sitenote_note":"","_monsterinsights_sitenote_category":0},"product_brand":[],"product_cat":[12274,12518],"product_tag":[],"class_list":{"0":"post-785828","1":"product","2":"type-product","3":"status-publish","5":"product_cat-cocuk-ve-genclik-kitaplari","6":"product_cat-okul-oncesi-kitaplar","7":"pa_cilt-ciltli","8":"pa_tur-kitap","9":"pa_yayinevi-literatur-yayinevi","10":"pa_yazar-mike-henson","12":"first","13":"instock","14":"sale","15":"shipping-taxable","16":"purchasable","17":"product-type-simple"},"_links":{"self":[{"href":"https:\/\/roveyayinevi.com.tr\/index.php\/wp-json\/wp\/v2\/product\/785828","targetHints":{"allow":["GET"]}}],"collection":[{"href":"https:\/\/roveyayinevi.com.tr\/index.php\/wp-json\/wp\/v2\/product"}],"about":[{"href":"https:\/\/roveyayinevi.com.tr\/index.php\/wp-json\/wp\/v2\/types\/product"}],"wp:attachment":[{"href":"https:\/\/roveyayinevi.com.tr\/index.php\/wp-json\/wp\/v2\/media?parent=785828"}],"wp:term":[{"taxonomy":"product_brand","embeddable":true,"href":"https:\/\/roveyayinevi.com.tr\/index.php\/wp-json\/wp\/v2\/product_brand?post=785828"},{"taxonomy":"product_cat","embeddable":true,"href":"https:\/\/roveyayinevi.com.tr\/index.php\/wp-json\/wp\/v2\/product_cat?post=785828"},{"taxonomy":"product_tag","embeddable":true,"href":"https:\/\/roveyayinevi.com.tr\/index.php\/wp-json\/wp\/v2\/product_tag?post=785828"}],"curies":[{"name":"wp","href":"https:\/\/api.w.org\/{rel}","templated":true}]}}