{"id":785826,"date":"2026-04-11T03:50:06","date_gmt":"2026-04-11T00:50:06","guid":{"rendered":"https:\/\/roveyayinevi.com.tr\/index.php\/urun\/yaslan-bana-radikal-bakim-politikasi\/"},"modified":"2026-04-15T03:49:20","modified_gmt":"2026-04-15T00:49:20","slug":"yaslan-bana-radikal-bakim-politikasi","status":"publish","type":"product","link":"https:\/\/roveyayinevi.com.tr\/index.php\/urun\/yaslan-bana-radikal-bakim-politikasi\/","title":{"rendered":"Yaslan Bana &#8211; Radikal Bak\u0131m Politikas\u0131"},"content":{"rendered":"<p>Feminizm, kad\u0131nlar\u0131n kendi hik\u00e2yelerini anlarken ve anlat\u0131rken daima politik olan\u0131, d\u00fcnyan\u0131n gidi\u015fat\u0131n\u0131 sorunsalla\u015ft\u0131rmaktan geri durmad\u0131klar\u0131 bir eyleme haline tekab\u00fcl eder; g\u00fcc\u00fcn\u00fc ele\u015ftirisinin sahicili\u011finden ve daha iyi bir ya\u015fam\u0131 d\u00fc\u015flemekten vazge\u00e7meyen direncinden al\u0131r. Yaslan Bana, i\u015fte bu anlamda, bir feminist klasik. Lynne Segal bu kitapta, okura c\u00f6mert bir arma\u011fan sunarak, ortak tarihimizi anlamak i\u00e7in kendi ki\u015fisel tarihini ortaya seriyor: Yaslan Bana feministlerin analitik ve ele\u015ftirel kapasitesini her zaman vurgulad\u0131klar\u0131 ki\u015fisel bir anlat\u0131. Segal, kendi deneyimleriyle \u00f6r\u00fcl\u00fc bu kitapta, anneli\u011fe, e\u011fitime, ya\u015fl\u0131l\u0131\u011fa ve feminist harekete dair g\u00fc\u00e7l\u00fc bir tart\u0131\u015fma y\u00fcr\u00fct\u00fcyor. Merkezine bak\u0131m kavram\u0131n\u0131n yerle\u015ftirildi\u011fi bu politik tart\u0131\u015fma; iklim krizi, otoriter rejimlerin y\u00fckseli\u015fi, e\u011fitimin ara\u00e7salla\u015fmas\u0131, refah devletinin neoliberal politikalar kar\u015f\u0131s\u0131nda \u00e7\u00f6z\u00fcl\u00fc\u015f\u00fc ve bunun s\u0131n\u0131fsal e\u015fitsizlikleri nas\u0131l derinle\u015ftirdi\u011fi gibi ya\u015famlar\u0131m\u0131za dair bir\u00e7ok \u00f6nemli sorunu ku\u015fat\u0131yor. Bak\u0131m, Segal\u2019in politik tahayy\u00fcl\u00fcnde ortak k\u0131r\u0131lganl\u0131\u011f\u0131m\u0131za i\u015faret eden, hem birbirimize hem de do\u011faya ba\u011fl\u0131l\u0131\u011f\u0131m\u0131z\u0131 g\u00f6steren ya\u015famsal bir ko\u015ful olarak kavramsalla\u015ft\u0131r\u0131l\u0131yor. Tam da bu nedenle, bak\u0131m burada bak\u0131m eme\u011finin \u00f6tesine ge\u00e7en bir\u00e7ok farkl\u0131 anlam ediniyor ve \u00f6zen g\u00f6stermek, g\u00f6zetmek, dert edinmek, umursamak gibi eylemleri merkezine alan radikal bir politikan\u0131n kurucu unsuru haline geliyor. Segal\u2019in Yaslan Bana\u2019da bize iletti\u011fi mesaj \u015fu: Ya\u015famak bir t\u00fcr ba\u011flanmaksa \u015fayet, bu ancak birlikte m\u00fcmk\u00fcn!<\/p>\n","protected":false},"excerpt":{"rendered":"<p>Feminizm, kad\u0131nlar\u0131n kendi hik\u00e2yelerini anlarken ve anlat\u0131rken daima politik olan\u0131, d\u00fcnyan\u0131n gidi\u015fat\u0131n\u0131 sorunsalla\u015ft\u0131rmaktan geri durmad\u0131klar\u0131 bir eyleme haline tekab\u00fcl eder; g\u00fcc\u00fcn\u00fc ele\u015ftirisinin sahicili\u011finden ve daha iyi<span class=\"excerpt-hellip\"> [\u2026]<\/span><\/p>\n","protected":false},"featured_media":0,"template":"","meta":{"_monsterinsights_skip_tracking":false,"_monsterinsights_sitenote_active":false,"_monsterinsights_sitenote_note":"","_monsterinsights_sitenote_category":0},"product_brand":[],"product_cat":[14741,13488],"product_tag":[],"class_list":{"0":"post-785826","1":"product","2":"type-product","3":"status-publish","5":"product_cat-kadin-sorunlari-feminizm","6":"product_cat-toplum-ve-insan","7":"pa_cilt-ciltsiz","8":"pa_tur-kitap","9":"pa_yayinevi-livera-yayinevi","10":"pa_yazar-lynne-segal","12":"first","13":"instock","14":"sale","15":"shipping-taxable","16":"purchasable","17":"product-type-simple"},"_links":{"self":[{"href":"https:\/\/roveyayinevi.com.tr\/index.php\/wp-json\/wp\/v2\/product\/785826","targetHints":{"allow":["GET"]}}],"collection":[{"href":"https:\/\/roveyayinevi.com.tr\/index.php\/wp-json\/wp\/v2\/product"}],"about":[{"href":"https:\/\/roveyayinevi.com.tr\/index.php\/wp-json\/wp\/v2\/types\/product"}],"wp:attachment":[{"href":"https:\/\/roveyayinevi.com.tr\/index.php\/wp-json\/wp\/v2\/media?parent=785826"}],"wp:term":[{"taxonomy":"product_brand","embeddable":true,"href":"https:\/\/roveyayinevi.com.tr\/index.php\/wp-json\/wp\/v2\/product_brand?post=785826"},{"taxonomy":"product_cat","embeddable":true,"href":"https:\/\/roveyayinevi.com.tr\/index.php\/wp-json\/wp\/v2\/product_cat?post=785826"},{"taxonomy":"product_tag","embeddable":true,"href":"https:\/\/roveyayinevi.com.tr\/index.php\/wp-json\/wp\/v2\/product_tag?post=785826"}],"curies":[{"name":"wp","href":"https:\/\/api.w.org\/{rel}","templated":true}]}}