{"id":785825,"date":"2026-04-11T03:50:04","date_gmt":"2026-04-11T00:50:04","guid":{"rendered":"https:\/\/roveyayinevi.com.tr\/index.php\/urun\/etik-meselesi\/"},"modified":"2026-04-15T03:49:20","modified_gmt":"2026-04-15T00:49:20","slug":"etik-meselesi","status":"publish","type":"product","link":"https:\/\/roveyayinevi.com.tr\/index.php\/urun\/etik-meselesi\/","title":{"rendered":"Etik Meselesi"},"content":{"rendered":"<p>\u0130nsanl\u0131k ser\u00fcveni boyunca g\u00fcncelli\u011fini yitirmeyen temel sorunlardan ve fikir tarihinin \u00f6nemli tart\u0131\u015fma alanlar\u0131ndan birini olu\u015fturan \u201cetik\u201d, literat\u00fcrde geni\u015f yer tutan bir meseledir. Bu kitapta \u00f6zellikle iktisat disiplini \u00e7er\u00e7evesinde ele al\u0131n\u0131yor. Derlemede yer alan makalelerin oda\u011f\u0131n\u0131, iktisadi ahlak ve iktisadi ekoller ba\u011flam\u0131nda etik kavram\u0131n\u0131n ge\u00e7irdi\u011fi d\u00f6n\u00fc\u015f\u00fcm ve evrim olu\u015fturuyor. \u0130lk d\u00f6nem iktisat\u00e7\u0131lar\u0131n ayn\u0131 zamanda filozof olmalar\u0131 tesad\u00fcf de\u011fildir. \u0130ktisadi d\u00fc\u015f\u00fcnce bir disiplin olarak \u015fekillenirken, insan davran\u0131\u015f\u0131n\u0131 y\u00f6nlendiren de\u011ferlerle ili\u015fkisi de s\u00fcrekli sorguland\u0131. Piyasa, faiz, refah ve adalet gibi unsurlar\u0131n etik boyutu, iktisat teorisinin geli\u015fiminde rol oynad\u0131. Etik Meselesi: \u0130ktisadi Bir Perspektif, etik ile iktisat aras\u0131ndaki ili\u015fkiyi farkl\u0131 a\u00e7\u0131lardan ele al\u0131yor: Derlemede Aristoteles\u2019ten Zygmunt Bauman\u2019a, Thomas Aquinas\u2019tan Amartya Sen\u2019e d\u00fc\u015f\u00fcn\u00fcrlerin yakla\u015f\u0131mlar\u0131, Antik\u00e7a\u011f\u2019dan 2008 Global Finans Krizi\u2019ne etik tart\u0131\u015fmalar\u0131, gerek anaak\u0131m gerekse heterodoks ekollerin meseleyle ili\u015fkileri enine boyuna masaya yat\u0131r\u0131l\u0131yor. \u0130ktisat\u00e7\u0131lar, felsefe merakl\u0131lar\u0131 ve g\u00fcndelik hayatta etik \u00fczerine d\u00fc\u015f\u00fcnen okurlar i\u00e7in ufuk a\u00e7\u0131c\u0131 olabilecek bu kitap, etik meselesinin iktisadi bak\u0131mdan yeniden d\u00fc\u015f\u00fcn\u00fclmesi i\u00e7in g\u00fc\u00e7l\u00fc bir tart\u0131\u015fma zemini sunuyor.<\/p>\n","protected":false},"excerpt":{"rendered":"<p>\u0130nsanl\u0131k ser\u00fcveni boyunca g\u00fcncelli\u011fini yitirmeyen temel sorunlardan ve fikir tarihinin \u00f6nemli tart\u0131\u015fma alanlar\u0131ndan birini olu\u015fturan \u201cetik\u201d, literat\u00fcrde geni\u015f yer tutan bir meseledir. Bu kitapta \u00f6zellikle iktisat<span class=\"excerpt-hellip\"> [\u2026]<\/span><\/p>\n","protected":false},"featured_media":0,"template":"","meta":{"_monsterinsights_skip_tracking":false,"_monsterinsights_sitenote_active":false,"_monsterinsights_sitenote_note":"","_monsterinsights_sitenote_category":0},"product_brand":[],"product_cat":[13043,17647],"product_tag":[],"class_list":{"0":"post-785825","1":"product","2":"type-product","3":"status-publish","5":"product_cat-ekonomi","6":"product_cat-is-dunyasi","7":"pa_cilt-ciltsiz","8":"pa_tur-kitap","9":"pa_yayinevi-istanbul-bilgi-universitesi-yayinlari","10":"pa_yazar-kolektif","12":"first","13":"instock","14":"sale","15":"shipping-taxable","16":"purchasable","17":"product-type-simple"},"_links":{"self":[{"href":"https:\/\/roveyayinevi.com.tr\/index.php\/wp-json\/wp\/v2\/product\/785825","targetHints":{"allow":["GET"]}}],"collection":[{"href":"https:\/\/roveyayinevi.com.tr\/index.php\/wp-json\/wp\/v2\/product"}],"about":[{"href":"https:\/\/roveyayinevi.com.tr\/index.php\/wp-json\/wp\/v2\/types\/product"}],"wp:attachment":[{"href":"https:\/\/roveyayinevi.com.tr\/index.php\/wp-json\/wp\/v2\/media?parent=785825"}],"wp:term":[{"taxonomy":"product_brand","embeddable":true,"href":"https:\/\/roveyayinevi.com.tr\/index.php\/wp-json\/wp\/v2\/product_brand?post=785825"},{"taxonomy":"product_cat","embeddable":true,"href":"https:\/\/roveyayinevi.com.tr\/index.php\/wp-json\/wp\/v2\/product_cat?post=785825"},{"taxonomy":"product_tag","embeddable":true,"href":"https:\/\/roveyayinevi.com.tr\/index.php\/wp-json\/wp\/v2\/product_tag?post=785825"}],"curies":[{"name":"wp","href":"https:\/\/api.w.org\/{rel}","templated":true}]}}