{"id":785824,"date":"2026-04-11T03:50:03","date_gmt":"2026-04-11T00:50:03","guid":{"rendered":"https:\/\/roveyayinevi.com.tr\/index.php\/urun\/sosyal-veri-bilimi\/"},"modified":"2026-04-15T03:49:20","modified_gmt":"2026-04-15T00:49:20","slug":"sosyal-veri-bilimi","status":"publish","type":"product","link":"https:\/\/roveyayinevi.com.tr\/index.php\/urun\/sosyal-veri-bilimi\/","title":{"rendered":"Sosyal Veri Bilimi"},"content":{"rendered":"<p>Son y\u0131llarda h\u0131zla y\u00fckselen yeni bilim alanlar\u0131ndan sosyal veri bilimi (ya da hesaplamal\u0131 sosyal bilimler), sosyal bilimlerin klasik y\u00f6ntemlerini veri bilimi, yapay zek\u00e2, makine \u00f6\u011frenmesi, a\u011f analizi ve do\u011fal dil i\u015fleme gibi ara\u00e7larla birle\u015ftiren gen\u00e7 ve dinamik bir disiplin olarak ortaya \u00e7\u0131km\u0131\u015ft\u0131r. Toplumsal olgular\u0131 nicel veriler, sim\u00fclasyonlar ve dijital izler \u00fczerinden yeniden de\u011ferlendirme olana\u011f\u0131 sunarak sosyal bilimlere hem y\u00f6ntemsel hem de kuramsal olarak yeni ufuklar a\u00e7maktad\u0131r. Elinizdeki kitap, bu d\u00f6n\u00fc\u015f\u00fcm\u00fc T\u00fcrkiye ba\u011flam\u0131nda ele alan ve T\u00fcrk\u00e7e literat\u00fcrde alan\u0131n \u00f6nc\u00fc \u00f6rneklerinden biri olma niteli\u011fi ta\u015f\u0131yan kapsaml\u0131 bir \u00e7al\u0131\u015fmad\u0131r. Kitap, sosyal medya verilerinden kamuoyu analizlerine, b\u00fcy\u00fck dil modelleriyle siyasal s\u00f6ylem incelemelerinden g\u00f6\u00e7 ve \u00e7at\u0131\u015fma ara\u015ft\u0131rmalar\u0131na kadar geni\u015f bir yelpazede y\u00f6ntemsel \u00f6rnekler sunmaktad\u0131r. B\u00f6ylece yaln\u0131zca teknik y\u00f6ntemlerin tan\u0131t\u0131m\u0131yla s\u0131n\u0131rl\u0131 kalmaz; sosyal bilimlerin temel sorular\u0131n\u0131 veri destekli yakla\u015f\u0131mlarla yeniden d\u00fc\u015f\u00fcnmenin yollar\u0131n\u0131 da g\u00f6sterir. T\u00fcrkiye\u2019de alan\u0131n \u00f6nde gelen ara\u015ft\u0131rmac\u0131lar\u0131n\u0131n katk\u0131lar\u0131yla haz\u0131rlanan derleme eser Sosyal Veri Bilimi, hesaplamal\u0131 sosyal bilimlerin \u00fclkedeki geli\u015fimine \u0131\u015f\u0131k tutarken, T\u00fcrk\u00e7e okur i\u00e7in de yeni bir bilim alan\u0131n\u0131n temel ba\u015fvuru kayna\u011f\u0131 olmay\u0131 hedefliyor.<\/p>\n","protected":false},"excerpt":{"rendered":"<p>Son y\u0131llarda h\u0131zla y\u00fckselen yeni bilim alanlar\u0131ndan sosyal veri bilimi (ya da hesaplamal\u0131 sosyal bilimler), sosyal bilimlerin klasik y\u00f6ntemlerini veri bilimi, yapay zek\u00e2, makine \u00f6\u011frenmesi, a\u011f<span class=\"excerpt-hellip\"> [\u2026]<\/span><\/p>\n","protected":false},"featured_media":0,"template":"","meta":{"_monsterinsights_skip_tracking":false,"_monsterinsights_sitenote_active":false,"_monsterinsights_sitenote_note":"","_monsterinsights_sitenote_category":0},"product_brand":[],"product_cat":[13005,40995],"product_tag":[],"class_list":{"0":"post-785824","1":"product","2":"type-product","3":"status-publish","5":"product_cat-bilim-muhendislik","6":"product_cat-sosyal-bilimler","7":"pa_cilt-ciltsiz","8":"pa_tur-kitap","9":"pa_yayinevi-istanbul-bilgi-universitesi-yayinlari","10":"pa_yazar-kolektif","12":"first","13":"instock","14":"sale","15":"shipping-taxable","16":"purchasable","17":"product-type-simple"},"_links":{"self":[{"href":"https:\/\/roveyayinevi.com.tr\/index.php\/wp-json\/wp\/v2\/product\/785824","targetHints":{"allow":["GET"]}}],"collection":[{"href":"https:\/\/roveyayinevi.com.tr\/index.php\/wp-json\/wp\/v2\/product"}],"about":[{"href":"https:\/\/roveyayinevi.com.tr\/index.php\/wp-json\/wp\/v2\/types\/product"}],"wp:attachment":[{"href":"https:\/\/roveyayinevi.com.tr\/index.php\/wp-json\/wp\/v2\/media?parent=785824"}],"wp:term":[{"taxonomy":"product_brand","embeddable":true,"href":"https:\/\/roveyayinevi.com.tr\/index.php\/wp-json\/wp\/v2\/product_brand?post=785824"},{"taxonomy":"product_cat","embeddable":true,"href":"https:\/\/roveyayinevi.com.tr\/index.php\/wp-json\/wp\/v2\/product_cat?post=785824"},{"taxonomy":"product_tag","embeddable":true,"href":"https:\/\/roveyayinevi.com.tr\/index.php\/wp-json\/wp\/v2\/product_tag?post=785824"}],"curies":[{"name":"wp","href":"https:\/\/api.w.org\/{rel}","templated":true}]}}