{"id":785823,"date":"2026-04-11T03:50:00","date_gmt":"2026-04-11T00:50:00","guid":{"rendered":"https:\/\/roveyayinevi.com.tr\/index.php\/urun\/okuma-sanati\/"},"modified":"2026-04-15T03:49:20","modified_gmt":"2026-04-15T00:49:20","slug":"okuma-sanati","status":"publish","type":"product","link":"https:\/\/roveyayinevi.com.tr\/index.php\/urun\/okuma-sanati\/","title":{"rendered":"Okuma Sanat\u0131"},"content":{"rendered":"<p>Haydi gel, do\u011fruyu yanl\u0131\u015ftan \u015eIP diye ay\u0131rabildi\u011fimiz, k\u00f6t\u00fcn\u00fcn iyiden fark\u0131n\u0131 \u015eAK diye g\u00f6rebildi\u011fimiz bir d\u00fcnya hayal edelim&#8230; \u0130nan zor de\u011fil. Ele\u015ftirel okuma ve ele\u015ftirel d\u00fc\u015f\u00fcnme ile bu m\u00fcmk\u00fcn. Yapmam\u0131z gereken tek \u015fey var: Beynimizi kullanmak. (\u00dcstelik bedava.) Ama tabii beynimizi nas\u0131l kullanaca\u011f\u0131m\u0131z\u0131 \u00f6\u011frenmemiz gerekiyor. Bu da ele\u015ftirel okuma ve ele\u015ftirel d\u00fc\u015f\u00fcnmeyle m\u00fcmk\u00fcn. Kar\u015f\u0131m\u0131za \u00e7\u0131kan her \u015feyi analitik ve sorgulay\u0131c\u0131 bir \u015fekilde okuyabilmekle&#8230; \u0130\u015fte bu kitap sana ele\u015ftirel okuma ve d\u00fc\u015f\u00fcnmenin yollar\u0131n\u0131 g\u00f6steriyor. Gizemler \u00e7\u00f6z\u00fcls\u00fcn, ger\u00e7ekler ortaya \u00e7\u0131ks\u0131n\u2026 O zaman g\u00f6r, d\u00fcnya nas\u0131l da g\u00fczelle\u015fiyor.<\/p>\n","protected":false},"excerpt":{"rendered":"<p>Haydi gel, do\u011fruyu yanl\u0131\u015ftan \u015eIP diye ay\u0131rabildi\u011fimiz, k\u00f6t\u00fcn\u00fcn iyiden fark\u0131n\u0131 \u015eAK diye g\u00f6rebildi\u011fimiz bir d\u00fcnya hayal edelim&#8230; \u0130nan zor de\u011fil. Ele\u015ftirel okuma ve ele\u015ftirel d\u00fc\u015f\u00fcnme ile<span class=\"excerpt-hellip\"> [\u2026]<\/span><\/p>\n","protected":false},"featured_media":0,"template":"","meta":{"_monsterinsights_skip_tracking":false,"_monsterinsights_sitenote_active":false,"_monsterinsights_sitenote_note":"","_monsterinsights_sitenote_category":0},"product_brand":[],"product_cat":[12274,15842],"product_tag":[],"class_list":{"0":"post-785823","1":"product","2":"type-product","3":"status-publish","5":"product_cat-cocuk-ve-genclik-kitaplari","6":"product_cat-egitici-kitaplar","7":"pa_cilt-ciltsiz","8":"pa_tur-kitap","9":"pa_yayinevi-dogan-cocuk","10":"pa_yazar-toprak-isik-seher-cesur-kilicaslan","12":"first","13":"instock","14":"sale","15":"shipping-taxable","16":"purchasable","17":"product-type-simple"},"_links":{"self":[{"href":"https:\/\/roveyayinevi.com.tr\/index.php\/wp-json\/wp\/v2\/product\/785823","targetHints":{"allow":["GET"]}}],"collection":[{"href":"https:\/\/roveyayinevi.com.tr\/index.php\/wp-json\/wp\/v2\/product"}],"about":[{"href":"https:\/\/roveyayinevi.com.tr\/index.php\/wp-json\/wp\/v2\/types\/product"}],"wp:attachment":[{"href":"https:\/\/roveyayinevi.com.tr\/index.php\/wp-json\/wp\/v2\/media?parent=785823"}],"wp:term":[{"taxonomy":"product_brand","embeddable":true,"href":"https:\/\/roveyayinevi.com.tr\/index.php\/wp-json\/wp\/v2\/product_brand?post=785823"},{"taxonomy":"product_cat","embeddable":true,"href":"https:\/\/roveyayinevi.com.tr\/index.php\/wp-json\/wp\/v2\/product_cat?post=785823"},{"taxonomy":"product_tag","embeddable":true,"href":"https:\/\/roveyayinevi.com.tr\/index.php\/wp-json\/wp\/v2\/product_tag?post=785823"}],"curies":[{"name":"wp","href":"https:\/\/api.w.org\/{rel}","templated":true}]}}