{"id":785822,"date":"2026-04-11T03:49:58","date_gmt":"2026-04-11T00:49:58","guid":{"rendered":"https:\/\/roveyayinevi.com.tr\/index.php\/urun\/kaguya-sama-ask-savastir-7\/"},"modified":"2026-04-15T03:49:20","modified_gmt":"2026-04-15T00:49:20","slug":"kaguya-sama-ask-savastir-7","status":"publish","type":"product","link":"https:\/\/roveyayinevi.com.tr\/index.php\/urun\/kaguya-sama-ask-savastir-7\/","title":{"rendered":"Kaguya-Sama \u2013 A\u015fk Sava\u015ft\u0131r 7"},"content":{"rendered":"<p>Elit \u00f6\u011frencilerin topland\u0131\u011f\u0131 Su\u00e7iin Akademisi \u00f6\u011frenci kurulunda tan\u0131\u015fan iki gen\u00e7! Ba\u015fkan Miyuki \u015eirogane ve ba\u015fkan yard\u0131mc\u0131s\u0131 Kaguya \u015einomiya&#8230;Birbirlerine kar\u015f\u0131l\u0131kl\u0131 hisler besleyen bu iki d\u00e2hinin, kar\u015f\u0131 taraf\u0131 kendine \u00e2\u015f\u0131k ettirmek ve ondan \u00e7\u0131kma teklifi almak i\u00e7in b\u00fct\u00fcn g\u00fcn tuzaklar kurdu\u011fu, son zamanlar\u0131n en sansasyonel romantik komedisi!Yedinci ciltte yeni bir a\u015famaya ge\u00e7iliyor! 67. \u00d6\u011frenci Kurulu tasfiye edildi\u011fi i\u00e7in Kaguya-Sama ve \u015eirogane bir s\u00fcre uzak kal\u0131rlar. Gelecek d\u00f6nem \u00f6\u011frenci kurulu se\u00e7imlerinde aday olmaya kararl\u0131 \u015eirogane, Kaguya-Sama\u2019dan destek a\u00e7\u0131klamas\u0131 yapmas\u0131n\u0131 isterken sanki a\u015fk\u0131n\u0131 itiraf ediyormu\u015f gibi bir hava verir! Her zamanki gibi ak\u0131l sava\u015f\u0131 vermeye devam eden \u015eirogane\u2019nin kar\u015f\u0131s\u0131na birinci s\u0131n\u0131flardan bir \u201cd\u00e2hi,\u201d Miko \u0130no \u00e7\u0131k\u0131verir!68. \u00d6\u011frenci Kurulu se\u00e7imleri t\u00fcm ayr\u0131nt\u0131lar\u0131yla kar\u015f\u0131n\u0131zda!Elit \u00f6\u011frencilerin topland\u0131\u011f\u0131 Su\u00e7iin Akademisi \u00f6\u011frenci kurulunda tan\u0131\u015fan iki gen\u00e7! Ba\u015fkan Miyuki \u015eirogane ve ba\u015fkan yard\u0131mc\u0131s\u0131 Kaguya \u015einomiya&#8230;Birbirlerine kar\u015f\u0131l\u0131kl\u0131 hisler besleyen bu iki d\u00e2hinin, kar\u015f\u0131 taraf\u0131 kendine \u00e2\u015f\u0131k ettirmek ve ondan \u00e7\u0131kma teklifi almak i\u00e7in b\u00fct\u00fcn g\u00fcn tuzaklar kurdu\u011fu, son zamanlar\u0131n en sansasyonel romantik komedisi!Yedinci ciltte yeni bir a\u015famaya ge\u00e7iliyor! 67. \u00d6\u011frenci Kurulu tasfiye edildi\u011fi i\u00e7in Kaguya-Sama ve \u015eirogane bir s\u00fcre uzak kal\u0131rlar. Gelecek d\u00f6nem \u00f6\u011frenci kurulu se\u00e7imlerinde aday olmaya kararl\u0131 \u015eirogane, Kaguya-Sama\u2019dan destek a\u00e7\u0131klamas\u0131 yapmas\u0131n\u0131 isterken sanki a\u015fk\u0131n\u0131 itiraf ediyormu\u015f gibi bir hava verir! Her zamanki gibi ak\u0131l sava\u015f\u0131 vermeye devam eden \u015eirogane\u2019nin kar\u015f\u0131s\u0131na birinci s\u0131n\u0131flardan bir \u201cd\u00e2hi,\u201d Miko \u0130no \u00e7\u0131k\u0131verir!68. \u00d6\u011frenci Kurulu se\u00e7imleri t\u00fcm ayr\u0131nt\u0131lar\u0131yla kar\u015f\u0131n\u0131zda!<\/p>\n","protected":false},"excerpt":{"rendered":"<p>Elit \u00f6\u011frencilerin topland\u0131\u011f\u0131 Su\u00e7iin Akademisi \u00f6\u011frenci kurulunda tan\u0131\u015fan iki gen\u00e7! Ba\u015fkan Miyuki \u015eirogane ve ba\u015fkan yard\u0131mc\u0131s\u0131 Kaguya \u015einomiya&#8230;Birbirlerine kar\u015f\u0131l\u0131kl\u0131 hisler besleyen bu iki d\u00e2hinin, kar\u015f\u0131 taraf\u0131<span class=\"excerpt-hellip\"> [\u2026]<\/span><\/p>\n","protected":false},"featured_media":0,"template":"","meta":{"_monsterinsights_skip_tracking":false,"_monsterinsights_sitenote_active":false,"_monsterinsights_sitenote_note":"","_monsterinsights_sitenote_category":0},"product_brand":[],"product_cat":[12416,12291],"product_tag":[],"class_list":{"0":"post-785822","1":"product","2":"type-product","3":"status-publish","5":"product_cat-cizgi-roman","6":"product_cat-edebiyat","7":"pa_cilt-ciltsiz","8":"pa_tur-kitap","9":"pa_yayinevi-akil-celen-kitaplar","10":"pa_yazar-aka-akasaka","12":"first","13":"instock","14":"sale","15":"shipping-taxable","16":"purchasable","17":"product-type-simple"},"_links":{"self":[{"href":"https:\/\/roveyayinevi.com.tr\/index.php\/wp-json\/wp\/v2\/product\/785822","targetHints":{"allow":["GET"]}}],"collection":[{"href":"https:\/\/roveyayinevi.com.tr\/index.php\/wp-json\/wp\/v2\/product"}],"about":[{"href":"https:\/\/roveyayinevi.com.tr\/index.php\/wp-json\/wp\/v2\/types\/product"}],"wp:attachment":[{"href":"https:\/\/roveyayinevi.com.tr\/index.php\/wp-json\/wp\/v2\/media?parent=785822"}],"wp:term":[{"taxonomy":"product_brand","embeddable":true,"href":"https:\/\/roveyayinevi.com.tr\/index.php\/wp-json\/wp\/v2\/product_brand?post=785822"},{"taxonomy":"product_cat","embeddable":true,"href":"https:\/\/roveyayinevi.com.tr\/index.php\/wp-json\/wp\/v2\/product_cat?post=785822"},{"taxonomy":"product_tag","embeddable":true,"href":"https:\/\/roveyayinevi.com.tr\/index.php\/wp-json\/wp\/v2\/product_tag?post=785822"}],"curies":[{"name":"wp","href":"https:\/\/api.w.org\/{rel}","templated":true}]}}