{"id":785821,"date":"2026-04-11T03:49:56","date_gmt":"2026-04-11T00:49:56","guid":{"rendered":"https:\/\/roveyayinevi.com.tr\/index.php\/urun\/sair-imparatorice\/"},"modified":"2026-04-15T03:49:20","modified_gmt":"2026-04-15T00:49:20","slug":"sair-imparatorice","status":"publish","type":"product","link":"https:\/\/roveyayinevi.com.tr\/index.php\/urun\/sair-imparatorice\/","title":{"rendered":"\u015eair \u0130mparatori\u00e7e"},"content":{"rendered":"<p>\u201cAZ\u0130ML\u0130 VE KARARLI B\u0130R KADININ G\u00dcC\u00dcN\u00dc K\u0130MSE HAF\u0130FE ALMASIN! HANEDANLAR B\u0130LE\u2026\u201dA\u00e7elya Hanedanl\u0131\u011f\u0131\u2019n\u0131n taht\u0131na oturmak ve tac\u0131 almak i\u00e7in be\u015f prens yar\u0131\u015f\u0131yor.Tahta ge\u00e7ecek olan kabiliyetli prens Maro mu, zalim prens Terren mi yoksa bolluk ve bereketin habercisi olan Isan m\u0131?Belki de k\u00fc\u00e7\u00fck prensler Kiran ve Ruyi\u2019dir.Peki ya s\u0131radan bir k\u00f6yl\u00fc k\u0131z\u0131 saray entrikalar\u0131n\u0131n \u00fcstesinden gelip imparatori\u00e7e olabilir mi? B\u00fcy\u00fc, sihir, \u015fiir ve k\u0131l\u0131c\u0131n amans\u0131z m\u00fccadelesi hi\u00e7 b\u00f6yle anlat\u0131lmam\u0131\u015ft\u0131.Shen Tao\u2019nun kalemi, masallar diyar\u0131ndan bir maceray\u0131, ak\u0131l almaz bir ger\u00e7eklikle bulu\u015fturuyor.\u015eair \u0130mparatori\u00e7e\u2019de ger\u00e7ek d\u00fcnya ve fantastik evren ayn\u0131 sat\u0131rlarda hayat buluyor.<\/p>\n","protected":false},"excerpt":{"rendered":"<p>\u201cAZ\u0130ML\u0130 VE KARARLI B\u0130R KADININ G\u00dcC\u00dcN\u00dc K\u0130MSE HAF\u0130FE ALMASIN! HANEDANLAR B\u0130LE\u2026\u201dA\u00e7elya Hanedanl\u0131\u011f\u0131\u2019n\u0131n taht\u0131na oturmak ve tac\u0131 almak i\u00e7in be\u015f prens yar\u0131\u015f\u0131yor.Tahta ge\u00e7ecek olan kabiliyetli prens Maro<span class=\"excerpt-hellip\"> [\u2026]<\/span><\/p>\n","protected":false},"featured_media":0,"template":"","meta":{"_monsterinsights_skip_tracking":false,"_monsterinsights_sitenote_active":false,"_monsterinsights_sitenote_note":"","_monsterinsights_sitenote_category":0},"product_brand":[],"product_cat":[12291,14777],"product_tag":[],"class_list":{"0":"post-785821","1":"product","2":"type-product","3":"status-publish","5":"product_cat-edebiyat","6":"product_cat-fantastik","7":"pa_cilt-ciltsiz","8":"pa_tur-kitap","9":"pa_yayinevi-athica-yayinlari","10":"pa_yazar-shen-tao","12":"first","13":"instock","14":"sale","15":"shipping-taxable","16":"purchasable","17":"product-type-simple"},"_links":{"self":[{"href":"https:\/\/roveyayinevi.com.tr\/index.php\/wp-json\/wp\/v2\/product\/785821","targetHints":{"allow":["GET"]}}],"collection":[{"href":"https:\/\/roveyayinevi.com.tr\/index.php\/wp-json\/wp\/v2\/product"}],"about":[{"href":"https:\/\/roveyayinevi.com.tr\/index.php\/wp-json\/wp\/v2\/types\/product"}],"wp:attachment":[{"href":"https:\/\/roveyayinevi.com.tr\/index.php\/wp-json\/wp\/v2\/media?parent=785821"}],"wp:term":[{"taxonomy":"product_brand","embeddable":true,"href":"https:\/\/roveyayinevi.com.tr\/index.php\/wp-json\/wp\/v2\/product_brand?post=785821"},{"taxonomy":"product_cat","embeddable":true,"href":"https:\/\/roveyayinevi.com.tr\/index.php\/wp-json\/wp\/v2\/product_cat?post=785821"},{"taxonomy":"product_tag","embeddable":true,"href":"https:\/\/roveyayinevi.com.tr\/index.php\/wp-json\/wp\/v2\/product_tag?post=785821"}],"curies":[{"name":"wp","href":"https:\/\/api.w.org\/{rel}","templated":true}]}}