{"id":785819,"date":"2026-04-11T03:49:52","date_gmt":"2026-04-11T00:49:52","guid":{"rendered":"https:\/\/roveyayinevi.com.tr\/index.php\/urun\/sakamoto-days-sakamoto-gunleri-5\/"},"modified":"2026-04-15T03:49:20","modified_gmt":"2026-04-15T00:49:20","slug":"sakamoto-days-sakamoto-gunleri-5","status":"publish","type":"product","link":"https:\/\/roveyayinevi.com.tr\/index.php\/urun\/sakamoto-days-sakamoto-gunleri-5\/","title":{"rendered":"Sakamoto Days &#8211; Sakamoto G\u00fcnleri  5"},"content":{"rendered":"<p>\u201c\u0130\u015fini \u015fansa b\u0131rakan \u00f6l\u00fcr&#8230;&#8221; Sakamoto Market ve \u00c7in mafyas\u0131ndan Wutang aras\u0131nda \u00e7eki\u015fmeli bir kumarhane sava\u015f\u0131 ba\u015flar! Hem Lu&#8217;yu koruyup, hem de \u00f6d\u00fclleri olan bilgiyi alabilecekler midir? Bir di\u011fer tarafta ise ac\u0131mas\u0131z ve korku salan bir grup suikast\u00e7\u0131, denizleri a\u015fm\u0131\u015f ve Sakamoto&#8217;ya do\u011fru yakla\u015fmaktad\u0131r!<\/p>\n","protected":false},"excerpt":{"rendered":"<p>\u201c\u0130\u015fini \u015fansa b\u0131rakan \u00f6l\u00fcr&#8230;&#8221; Sakamoto Market ve \u00c7in mafyas\u0131ndan Wutang aras\u0131nda \u00e7eki\u015fmeli bir kumarhane sava\u015f\u0131 ba\u015flar! Hem Lu&#8217;yu koruyup, hem de \u00f6d\u00fclleri olan bilgiyi alabilecekler midir?<span class=\"excerpt-hellip\"> [\u2026]<\/span><\/p>\n","protected":false},"featured_media":0,"template":"","meta":{"_monsterinsights_skip_tracking":false,"_monsterinsights_sitenote_active":false,"_monsterinsights_sitenote_note":"","_monsterinsights_sitenote_category":0},"product_brand":[],"product_cat":[12416,12291],"product_tag":[],"class_list":{"0":"post-785819","1":"product","2":"type-product","3":"status-publish","5":"product_cat-cizgi-roman","6":"product_cat-edebiyat","7":"pa_cilt-ciltsiz","8":"pa_tur-kitap","9":"pa_yayinevi-kurukafa","10":"pa_yazar-yuto-suzuki","12":"first","13":"instock","14":"sale","15":"shipping-taxable","16":"purchasable","17":"product-type-simple"},"_links":{"self":[{"href":"https:\/\/roveyayinevi.com.tr\/index.php\/wp-json\/wp\/v2\/product\/785819","targetHints":{"allow":["GET"]}}],"collection":[{"href":"https:\/\/roveyayinevi.com.tr\/index.php\/wp-json\/wp\/v2\/product"}],"about":[{"href":"https:\/\/roveyayinevi.com.tr\/index.php\/wp-json\/wp\/v2\/types\/product"}],"wp:attachment":[{"href":"https:\/\/roveyayinevi.com.tr\/index.php\/wp-json\/wp\/v2\/media?parent=785819"}],"wp:term":[{"taxonomy":"product_brand","embeddable":true,"href":"https:\/\/roveyayinevi.com.tr\/index.php\/wp-json\/wp\/v2\/product_brand?post=785819"},{"taxonomy":"product_cat","embeddable":true,"href":"https:\/\/roveyayinevi.com.tr\/index.php\/wp-json\/wp\/v2\/product_cat?post=785819"},{"taxonomy":"product_tag","embeddable":true,"href":"https:\/\/roveyayinevi.com.tr\/index.php\/wp-json\/wp\/v2\/product_tag?post=785819"}],"curies":[{"name":"wp","href":"https:\/\/api.w.org\/{rel}","templated":true}]}}