{"id":785812,"date":"2026-04-11T03:49:39","date_gmt":"2026-04-11T00:49:39","guid":{"rendered":"https:\/\/roveyayinevi.com.tr\/index.php\/urun\/kafes-7\/"},"modified":"2026-04-15T03:49:20","modified_gmt":"2026-04-15T00:49:20","slug":"kafes-7","status":"publish","type":"product","link":"https:\/\/roveyayinevi.com.tr\/index.php\/urun\/kafes-7\/","title":{"rendered":"Kafes"},"content":{"rendered":"<p>Ayn\u0131 bah\u00e7e i\u00e7inde y\u00fckselen be\u015f villa -Leylek, Mart\u0131, Kumru, Ser\u00e7e ve Saka- g\u00f6ky\u00fcz\u00fcn\u00fc \u00e7a\u011fr\u0131\u015ft\u0131ran isimler ta\u015f\u0131r; ama bu isimlerin alt\u0131nda, kimsenin ger\u00e7ekten \u00f6zg\u00fcr olamad\u0131\u011f\u0131 hayatlar sakl\u0131d\u0131r. Bir bah\u00e7enin, tek evin \u00e7ocuklar\u0131 b\u00fcy\u00fcr. Herkes kendi kanatlar\u0131yla u\u00e7maya haz\u0131rd\u0131r. Ama kimse gidemez. Kimse u\u00e7amaz. Burada kurulan hayallerin sesi bile g\u00fcr\u00fclt\u00fc kopar\u0131r.G\u00fcn\u00fcn birinde, y\u0131llarca bast\u0131r\u0131lm\u0131\u015f k\u0131r\u0131lganl\u0131k bir ses bulur; i\u00e7lerinden biri terapiye ba\u015flar, ard\u0131ndan di\u011ferleri\u2026 Bunca zaman dile gelmeyenler, ilk kez bir yabanc\u0131n\u0131n odas\u0131nda yank\u0131lan\u0131rken, kilitli kalm\u0131\u015f kelimeler birer birer a\u00e7\u0131\u011fa \u00e7\u0131kar ve aile yava\u015f yava\u015f kendi karanl\u0131\u011f\u0131yla y\u00fczle\u015fir. Kafes, suskunlukla \u00f6r\u00fclm\u00fc\u015f ba\u011flar\u0131n, g\u00f6r\u00fcnmeyen s\u0131n\u0131rlar\u0131n ve \u00f6zg\u00fcrl\u00fc\u011fe duyulan derin \u00f6zlemin hik\u00e2yesi olarak, kimi zaman bir terapi odas\u0131nda, kimi zaman bir villan\u0131n duvarlar\u0131 aras\u0131nda dola\u015f\u0131r ve okuru tek bir soruyla ba\u015f ba\u015fa b\u0131rak\u0131r: Ger\u00e7ekten \u00f6zg\u00fcr m\u00fcy\u00fcz, yoksa yaln\u0131zca kafesimize mi al\u0131\u015ft\u0131k?<\/p>\n","protected":false},"excerpt":{"rendered":"<p>Ayn\u0131 bah\u00e7e i\u00e7inde y\u00fckselen be\u015f villa -Leylek, Mart\u0131, Kumru, Ser\u00e7e ve Saka- g\u00f6ky\u00fcz\u00fcn\u00fc \u00e7a\u011fr\u0131\u015ft\u0131ran isimler ta\u015f\u0131r; ama bu isimlerin alt\u0131nda, kimsenin ger\u00e7ekten \u00f6zg\u00fcr olamad\u0131\u011f\u0131 hayatlar sakl\u0131d\u0131r.<span class=\"excerpt-hellip\"> [\u2026]<\/span><\/p>\n","protected":false},"featured_media":0,"template":"","meta":{"_monsterinsights_skip_tracking":false,"_monsterinsights_sitenote_active":false,"_monsterinsights_sitenote_note":"","_monsterinsights_sitenote_category":0},"product_brand":[],"product_cat":[12291,12711],"product_tag":[],"class_list":{"0":"post-785812","1":"product","2":"type-product","3":"status-publish","5":"product_cat-edebiyat","6":"product_cat-roman-oyku","7":"pa_cilt-ciltsiz","8":"pa_tur-kitap","9":"pa_yayinevi-profil-kitap","10":"pa_yazar-kubra-erten","12":"first","13":"instock","14":"sale","15":"shipping-taxable","16":"purchasable","17":"product-type-simple"},"_links":{"self":[{"href":"https:\/\/roveyayinevi.com.tr\/index.php\/wp-json\/wp\/v2\/product\/785812","targetHints":{"allow":["GET"]}}],"collection":[{"href":"https:\/\/roveyayinevi.com.tr\/index.php\/wp-json\/wp\/v2\/product"}],"about":[{"href":"https:\/\/roveyayinevi.com.tr\/index.php\/wp-json\/wp\/v2\/types\/product"}],"wp:attachment":[{"href":"https:\/\/roveyayinevi.com.tr\/index.php\/wp-json\/wp\/v2\/media?parent=785812"}],"wp:term":[{"taxonomy":"product_brand","embeddable":true,"href":"https:\/\/roveyayinevi.com.tr\/index.php\/wp-json\/wp\/v2\/product_brand?post=785812"},{"taxonomy":"product_cat","embeddable":true,"href":"https:\/\/roveyayinevi.com.tr\/index.php\/wp-json\/wp\/v2\/product_cat?post=785812"},{"taxonomy":"product_tag","embeddable":true,"href":"https:\/\/roveyayinevi.com.tr\/index.php\/wp-json\/wp\/v2\/product_tag?post=785812"}],"curies":[{"name":"wp","href":"https:\/\/api.w.org\/{rel}","templated":true}]}}