{"id":785808,"date":"2026-04-11T03:49:29","date_gmt":"2026-04-11T00:49:29","guid":{"rendered":"https:\/\/roveyayinevi.com.tr\/index.php\/urun\/datapanlar-zaman-seyyahlari-2\/"},"modified":"2026-04-15T03:48:55","modified_gmt":"2026-04-15T00:48:55","slug":"datapanlar-zaman-seyyahlari-2","status":"publish","type":"product","link":"https:\/\/roveyayinevi.com.tr\/index.php\/urun\/datapanlar-zaman-seyyahlari-2\/","title":{"rendered":"Datapanlar &#8211; Zaman Seyyahlar\u0131 2"},"content":{"rendered":"<p>Gelece\u011fin tohumlar\u0131 ge\u00e7mi\u015fe k\u00f6k salarken Nizam\u00fclm\u00fclk\u2019\u00fcn zamanlar aras\u0131 emanetini alan bir grup gen\u00e7, kendilerini Kud\u00fcs\u2019ten gelece\u011fin Ay Kolonisi\u2019ne uzanan b\u00fcy\u00fck bir m\u00fccadelenin ortas\u0131nda bulur.Serinin ikinci kitab\u0131nda Nazif ve ablas\u0131, emanet kutuyu Nizamiye Medresesine geri g\u00f6t\u00fcrmek i\u00e7in zamanla yar\u0131\u015fmakta. Pe\u015flerinde ise Laguna ve YED\u2019in adamlar\u0131 var. Karanl\u0131k Nizamiye\u2019de \u015f\u00fcphe tohumlar\u0131 at\u0131l\u0131rken kader, her ad\u0131mda yeni bir bilmece \u00e7\u0131kar\u0131yor kar\u015f\u0131lar\u0131na: \u0130hanet mi, dostluk mu? Hakikat mi, ill\u00fczyon mu? Nazif bir se\u00e7im yapmak zorunda. Melike ve \u00c2dem ise Yerdelen \u00c7ocukhanesinden ka\u00e7arken arkada\u015flar\u0131n\u0131n izi onlar\u0131 Laguna\u2019n\u0131n tuza\u011f\u0131na s\u00fcr\u00fcklemekte&#8230; Datapanlar, iki farkl\u0131 d\u00fcnyan\u0131n ayn\u0131 dava i\u00e7in birle\u015fti\u011fi bir yolculu\u011fu anlat\u0131yor. Gulam, mi\u011fferinin alt\u0131ndan ciddiyetle bakt\u0131. Cezeri: \u201cTebrikler \u00e7\u0131raklar! Ters a\u011fac\u0131n dal\u0131n\u0131 buldunuz!\u201dGulam sarg\u0131l\u0131 koluyla do\u011fruldu. \u201c\u00c7\u0131raklar, burada de\u011filsiniz. \u00c2lemi Misal\u2019den ba\u011flant\u0131ya ge\u00e7tik. Dal\u0131 b\u0131rakt\u0131\u011f\u0131n\u0131zda bu g\u00f6r\u00fcnt\u00fc kaybolacak.\u201d<\/p>\n","protected":false},"excerpt":{"rendered":"<p>Gelece\u011fin tohumlar\u0131 ge\u00e7mi\u015fe k\u00f6k salarken Nizam\u00fclm\u00fclk\u2019\u00fcn zamanlar aras\u0131 emanetini alan bir grup gen\u00e7, kendilerini Kud\u00fcs\u2019ten gelece\u011fin Ay Kolonisi\u2019ne uzanan b\u00fcy\u00fck bir m\u00fccadelenin ortas\u0131nda bulur.Serinin ikinci kitab\u0131nda<span class=\"excerpt-hellip\"> [\u2026]<\/span><\/p>\n","protected":false},"featured_media":0,"template":"","meta":{"_monsterinsights_skip_tracking":false,"_monsterinsights_sitenote_active":false,"_monsterinsights_sitenote_note":"","_monsterinsights_sitenote_category":0},"product_brand":[],"product_cat":[12274,12631],"product_tag":[],"class_list":{"0":"post-785808","1":"product","2":"type-product","3":"status-publish","5":"product_cat-cocuk-ve-genclik-kitaplari","6":"product_cat-diger-cocuk-ve-genclik-kitaplari","7":"pa_cilt-ciltsiz","8":"pa_tur-kitap","9":"pa_yayinevi-erdem-yayinlari","10":"pa_yazar-meva-a-onyurt","12":"first","13":"instock","14":"sale","15":"shipping-taxable","16":"purchasable","17":"product-type-simple"},"_links":{"self":[{"href":"https:\/\/roveyayinevi.com.tr\/index.php\/wp-json\/wp\/v2\/product\/785808","targetHints":{"allow":["GET"]}}],"collection":[{"href":"https:\/\/roveyayinevi.com.tr\/index.php\/wp-json\/wp\/v2\/product"}],"about":[{"href":"https:\/\/roveyayinevi.com.tr\/index.php\/wp-json\/wp\/v2\/types\/product"}],"wp:attachment":[{"href":"https:\/\/roveyayinevi.com.tr\/index.php\/wp-json\/wp\/v2\/media?parent=785808"}],"wp:term":[{"taxonomy":"product_brand","embeddable":true,"href":"https:\/\/roveyayinevi.com.tr\/index.php\/wp-json\/wp\/v2\/product_brand?post=785808"},{"taxonomy":"product_cat","embeddable":true,"href":"https:\/\/roveyayinevi.com.tr\/index.php\/wp-json\/wp\/v2\/product_cat?post=785808"},{"taxonomy":"product_tag","embeddable":true,"href":"https:\/\/roveyayinevi.com.tr\/index.php\/wp-json\/wp\/v2\/product_tag?post=785808"}],"curies":[{"name":"wp","href":"https:\/\/api.w.org\/{rel}","templated":true}]}}