{"id":785801,"date":"2026-04-11T03:48:44","date_gmt":"2026-04-11T00:48:44","guid":{"rendered":"https:\/\/roveyayinevi.com.tr\/index.php\/urun\/vahyin-golgesinde-kurani-bakis-2-tevhid-ve-sirk\/"},"modified":"2026-04-15T03:48:50","modified_gmt":"2026-04-15T00:48:50","slug":"vahyin-golgesinde-kurani-bakis-2-tevhid-ve-sirk","status":"publish","type":"product","link":"https:\/\/roveyayinevi.com.tr\/index.php\/urun\/vahyin-golgesinde-kurani-bakis-2-tevhid-ve-sirk\/","title":{"rendered":"Vahyin G\u00f6lgesinde Kur\u2019ani Bak\u0131\u015f 2 \u201cTevhid ve \u015eirk\u201d"},"content":{"rendered":"<p>\u015eirk, Y\u00fcce Allah\u2019a yap\u0131lan en b\u00fcy\u00fck ihanettir. Y\u00fcce Allah b\u00fct\u00fcn g\u00fcnahlar\u0131 ba\u011f\u0131\u015flayabilece\u011fini s\u00f6ylerken, \u015firk ihanetini asla ba\u011f\u0131\u015flamayaca\u011f\u0131n\u0131n alt\u0131n\u0131 \u00e7izmi\u015ftir. O halde Bir M\u00fcsl\u00fcman \u00f6rt\u00fcl\u00fc \u015firkle ku\u015fat\u0131lm\u0131\u015f hastal\u0131kl\u0131 dine kar\u015f\u0131 uyanmal\u0131, Kur\u2019an \u00fczerinden \u015firki tam olarak \u00f6\u011frenmeli ve bu \u015firk vir\u00fcs\u00fcne kar\u015f\u0131 kendini korumal\u0131d\u0131r. \u015eirk adeta bir kanser gibidir. Kanser nas\u0131l ki insan\u0131 yava\u015f yava\u015f bitirir ve \u00f6ld\u00fcr\u00fcrse, \u015firk de aynen \u00f6yle iman\u0131 yava\u015f yava\u015f \u00f6ld\u00fcr\u00fcr ve insan fark\u0131nda olmadan \u00f6l\u00fc bir imanla hayat s\u00fcrer. Kansere tedavisini ila\u00e7larda arayan insan, iman\u0131na \u015firk bula\u015ft\u0131\u011f\u0131nda da bunun tedavisini Kur\u2019an\u2019da aramal\u0131d\u0131r. Zira Kur\u2019an \u015firkin tek tedavi ilac\u0131d\u0131r. \u015eirk \u00f6yle sinsi bir illettir ki insan iman\u0131na bu illetin bula\u015ft\u0131\u011f\u0131n\u0131 fark edemez; \u00e7\u00fcnk\u00fc \u015firk bu noktada kendini gizler, gizli gizli ilerler. \u015eirk, bir vir\u00fcs; Kur\u2019an, antivir\u00fcst\u00fcr. \u015eirk, dini zehirleyen bir zehir; Kur\u2019an, panzehirdir. \u015eirk, dini yak\u0131p kavuran bir ate\u015f; Kur\u2019an, \u015firk ate\u015fini s\u00f6nd\u00fcren ve insan\u0131 \u015firk ate\u015finden uzakla\u015ft\u0131ran bir kurtar\u0131c\u0131d\u0131r. Bizler M\u00fcsl\u00fcmanlar olarak iman\u0131m\u0131z\u0131 Kur\u2019an ile g\u00f6zden ge\u00e7irmeli, inanc\u0131m\u0131zda m\u00fc\u015frik davran\u0131\u015flar\u0131 var ise hemen t\u00f6vbe etmeli ve tevhid inanc\u0131m\u0131z\u0131 sa\u011flamla\u015ft\u0131rmal\u0131y\u0131z. \u0130man\u0131m\u0131z\u0131n i\u00e7ine \u015firk gizlenmi\u015f olabilece\u011fini asla unutmamal\u0131 ve bu noktada Yusuf Suresi, 12\/106. ayeti akl\u0131m\u0131zdan \u00e7\u0131karmamal\u0131y\u0131z. Aksi takdirde mah\u015ferde b\u00fcy\u00fck bir s\u00fcrprizle kar\u015f\u0131la\u015fmam\u0131z kuvvetle muhtemel olacakt\u0131r. Yusuf Suresi, 12\/106: Onlar\u0131n \u00e7o\u011fu ortak ko\u015fmadan Allah\u2019a iman etmezler.<\/p>\n","protected":false},"excerpt":{"rendered":"<p>\u015eirk, Y\u00fcce Allah\u2019a yap\u0131lan en b\u00fcy\u00fck ihanettir. Y\u00fcce Allah b\u00fct\u00fcn g\u00fcnahlar\u0131 ba\u011f\u0131\u015flayabilece\u011fini s\u00f6ylerken, \u015firk ihanetini asla ba\u011f\u0131\u015flamayaca\u011f\u0131n\u0131n alt\u0131n\u0131 \u00e7izmi\u015ftir. O halde Bir M\u00fcsl\u00fcman \u00f6rt\u00fcl\u00fc \u015firkle ku\u015fat\u0131lm\u0131\u015f<span class=\"excerpt-hellip\"> [\u2026]<\/span><\/p>\n","protected":false},"featured_media":0,"template":"","meta":{"_monsterinsights_skip_tracking":false,"_monsterinsights_sitenote_active":false,"_monsterinsights_sitenote_note":"","_monsterinsights_sitenote_category":0},"product_brand":[],"product_cat":[12718,12719],"product_tag":[],"class_list":{"0":"post-785801","1":"product","2":"type-product","3":"status-publish","5":"product_cat-din","6":"product_cat-islam","7":"pa_cilt-ciltsiz","8":"pa_tur-kitap","9":"pa_yayinevi-gulnar-yayinlari","10":"pa_yazar-hayri-temur","12":"first","13":"instock","14":"sale","15":"shipping-taxable","16":"purchasable","17":"product-type-simple"},"_links":{"self":[{"href":"https:\/\/roveyayinevi.com.tr\/index.php\/wp-json\/wp\/v2\/product\/785801","targetHints":{"allow":["GET"]}}],"collection":[{"href":"https:\/\/roveyayinevi.com.tr\/index.php\/wp-json\/wp\/v2\/product"}],"about":[{"href":"https:\/\/roveyayinevi.com.tr\/index.php\/wp-json\/wp\/v2\/types\/product"}],"wp:attachment":[{"href":"https:\/\/roveyayinevi.com.tr\/index.php\/wp-json\/wp\/v2\/media?parent=785801"}],"wp:term":[{"taxonomy":"product_brand","embeddable":true,"href":"https:\/\/roveyayinevi.com.tr\/index.php\/wp-json\/wp\/v2\/product_brand?post=785801"},{"taxonomy":"product_cat","embeddable":true,"href":"https:\/\/roveyayinevi.com.tr\/index.php\/wp-json\/wp\/v2\/product_cat?post=785801"},{"taxonomy":"product_tag","embeddable":true,"href":"https:\/\/roveyayinevi.com.tr\/index.php\/wp-json\/wp\/v2\/product_tag?post=785801"}],"curies":[{"name":"wp","href":"https:\/\/api.w.org\/{rel}","templated":true}]}}