{"id":785800,"date":"2026-04-11T03:48:42","date_gmt":"2026-04-11T00:48:42","guid":{"rendered":"https:\/\/roveyayinevi.com.tr\/index.php\/urun\/biyokapital\/"},"modified":"2026-04-15T03:48:49","modified_gmt":"2026-04-15T00:48:49","slug":"biyokapital","status":"publish","type":"product","link":"https:\/\/roveyayinevi.com.tr\/index.php\/urun\/biyokapital\/","title":{"rendered":"Biyokapital"},"content":{"rendered":"<p>Bedenimiz bize ait olan son kale mi, yoksa k\u00fcresel piyasalar\u0131n yeni hammadde sahas\u0131 m\u0131? Sanayi kapitalizmi y\u00fczy\u0131llar boyunca insan eme\u011fini d\u00f6n\u00fc\u015ft\u00fcrd\u00fc, s\u00f6m\u00fcrd\u00fc ve metala\u015ft\u0131rd\u0131. Ancak 21. y\u00fczy\u0131la ad\u0131m att\u0131\u011f\u0131m\u0131zda, kapitalizmin i\u015ftah\u0131 fabrikan\u0131n duvarlar\u0131n\u0131 a\u015farak ya\u015fam\u0131n en mahrem alan\u0131na, biyolojik varolu\u015fumuza y\u00f6neldi. Art\u0131k kar\u015f\u0131m\u0131zda sadece eme\u011fi de\u011fil, can\u0131, geni, dokuyu ve ya\u015fam s\u00fcresini birikim modeline d\u00f6n\u00fc\u015ft\u00fcren yeni bir g\u00fc\u00e7 var: Biyokapital. Elinizdeki bu \u00e7al\u0131\u015fma; bedenin kutsall\u0131\u011f\u0131ndan s\u0131yr\u0131l\u0131p par\u00e7alanabilir, patentlenebilir ve sat\u0131labilir bir m\u00fclkiyet nesnesine d\u00f6n\u00fc\u015f\u00fcm\u00fcn\u00fc sars\u0131c\u0131 bir dille ele al\u0131yor. T\u0131bbi teknolojilerin s\u0131n\u0131r tan\u0131maz ilerleyi\u015fi ve neoliberal politikalar\u0131n kesi\u015fim noktas\u0131nda; &#8220;sa\u011fl\u0131kl\u0131 ya\u015fam&#8221; arzusunun nas\u0131l devasa bir end\u00fcstriye, \u00f6l\u00fcm\u00fcn ise y\u00f6netilmesi gereken bir risk fakt\u00f6r\u00fcne evrildi\u011fini g\u00f6zler \u00f6n\u00fcne seriyor. Genetik veri bankalar\u0131ndan organ ticaretinin karanl\u0131k a\u011flar\u0131na, ta\u015f\u0131y\u0131c\u0131 annelikten ya\u015fam\u0131n uzat\u0131lmas\u0131na dair \u00fctopik vaatlere kadar geni\u015f bir spektrumu inceleyen &#8220;B\u0130YOKAP\u0130TAL: Beden, M\u00fclkiyet, Ya\u015fam, \u00d6l\u00fcm&#8221;, modern insan\u0131n kar\u015f\u0131 kar\u015f\u0131ya oldu\u011fu ontolojik krizi mercek alt\u0131na al\u0131yor. Biyolojik s\u0131n\u0131rlar\u0131m\u0131z piyasa kurallar\u0131 taraf\u0131ndan yeniden \u00e7izilirken, \u015fu can al\u0131c\u0131 sorunun pe\u015fine d\u00fc\u015f\u00fcyor: Bedenin m\u00fclkiyeti, ya\u015fam\u0131n denetimi ve \u00f6l\u00fcm\u00fcn zamanlamas\u0131 piyasan\u0131n eline ge\u00e7ti\u011finde, insan onuruna ne olur? Sosyoloji, ekonomi-politik ve biyoetik disiplinlerinin kav\u015fa\u011f\u0131nda duran bu eser; sadece akademik bir inceleme de\u011fil, ayn\u0131 zamanda kendi bedeni ve gelece\u011fi \u00fczerine d\u00fc\u015f\u00fcnen herkes i\u00e7in bir yol haritas\u0131 niteli\u011finde. Ya\u015fam\u0131n ve \u00f6l\u00fcm\u00fcn ekonomi politi\u011fini anlamak, bug\u00fcn\u00fcn d\u00fcnyas\u0131nda insan kalabilmenin ko\u015fullar\u0131n\u0131 anlamakt\u0131r.<\/p>\n","protected":false},"excerpt":{"rendered":"<p>Bedenimiz bize ait olan son kale mi, yoksa k\u00fcresel piyasalar\u0131n yeni hammadde sahas\u0131 m\u0131? Sanayi kapitalizmi y\u00fczy\u0131llar boyunca insan eme\u011fini d\u00f6n\u00fc\u015ft\u00fcrd\u00fc, s\u00f6m\u00fcrd\u00fc ve metala\u015ft\u0131rd\u0131. Ancak 21.<span class=\"excerpt-hellip\"> [\u2026]<\/span><\/p>\n","protected":false},"featured_media":0,"template":"","meta":{"_monsterinsights_skip_tracking":false,"_monsterinsights_sitenote_active":false,"_monsterinsights_sitenote_note":"","_monsterinsights_sitenote_category":0},"product_brand":[],"product_cat":[14841,13043],"product_tag":[],"class_list":{"0":"post-785800","1":"product","2":"type-product","3":"status-publish","5":"product_cat-arastirma-inceleme-kuram","6":"product_cat-ekonomi","7":"pa_cilt-ciltsiz","8":"pa_tur-kitap","9":"pa_yayinevi-nika-yayinevi","10":"pa_yazar-osman-ozarslan","12":"first","13":"instock","14":"sale","15":"shipping-taxable","16":"purchasable","17":"product-type-simple"},"_links":{"self":[{"href":"https:\/\/roveyayinevi.com.tr\/index.php\/wp-json\/wp\/v2\/product\/785800","targetHints":{"allow":["GET"]}}],"collection":[{"href":"https:\/\/roveyayinevi.com.tr\/index.php\/wp-json\/wp\/v2\/product"}],"about":[{"href":"https:\/\/roveyayinevi.com.tr\/index.php\/wp-json\/wp\/v2\/types\/product"}],"wp:attachment":[{"href":"https:\/\/roveyayinevi.com.tr\/index.php\/wp-json\/wp\/v2\/media?parent=785800"}],"wp:term":[{"taxonomy":"product_brand","embeddable":true,"href":"https:\/\/roveyayinevi.com.tr\/index.php\/wp-json\/wp\/v2\/product_brand?post=785800"},{"taxonomy":"product_cat","embeddable":true,"href":"https:\/\/roveyayinevi.com.tr\/index.php\/wp-json\/wp\/v2\/product_cat?post=785800"},{"taxonomy":"product_tag","embeddable":true,"href":"https:\/\/roveyayinevi.com.tr\/index.php\/wp-json\/wp\/v2\/product_tag?post=785800"}],"curies":[{"name":"wp","href":"https:\/\/api.w.org\/{rel}","templated":true}]}}