{"id":785799,"date":"2026-04-11T03:48:40","date_gmt":"2026-04-11T00:48:40","guid":{"rendered":"https:\/\/roveyayinevi.com.tr\/index.php\/urun\/ahmed-ramazan-canbek\/"},"modified":"2026-04-15T03:48:49","modified_gmt":"2026-04-15T00:48:49","slug":"ahmed-ramazan-canbek","status":"publish","type":"product","link":"https:\/\/roveyayinevi.com.tr\/index.php\/urun\/ahmed-ramazan-canbek\/","title":{"rendered":"Ahmed Ramazan Canbek"},"content":{"rendered":"<p>Ahmed Ramazan A\u011fabey&#8217;in Risale-i Nur&#8217;un tarihi seyri i\u00e7indeki m\u00fcessir rol\u00fcn\u00fc, eserlerin d\u00fcnya \u00e7ap\u0131nda inti\u015far\u0131nda g\u00f6sterdi\u011fi fedak\u00e2rane sadakatiyle Nur hizmetindeki vazge\u00e7ilmez ve \u00e7ok y\u00f6nl\u00fc rol\u00fcn\u00fcn anla\u015f\u0131lmas\u0131na katk\u0131 sunmaktad\u0131r. Onun \u00f6rnek hayat\u0131, hakiki bir Nur talebesinin iman hizmetindeki azim ve metanetini, \u00f6nemli bir imani hizmetin nas\u0131l ba\u015far\u0131yla yay\u0131ld\u0131\u011f\u0131n\u0131, \u015fahsi gayretin, fedak\u00e2rl\u0131\u011f\u0131n ve sa\u011flam irtibat a\u011flar\u0131n\u0131n hizmetteki ehemmiyetini g\u00f6zler \u00f6n\u00fcne sermektedir.<\/p>\n","protected":false},"excerpt":{"rendered":"<p>Ahmed Ramazan A\u011fabey&#8217;in Risale-i Nur&#8217;un tarihi seyri i\u00e7indeki m\u00fcessir rol\u00fcn\u00fc, eserlerin d\u00fcnya \u00e7ap\u0131nda inti\u015far\u0131nda g\u00f6sterdi\u011fi fedak\u00e2rane sadakatiyle Nur hizmetindeki vazge\u00e7ilmez ve \u00e7ok y\u00f6nl\u00fc rol\u00fcn\u00fcn anla\u015f\u0131lmas\u0131na katk\u0131<span class=\"excerpt-hellip\"> [\u2026]<\/span><\/p>\n","protected":false},"featured_media":0,"template":"","meta":{"_monsterinsights_skip_tracking":false,"_monsterinsights_sitenote_active":false,"_monsterinsights_sitenote_note":"","_monsterinsights_sitenote_category":0},"product_brand":[],"product_cat":[12718,12719],"product_tag":[],"class_list":{"0":"post-785799","1":"product","2":"type-product","3":"status-publish","5":"product_cat-din","6":"product_cat-islam","7":"pa_cilt-ciltsiz","8":"pa_tur-kitap","9":"pa_yayinevi-foliant-yayinlari","10":"pa_yazar-ihsan-kasim-salihi","12":"first","13":"instock","14":"sale","15":"shipping-taxable","16":"purchasable","17":"product-type-simple"},"_links":{"self":[{"href":"https:\/\/roveyayinevi.com.tr\/index.php\/wp-json\/wp\/v2\/product\/785799","targetHints":{"allow":["GET"]}}],"collection":[{"href":"https:\/\/roveyayinevi.com.tr\/index.php\/wp-json\/wp\/v2\/product"}],"about":[{"href":"https:\/\/roveyayinevi.com.tr\/index.php\/wp-json\/wp\/v2\/types\/product"}],"wp:attachment":[{"href":"https:\/\/roveyayinevi.com.tr\/index.php\/wp-json\/wp\/v2\/media?parent=785799"}],"wp:term":[{"taxonomy":"product_brand","embeddable":true,"href":"https:\/\/roveyayinevi.com.tr\/index.php\/wp-json\/wp\/v2\/product_brand?post=785799"},{"taxonomy":"product_cat","embeddable":true,"href":"https:\/\/roveyayinevi.com.tr\/index.php\/wp-json\/wp\/v2\/product_cat?post=785799"},{"taxonomy":"product_tag","embeddable":true,"href":"https:\/\/roveyayinevi.com.tr\/index.php\/wp-json\/wp\/v2\/product_tag?post=785799"}],"curies":[{"name":"wp","href":"https:\/\/api.w.org\/{rel}","templated":true}]}}