{"id":785798,"date":"2026-04-11T03:48:38","date_gmt":"2026-04-11T00:48:38","guid":{"rendered":"https:\/\/roveyayinevi.com.tr\/index.php\/urun\/bizden-ogrenir-cocuklar\/"},"modified":"2026-04-15T03:48:49","modified_gmt":"2026-04-15T00:48:49","slug":"bizden-ogrenir-cocuklar","status":"publish","type":"product","link":"https:\/\/roveyayinevi.com.tr\/index.php\/urun\/bizden-ogrenir-cocuklar\/","title":{"rendered":"Bizden \u00d6\u011frenir \u00c7ocuklar"},"content":{"rendered":"<p>\u201cBizden \u00d6\u011frenir \u00c7ocuklar\u201d, bir \u00f6\u011fretmenin meslek hayat\u0131 boyunca kar\u015f\u0131la\u015ft\u0131\u011f\u0131 ger\u00e7ek olaylardanilham al\u0131narak yaz\u0131lm\u0131\u015f, kalbe dokunan sekiz s\u0131cac\u0131k hik\u00e2yeden olu\u015fuyor.Bu sayfalarda bazen bir okul s\u0131ras\u0131na oturacak, bazen de bir oyun arkada\u015f\u0131n\u0131n yan\u0131nda kendinibulacaks\u0131n. Kimi zaman k\u00fc\u00e7\u00fck bir iyili\u011fin nas\u0131l kocaman bir mutlulu\u011fa d\u00f6n\u00fc\u015ft\u00fc\u011f\u00fcn\u00fc g\u00f6recek, kimizaman da bir hatadan nas\u0131l g\u00fczel dersler \u00e7\u0131kt\u0131\u011f\u0131n\u0131 ke\u015ffedeceksin.Bu hik\u00e2yelerde kendini, belki en yak\u0131n arkada\u015f\u0131n\u0131, belki de hi\u00e7 unutamayaca\u011f\u0131n bir an\u0131y\u0131 bulacaks\u0131n.\u015eimdi sayfalar\u0131 \u00e7evirme zaman\u0131\u2026Seni d\u00fc\u015f\u00fcnd\u00fcren, g\u00fcl\u00fcmseten ve kalbine dokunan hik\u00e2yeler burada seni bekliyor.<\/p>\n","protected":false},"excerpt":{"rendered":"<p>\u201cBizden \u00d6\u011frenir \u00c7ocuklar\u201d, bir \u00f6\u011fretmenin meslek hayat\u0131 boyunca kar\u015f\u0131la\u015ft\u0131\u011f\u0131 ger\u00e7ek olaylardanilham al\u0131narak yaz\u0131lm\u0131\u015f, kalbe dokunan sekiz s\u0131cac\u0131k hik\u00e2yeden olu\u015fuyor.Bu sayfalarda bazen bir okul s\u0131ras\u0131na oturacak, bazen<span class=\"excerpt-hellip\"> [\u2026]<\/span><\/p>\n","protected":false},"featured_media":0,"template":"","meta":{"_monsterinsights_skip_tracking":false,"_monsterinsights_sitenote_active":false,"_monsterinsights_sitenote_note":"","_monsterinsights_sitenote_category":0},"product_brand":[],"product_cat":[12274,12284],"product_tag":[],"class_list":{"0":"post-785798","1":"product","2":"type-product","3":"status-publish","5":"product_cat-cocuk-ve-genclik-kitaplari","6":"product_cat-hikayeler","7":"pa_cilt-ciltsiz","8":"pa_tur-kitap","9":"pa_yayinevi-foliant-yayinlari","10":"pa_yazar-tolga-kekuc","12":"first","13":"instock","14":"sale","15":"shipping-taxable","16":"purchasable","17":"product-type-simple"},"_links":{"self":[{"href":"https:\/\/roveyayinevi.com.tr\/index.php\/wp-json\/wp\/v2\/product\/785798","targetHints":{"allow":["GET"]}}],"collection":[{"href":"https:\/\/roveyayinevi.com.tr\/index.php\/wp-json\/wp\/v2\/product"}],"about":[{"href":"https:\/\/roveyayinevi.com.tr\/index.php\/wp-json\/wp\/v2\/types\/product"}],"wp:attachment":[{"href":"https:\/\/roveyayinevi.com.tr\/index.php\/wp-json\/wp\/v2\/media?parent=785798"}],"wp:term":[{"taxonomy":"product_brand","embeddable":true,"href":"https:\/\/roveyayinevi.com.tr\/index.php\/wp-json\/wp\/v2\/product_brand?post=785798"},{"taxonomy":"product_cat","embeddable":true,"href":"https:\/\/roveyayinevi.com.tr\/index.php\/wp-json\/wp\/v2\/product_cat?post=785798"},{"taxonomy":"product_tag","embeddable":true,"href":"https:\/\/roveyayinevi.com.tr\/index.php\/wp-json\/wp\/v2\/product_tag?post=785798"}],"curies":[{"name":"wp","href":"https:\/\/api.w.org\/{rel}","templated":true}]}}