{"id":785797,"date":"2026-04-11T03:48:34","date_gmt":"2026-04-11T00:48:34","guid":{"rendered":"https:\/\/roveyayinevi.com.tr\/index.php\/urun\/konya-karahoyuk-1953-1992-kazilari\/"},"modified":"2026-04-15T03:48:48","modified_gmt":"2026-04-15T00:48:48","slug":"konya-karahoyuk-1953-1992-kazilari","status":"publish","type":"product","link":"https:\/\/roveyayinevi.com.tr\/index.php\/urun\/konya-karahoyuk-1953-1992-kazilari\/","title":{"rendered":"Konya Karah\u00f6y\u00fck (1953-1992 Kaz\u0131lar\u0131)"},"content":{"rendered":"<p>Sevgi G\u00fcrdal taraf\u0131ndan haz\u0131rlanan \u201cKonya Karah\u00f6y\u00fck (1953\u20131992 Kaz\u0131lar\u0131) I\u2013IV. Tabaka K\u00fc\u00e7\u00fck Eserleri\u201d, Konya Karah\u00f6y\u00fck\u2019te M\u00d6 II. biny\u0131l\u0131n ilk \u00e7eyre\u011fine tarihlenen ilk d\u00f6rt tabakaya ait k\u00fc\u00e7\u00fck buluntular\u0131 kapsaml\u0131 bi\u00e7imde incelemektedir.   Yedi b\u00f6l\u00fcmden olu\u015fan eserde metal, fayans, kemik, ta\u015f ve pi\u015fmi\u015f toprak eserler ile m\u00fch\u00fcrler ayr\u0131nt\u0131l\u0131 olarak ele al\u0131nm\u0131\u015ft\u0131r. Sonu\u00e7 b\u00f6l\u00fcm\u00fcnde ise buluntular, b\u00fct\u00fcn ba\u011flamlar\u0131yla birlikte de\u011ferlendirilerek d\u00f6nemin k\u00fclt\u00fcrel, ticari ve siyasi yap\u0131s\u0131na \u0131\u015f\u0131k tutulmu\u015ftur.<\/p>\n","protected":false},"excerpt":{"rendered":"<p>Sevgi G\u00fcrdal taraf\u0131ndan haz\u0131rlanan \u201cKonya Karah\u00f6y\u00fck (1953\u20131992 Kaz\u0131lar\u0131) I\u2013IV. Tabaka K\u00fc\u00e7\u00fck Eserleri\u201d, Konya Karah\u00f6y\u00fck\u2019te M\u00d6 II. biny\u0131l\u0131n ilk \u00e7eyre\u011fine tarihlenen ilk d\u00f6rt tabakaya ait k\u00fc\u00e7\u00fck buluntular\u0131<span class=\"excerpt-hellip\"> [\u2026]<\/span><\/p>\n","protected":false},"featured_media":0,"template":"","meta":{"_monsterinsights_skip_tracking":false,"_monsterinsights_sitenote_active":false,"_monsterinsights_sitenote_note":"","_monsterinsights_sitenote_category":0},"product_brand":[],"product_cat":[52477,52478],"product_tag":[],"class_list":{"0":"post-785797","1":"product","2":"type-product","3":"status-publish","5":"product_cat-arastirma","6":"product_cat-arkeoloji","7":"pa_cilt-ciltli","8":"pa_tur-kitap","9":"pa_yayinevi-bilgin-kultur-sanat","10":"pa_yazar-sevgi-gurdal","12":"first","13":"instock","14":"sale","15":"shipping-taxable","16":"purchasable","17":"product-type-simple"},"_links":{"self":[{"href":"https:\/\/roveyayinevi.com.tr\/index.php\/wp-json\/wp\/v2\/product\/785797","targetHints":{"allow":["GET"]}}],"collection":[{"href":"https:\/\/roveyayinevi.com.tr\/index.php\/wp-json\/wp\/v2\/product"}],"about":[{"href":"https:\/\/roveyayinevi.com.tr\/index.php\/wp-json\/wp\/v2\/types\/product"}],"wp:attachment":[{"href":"https:\/\/roveyayinevi.com.tr\/index.php\/wp-json\/wp\/v2\/media?parent=785797"}],"wp:term":[{"taxonomy":"product_brand","embeddable":true,"href":"https:\/\/roveyayinevi.com.tr\/index.php\/wp-json\/wp\/v2\/product_brand?post=785797"},{"taxonomy":"product_cat","embeddable":true,"href":"https:\/\/roveyayinevi.com.tr\/index.php\/wp-json\/wp\/v2\/product_cat?post=785797"},{"taxonomy":"product_tag","embeddable":true,"href":"https:\/\/roveyayinevi.com.tr\/index.php\/wp-json\/wp\/v2\/product_tag?post=785797"}],"curies":[{"name":"wp","href":"https:\/\/api.w.org\/{rel}","templated":true}]}}