{"id":785796,"date":"2026-04-11T03:48:31","date_gmt":"2026-04-11T00:48:31","guid":{"rendered":"https:\/\/roveyayinevi.com.tr\/index.php\/urun\/avrupa-resim-sanatinda-kafamizi-karistiran-resimler\/"},"modified":"2026-04-15T03:48:48","modified_gmt":"2026-04-15T00:48:48","slug":"avrupa-resim-sanatinda-kafamizi-karistiran-resimler","status":"publish","type":"product","link":"https:\/\/roveyayinevi.com.tr\/index.php\/urun\/avrupa-resim-sanatinda-kafamizi-karistiran-resimler\/","title":{"rendered":"Avrupa Resim Sanat\u0131nda Kafam\u0131z\u0131 Kar\u0131\u015ft\u0131ran Resimler"},"content":{"rendered":"<p>Kafam\u0131z\u0131 Kar\u0131\u015ftran Resimler e\u011flenceli ve yararl\u0131 bir \u201cel kitab\u0131\u201d olma iste\u011fiyle yaz\u0131ld\u0131..Avrupa resim sanat\u0131, \u00e7ok \u00e7e\u015fitli konular ve tekniklerle geni\u015f bir k\u00fclliyatt\u0131r. Bu b\u00fcy\u00fck y\u0131\u011f\u0131n i\u00e7inden, ilgi alanlar\u0131na ve \u00e7al\u0131\u015fma konular\u0131na g\u00f6re \u00e7e\u015fitli alt kategoriler olu\u015fturmak m\u00fcmk\u00fcnd\u00fcr; bir deste oyun k\u00e2\u011f\u0131d\u0131n\u0131 evirip \u00e7evirip kararak \u00e7e\u015fitli \u015fekillerde yeniden dizmek gibi&#8230; \u00dc\u00e7-d\u00f6rt y\u00fczy\u0131l boyunca Avrupa\u2019da, \u00f6zellikle de din\u00ee metinleri g\u00f6rsel alana aktaran sanat\u00e7\u0131lar\u0131n hemen hepsi, yaz\u0131l\u0131 kaynaklar\u0131 ve yayg\u0131n s\u00f6ylenceleri dikkate alm\u0131\u015f, \u00f6zg\u00fcnl\u00fcklerini ufak tefek ayr\u0131nt\u0131larda, resmetme tekniklerinde ve \u00fcslup farkl\u0131l\u0131klar\u0131nda \u00f6ne \u00e7\u0131karmay\u0131 tercih etmi\u015flerdir. Buna kar\u015f\u0131l\u0131k, baz\u0131 konular\u0131n g\u00f6rselle\u015ftirilmesi, kaynaklara sadakatle ba\u011fl\u0131 kal\u0131nm\u0131\u015f olsa da, ilk kez bakan g\u00f6zlere, hele de anlat\u0131lara a\u015fina olmayanlara karma\u015f\u0131k gelebilir. Kafam\u0131z\u0131 Kar\u0131\u015ft\u0131ran Resimler, birbirine benzer konular\u0131n g\u00f6rsel alanda nas\u0131l ayr\u0131nt\u0131land\u0131r\u0131ld\u0131\u011f\u0131n\u0131 anlamak i\u00e7in bir ipucu aray\u0131\u015f\u0131d\u0131r. Metinlerde ad\u0131 ge\u00e7en, \u0130mran, Zekeriya, Hanna, Meryem, \u0130sa, Vaftizci Yahya, Holofernes, Goliat gibi, H\u0131ristiyan anlat\u0131s\u0131n\u0131n \u00f6nemli \u015fahsiyetlerinin nas\u0131l do\u011fduklar\u0131, nerelerde ve kimlerle yemek yedikleri, kimlerle bulu\u015fup g\u00f6r\u00fc\u015ft\u00fckleri ya da nas\u0131l \u00f6ld\u00fcr\u00fcld\u00fckleri, yaz\u0131l\u0131 metinlere ba\u011fl\u0131 kal\u0131narak g\u00f6rsel alana nas\u0131l aktar\u0131lm\u0131\u015ft\u0131r? Bu aktar\u0131m s\u0131ras\u0131nda ayr\u0131nt\u0131lar nas\u0131l dikkate al\u0131nm\u0131\u015ft\u0131r? Metinler bilinmedi\u011finde izleyenlerin kafalar\u0131 nas\u0131l kar\u0131\u015f\u0131r? Bu kar\u0131\u015f\u0131kl\u0131klar nas\u0131l giderilir? Kafam\u0131z\u0131 Kar\u0131\u015ftran Resimler e\u011flenceli ve yararl\u0131 bir \u201cel kitab\u0131\u201d olma iste\u011fiyle yaz\u0131ld\u0131. Zerrin \u0130ren Boynudelik\u2019in \u201cAvrupa Resim Sanat\u0131nda\u201d \u00fcst ba\u015fl\u0131\u011f\u0131 alt\u0131nda haz\u0131rlad\u0131\u011f\u0131 bu dizi, Ovidius\u2019un \u201cD\u00f6n\u00fc\u015f\u00fcmler\u201d Hik\u00e2yeleri, Kendi D\u00f6nemlerinde \u00dcnl\u00fc Olanlar ve Muammal\u0131 Resimler ile devam edecek.<\/p>\n","protected":false},"excerpt":{"rendered":"<p>Kafam\u0131z\u0131 Kar\u0131\u015ftran Resimler e\u011flenceli ve yararl\u0131 bir \u201cel kitab\u0131\u201d olma iste\u011fiyle yaz\u0131ld\u0131..Avrupa resim sanat\u0131, \u00e7ok \u00e7e\u015fitli konular ve tekniklerle geni\u015f bir k\u00fclliyatt\u0131r. Bu b\u00fcy\u00fck y\u0131\u011f\u0131n i\u00e7inden,<span class=\"excerpt-hellip\"> [\u2026]<\/span><\/p>\n","protected":false},"featured_media":0,"template":"","meta":{"_monsterinsights_skip_tracking":false,"_monsterinsights_sitenote_active":false,"_monsterinsights_sitenote_note":"","_monsterinsights_sitenote_category":0},"product_brand":[],"product_cat":[15733,12408],"product_tag":[],"class_list":{"0":"post-785796","1":"product","2":"type-product","3":"status-publish","5":"product_cat-resim","6":"product_cat-sanat","7":"pa_cilt-ciltsiz","8":"pa_tur-kitap","9":"pa_yayinevi-istanbul-bilgi-universitesi-yayinlari","10":"pa_yazar-zerrin-iren-boynudelik","12":"first","13":"instock","14":"sale","15":"shipping-taxable","16":"purchasable","17":"product-type-simple"},"_links":{"self":[{"href":"https:\/\/roveyayinevi.com.tr\/index.php\/wp-json\/wp\/v2\/product\/785796","targetHints":{"allow":["GET"]}}],"collection":[{"href":"https:\/\/roveyayinevi.com.tr\/index.php\/wp-json\/wp\/v2\/product"}],"about":[{"href":"https:\/\/roveyayinevi.com.tr\/index.php\/wp-json\/wp\/v2\/types\/product"}],"wp:attachment":[{"href":"https:\/\/roveyayinevi.com.tr\/index.php\/wp-json\/wp\/v2\/media?parent=785796"}],"wp:term":[{"taxonomy":"product_brand","embeddable":true,"href":"https:\/\/roveyayinevi.com.tr\/index.php\/wp-json\/wp\/v2\/product_brand?post=785796"},{"taxonomy":"product_cat","embeddable":true,"href":"https:\/\/roveyayinevi.com.tr\/index.php\/wp-json\/wp\/v2\/product_cat?post=785796"},{"taxonomy":"product_tag","embeddable":true,"href":"https:\/\/roveyayinevi.com.tr\/index.php\/wp-json\/wp\/v2\/product_tag?post=785796"}],"curies":[{"name":"wp","href":"https:\/\/api.w.org\/{rel}","templated":true}]}}