{"id":785795,"date":"2026-04-11T03:48:24","date_gmt":"2026-04-11T00:48:24","guid":{"rendered":"https:\/\/roveyayinevi.com.tr\/index.php\/urun\/evrensel-yasalar-hayatinizi-aydinlatin\/"},"modified":"2026-04-15T03:48:42","modified_gmt":"2026-04-15T00:48:42","slug":"evrensel-yasalar-hayatinizi-aydinlatin","status":"publish","type":"product","link":"https:\/\/roveyayinevi.com.tr\/index.php\/urun\/evrensel-yasalar-hayatinizi-aydinlatin\/","title":{"rendered":"Evrensel Yasalar; Hayat\u0131n\u0131z\u0131 Ayd\u0131nlat\u0131n"},"content":{"rendered":"<p>Evrenle Ba\u011f KurmakB\u00fcy\u00fcleyici ve i\u00e7 g\u00f6r\u00fcl\u00fc hik\u00e2yeler, al\u0131\u015ft\u0131rmalar ve imgelemeler yoluyla evreni i\u00e7eriden nas\u0131l kucaklayaca\u011f\u0131n\u0131z\u0131 \u00f6\u011freten bir kaynak. Evrene bu yollarla bakmak, yeni manevi ama\u00e7lar edinmenizi sa\u011flayabilir; huzur, sevgi ve refahla dolu d\u00fc\u015f\u00fcnme yollar\u0131nda devrim yapabilir.Evrenin yasalar\u0131 nelerdir ve bu yasalara uygun \u015fekilde ya\u015fayarak hayatlar\u0131m\u0131z\u0131 nas\u0131l daha g\u00fczel hale getirebiliriz?Evrensel Yasalar, bir umut ve ilham kitab\u0131d\u0131r. Bu kitap, evrenin b\u00fcy\u00fck yasalar\u0131yla ve onlar\u0131 hayatlar\u0131m\u0131za nas\u0131l adapte edece\u011fimizle ilgilidir. Sadece kendimizi tam olarak anlad\u0131\u011f\u0131m\u0131zda kaderimizin ger\u00e7ek ustalar\u0131 olabiliriz.<\/p>\n","protected":false},"excerpt":{"rendered":"<p>Evrenle Ba\u011f KurmakB\u00fcy\u00fcleyici ve i\u00e7 g\u00f6r\u00fcl\u00fc hik\u00e2yeler, al\u0131\u015ft\u0131rmalar ve imgelemeler yoluyla evreni i\u00e7eriden nas\u0131l kucaklayaca\u011f\u0131n\u0131z\u0131 \u00f6\u011freten bir kaynak. Evrene bu yollarla bakmak, yeni manevi ama\u00e7lar edinmenizi<span class=\"excerpt-hellip\"> [\u2026]<\/span><\/p>\n","protected":false},"featured_media":0,"template":"","meta":{"_monsterinsights_skip_tracking":false,"_monsterinsights_sitenote_active":false,"_monsterinsights_sitenote_note":"","_monsterinsights_sitenote_category":0},"product_brand":[],"product_cat":[12364,12376],"product_tag":[],"class_list":{"0":"post-785795","1":"product","2":"type-product","3":"status-publish","5":"product_cat-genel-konular","6":"product_cat-kisisel-gelisim","7":"pa_cilt-ciltsiz","8":"pa_tur-kitap","9":"pa_yayinevi-maya-kitap","10":"pa_yazar-diana-cooper","12":"first","13":"instock","14":"sale","15":"shipping-taxable","16":"purchasable","17":"product-type-simple"},"_links":{"self":[{"href":"https:\/\/roveyayinevi.com.tr\/index.php\/wp-json\/wp\/v2\/product\/785795","targetHints":{"allow":["GET"]}}],"collection":[{"href":"https:\/\/roveyayinevi.com.tr\/index.php\/wp-json\/wp\/v2\/product"}],"about":[{"href":"https:\/\/roveyayinevi.com.tr\/index.php\/wp-json\/wp\/v2\/types\/product"}],"wp:attachment":[{"href":"https:\/\/roveyayinevi.com.tr\/index.php\/wp-json\/wp\/v2\/media?parent=785795"}],"wp:term":[{"taxonomy":"product_brand","embeddable":true,"href":"https:\/\/roveyayinevi.com.tr\/index.php\/wp-json\/wp\/v2\/product_brand?post=785795"},{"taxonomy":"product_cat","embeddable":true,"href":"https:\/\/roveyayinevi.com.tr\/index.php\/wp-json\/wp\/v2\/product_cat?post=785795"},{"taxonomy":"product_tag","embeddable":true,"href":"https:\/\/roveyayinevi.com.tr\/index.php\/wp-json\/wp\/v2\/product_tag?post=785795"}],"curies":[{"name":"wp","href":"https:\/\/api.w.org\/{rel}","templated":true}]}}