{"id":785794,"date":"2026-04-11T03:47:50","date_gmt":"2026-04-11T00:47:50","guid":{"rendered":"https:\/\/roveyayinevi.com.tr\/index.php\/urun\/babaannemin-hac-kumbarasi-islamin-sartlari-hac\/"},"modified":"2026-04-15T03:47:46","modified_gmt":"2026-04-15T00:47:46","slug":"babaannemin-hac-kumbarasi-islamin-sartlari-hac","status":"publish","type":"product","link":"https:\/\/roveyayinevi.com.tr\/index.php\/urun\/babaannemin-hac-kumbarasi-islamin-sartlari-hac\/","title":{"rendered":"Babaannemin Hac Kumbaras\u0131; \u0130slam&#8217;\u0131n \u015eartlar\u0131 &#8211; Hac"},"content":{"rendered":"<p>\u0130slam\u2019\u0131n be\u015f \u015fart\u0131n\u0131, \u00e7ocuklara e\u011flenceli maceralar etraf\u0131nda anlatan bu seri, renkli resimleri, kolay okunan diliyle alan\u0131nda \u00f6nemli bir yeri dolduruyor. Bu macerada Zehra, hacdan d\u00f6nen babaannesi, dedesi ve babas\u0131n\u0131 kar\u015f\u0131laman\u0131n sevincini ya\u015f\u0131yor ama tuhaf bir \u015fey var. Herkes mutluyken evlerine gelen misafirler a\u011fl\u0131yor. Bu g\u00f6zya\u015flar\u0131n\u0131n babaannesinin kumbaras\u0131yla ilgisi ne olabilir? Kahraman\u0131m\u0131z\u0131n \u015fa\u015fk\u0131n bak\u0131\u015flar\u0131, komik sorular\u0131 ve kitap sonu etkinlikleri hac ibadetini unutulmaz k\u0131l\u0131yor. B\u00f6ylece \u0130slam\u2019\u0131n \u015fartlar\u0131, ezberden \u00f6te i\u00e7selle\u015ftirilmi\u015f bir anlama d\u00f6n\u00fc\u015f\u00fcyor.Zehra\u2019n\u0131n her zaman dedi\u011fi gibi;\u201c\u0130slam\u2019\u0131n \u015fart\u0131 be\u015ftir.M\u00fcsl\u00fcmanlar karde\u015ftir.\u015eehadet, namaz, oru\u00e7, zek\u00e2t, hac.Bizim i\u00e7in hayata e\u015ftir.\u201d<\/p>\n","protected":false},"excerpt":{"rendered":"<p>\u0130slam\u2019\u0131n be\u015f \u015fart\u0131n\u0131, \u00e7ocuklara e\u011flenceli maceralar etraf\u0131nda anlatan bu seri, renkli resimleri, kolay okunan diliyle alan\u0131nda \u00f6nemli bir yeri dolduruyor. Bu macerada Zehra, hacdan d\u00f6nen babaannesi,<span class=\"excerpt-hellip\"> [\u2026]<\/span><\/p>\n","protected":false},"featured_media":0,"template":"","meta":{"_monsterinsights_skip_tracking":false,"_monsterinsights_sitenote_active":false,"_monsterinsights_sitenote_note":"","_monsterinsights_sitenote_category":0},"product_brand":[],"product_cat":[12274,18802],"product_tag":[],"class_list":{"0":"post-785794","1":"product","2":"type-product","3":"status-publish","5":"product_cat-cocuk-ve-genclik-kitaplari","6":"product_cat-din-egitimi","7":"pa_cilt-ciltsiz","8":"pa_tur-kitap","9":"pa_yayinevi-dus-degirmeni","10":"pa_yazar-zeynep-yildirim","12":"first","13":"instock","14":"sale","15":"shipping-taxable","16":"purchasable","17":"product-type-simple"},"_links":{"self":[{"href":"https:\/\/roveyayinevi.com.tr\/index.php\/wp-json\/wp\/v2\/product\/785794","targetHints":{"allow":["GET"]}}],"collection":[{"href":"https:\/\/roveyayinevi.com.tr\/index.php\/wp-json\/wp\/v2\/product"}],"about":[{"href":"https:\/\/roveyayinevi.com.tr\/index.php\/wp-json\/wp\/v2\/types\/product"}],"wp:attachment":[{"href":"https:\/\/roveyayinevi.com.tr\/index.php\/wp-json\/wp\/v2\/media?parent=785794"}],"wp:term":[{"taxonomy":"product_brand","embeddable":true,"href":"https:\/\/roveyayinevi.com.tr\/index.php\/wp-json\/wp\/v2\/product_brand?post=785794"},{"taxonomy":"product_cat","embeddable":true,"href":"https:\/\/roveyayinevi.com.tr\/index.php\/wp-json\/wp\/v2\/product_cat?post=785794"},{"taxonomy":"product_tag","embeddable":true,"href":"https:\/\/roveyayinevi.com.tr\/index.php\/wp-json\/wp\/v2\/product_tag?post=785794"}],"curies":[{"name":"wp","href":"https:\/\/api.w.org\/{rel}","templated":true}]}}