{"id":785792,"date":"2026-04-11T03:47:43","date_gmt":"2026-04-11T00:47:43","guid":{"rendered":"https:\/\/roveyayinevi.com.tr\/index.php\/urun\/kayip-patenler-islami-sartlari-namaz\/"},"modified":"2026-04-15T03:47:46","modified_gmt":"2026-04-15T00:47:46","slug":"kayip-patenler-islami-sartlari-namaz","status":"publish","type":"product","link":"https:\/\/roveyayinevi.com.tr\/index.php\/urun\/kayip-patenler-islami-sartlari-namaz\/","title":{"rendered":"Kay\u0131p Patenler: \u0130slam&#8217;\u0131 \u015eartlar\u0131 &#8211; Namaz"},"content":{"rendered":"<p>\u0130slam\u2019\u0131n be\u015f \u015fart\u0131n\u0131, \u00e7ocuklara e\u011flenceli maceralar etraf\u0131nda anlatan bu seri, renkli resimleri, kolay okunan diliyle alan\u0131nda \u00f6nemli bir yeri dolduruyor. Bu macerada Zehra, be\u015f vakit namaz\u0131n \u00f6nemini \u00f6\u011frenip bir vakti hi\u00e7 ka\u00e7\u0131rmadan k\u0131lmaya karar veriyor. Arkada\u015f\u0131n\u0131n pateni kaybolunca kendini birden camide buluyor. Arkada\u015flar\u0131yla birlikte kay\u0131p pateni ararken ortadan kaybolan tek \u015feyin paten olmad\u0131\u011f\u0131n\u0131 fark etmek ise herkesi \u015fa\u015fk\u0131na \u00e7eviriyor. Neyse ki camide kar\u015f\u0131lar\u0131na \u00e7\u0131kan s\u00fcper kahraman yard\u0131ma haz\u0131r! Zehra\u2019n\u0131n namaz bah\u00e7esi ve kitap sonu etkinli\u011fi namaz ibadetini unutulmaz k\u0131l\u0131yor. B\u00f6ylece \u0130slam\u2019\u0131n \u015fartlar\u0131, ezberden \u00f6te i\u00e7selle\u015ftirilmi\u015f bir anlama d\u00f6n\u00fc\u015f\u00fcyor.Zehra\u2019n\u0131n her zaman dedi\u011fi gibi\u201c\u0130slam\u2019\u0131n \u015fart\u0131 be\u015ftir.M\u00fcsl\u00fcmanlar karde\u015ftir.\u015eehadet, namaz, oru\u00e7, zek\u00e2t, hac.Bizim i\u00e7in hayata e\u015ftir.\u201d<\/p>\n","protected":false},"excerpt":{"rendered":"<p>\u0130slam\u2019\u0131n be\u015f \u015fart\u0131n\u0131, \u00e7ocuklara e\u011flenceli maceralar etraf\u0131nda anlatan bu seri, renkli resimleri, kolay okunan diliyle alan\u0131nda \u00f6nemli bir yeri dolduruyor. Bu macerada Zehra, be\u015f vakit namaz\u0131n<span class=\"excerpt-hellip\"> [\u2026]<\/span><\/p>\n","protected":false},"featured_media":0,"template":"","meta":{"_monsterinsights_skip_tracking":false,"_monsterinsights_sitenote_active":false,"_monsterinsights_sitenote_note":"","_monsterinsights_sitenote_category":0},"product_brand":[],"product_cat":[12274,18802],"product_tag":[],"class_list":{"0":"post-785792","1":"product","2":"type-product","3":"status-publish","5":"product_cat-cocuk-ve-genclik-kitaplari","6":"product_cat-din-egitimi","7":"pa_cilt-ciltsiz","8":"pa_tur-kitap","9":"pa_yayinevi-dus-degirmeni","10":"pa_yazar-zeynep-yildirim","12":"first","13":"instock","14":"sale","15":"shipping-taxable","16":"purchasable","17":"product-type-simple"},"_links":{"self":[{"href":"https:\/\/roveyayinevi.com.tr\/index.php\/wp-json\/wp\/v2\/product\/785792","targetHints":{"allow":["GET"]}}],"collection":[{"href":"https:\/\/roveyayinevi.com.tr\/index.php\/wp-json\/wp\/v2\/product"}],"about":[{"href":"https:\/\/roveyayinevi.com.tr\/index.php\/wp-json\/wp\/v2\/types\/product"}],"wp:attachment":[{"href":"https:\/\/roveyayinevi.com.tr\/index.php\/wp-json\/wp\/v2\/media?parent=785792"}],"wp:term":[{"taxonomy":"product_brand","embeddable":true,"href":"https:\/\/roveyayinevi.com.tr\/index.php\/wp-json\/wp\/v2\/product_brand?post=785792"},{"taxonomy":"product_cat","embeddable":true,"href":"https:\/\/roveyayinevi.com.tr\/index.php\/wp-json\/wp\/v2\/product_cat?post=785792"},{"taxonomy":"product_tag","embeddable":true,"href":"https:\/\/roveyayinevi.com.tr\/index.php\/wp-json\/wp\/v2\/product_tag?post=785792"}],"curies":[{"name":"wp","href":"https:\/\/api.w.org\/{rel}","templated":true}]}}