{"id":785791,"date":"2026-04-11T03:45:38","date_gmt":"2026-04-11T00:45:38","guid":{"rendered":"https:\/\/roveyayinevi.com.tr\/index.php\/urun\/benim-ilk-trenim-ilk-araclarim-ciltli\/"},"modified":"2026-04-15T03:45:33","modified_gmt":"2026-04-15T00:45:33","slug":"benim-ilk-trenim-ilk-araclarim-ciltli","status":"publish","type":"product","link":"https:\/\/roveyayinevi.com.tr\/index.php\/urun\/benim-ilk-trenim-ilk-araclarim-ciltli\/","title":{"rendered":"Benim \u0130lk Trenim \u2013 \u0130lk Ara\u00e7lar\u0131m (Ciltli)"},"content":{"rendered":"<p>BEN\u0130M \u0130LK TREN\u0130M \u2013 (TEKERLEKL\u0130 K\u0130TAPLAR)Makinist kaplumba\u011fan\u0131n h\u0131zl\u0131 trenine bin ve e\u011flenceli  bir yolculuk yap.<\/p>\n","protected":false},"excerpt":{"rendered":"<p>BEN\u0130M \u0130LK TREN\u0130M \u2013 (TEKERLEKL\u0130 K\u0130TAPLAR)Makinist kaplumba\u011fan\u0131n h\u0131zl\u0131 trenine bin ve e\u011flenceli bir yolculuk yap.<\/p>\n","protected":false},"featured_media":0,"template":"","meta":{"_monsterinsights_skip_tracking":false,"_monsterinsights_sitenote_active":false,"_monsterinsights_sitenote_note":"","_monsterinsights_sitenote_category":0},"product_brand":[],"product_cat":[12274,12518],"product_tag":[],"class_list":{"0":"post-785791","1":"product","2":"type-product","3":"status-publish","5":"product_cat-cocuk-ve-genclik-kitaplari","6":"product_cat-okul-oncesi-kitaplar","7":"pa_cilt-ciltli","8":"pa_tur-kitap","9":"pa_yayinevi-indigo-cocuk","10":"pa_yazar-kolektif","12":"first","13":"instock","14":"sale","15":"shipping-taxable","16":"purchasable","17":"product-type-simple"},"_links":{"self":[{"href":"https:\/\/roveyayinevi.com.tr\/index.php\/wp-json\/wp\/v2\/product\/785791","targetHints":{"allow":["GET"]}}],"collection":[{"href":"https:\/\/roveyayinevi.com.tr\/index.php\/wp-json\/wp\/v2\/product"}],"about":[{"href":"https:\/\/roveyayinevi.com.tr\/index.php\/wp-json\/wp\/v2\/types\/product"}],"wp:attachment":[{"href":"https:\/\/roveyayinevi.com.tr\/index.php\/wp-json\/wp\/v2\/media?parent=785791"}],"wp:term":[{"taxonomy":"product_brand","embeddable":true,"href":"https:\/\/roveyayinevi.com.tr\/index.php\/wp-json\/wp\/v2\/product_brand?post=785791"},{"taxonomy":"product_cat","embeddable":true,"href":"https:\/\/roveyayinevi.com.tr\/index.php\/wp-json\/wp\/v2\/product_cat?post=785791"},{"taxonomy":"product_tag","embeddable":true,"href":"https:\/\/roveyayinevi.com.tr\/index.php\/wp-json\/wp\/v2\/product_tag?post=785791"}],"curies":[{"name":"wp","href":"https:\/\/api.w.org\/{rel}","templated":true}]}}