{"id":785788,"date":"2026-04-11T03:43:53","date_gmt":"2026-04-11T00:43:53","guid":{"rendered":"https:\/\/roveyayinevi.com.tr\/index.php\/urun\/mehmet-akif-ersoy-sair-bir-mutefekkirin-dunyasi\/"},"modified":"2026-04-15T03:44:08","modified_gmt":"2026-04-15T00:44:08","slug":"mehmet-akif-ersoy-sair-bir-mutefekkirin-dunyasi","status":"publish","type":"product","link":"https:\/\/roveyayinevi.com.tr\/index.php\/urun\/mehmet-akif-ersoy-sair-bir-mutefekkirin-dunyasi\/","title":{"rendered":"Mehmet Akif Ersoy \u015eair Bir M\u00fctefekkirin D\u00fcnyas\u0131"},"content":{"rendered":"<p>Her milletin b\u00fcy\u00fck insanlar\u0131 vard\u0131r; onlar ilmi ve irfan\u0131yla, fedakarl\u0131\u011f\u0131 ve sabr\u0131yla, adanm\u0131\u015fl\u0131\u011f\u0131 ve kahramanl\u0131\u011f\u0131yla, kurucu ki\u015fili\u011fi ve uzak g\u00f6r\u00fc\u015fl\u00fcl\u00fc\u011f\u00fcyle, \u0131zd\u0131rab\u0131 ve \u00fcmidiyle, zevki ve sanat\u0131yla, ahlaki \u015fahsiyeti ve mahviyetkarl\u0131\u011f\u0131yla, latifesi ve tebess\u00fcm\u00fcyle, mesuliyeti ve hizmetiyle, iradesi ve kararl\u0131l\u0131\u011f\u0131yla, herkese a\u00e7\u0131k olan m\u00fcktesebat\u0131 ve zenginli\u011fiyle, tenkitleri ve \u0131srar\u0131yla, sarahati ve sahihli\u011fiyle, mensubiyeti ve inzivas\u0131yla, eserleri ve i\u015faretleriyle &#8230; hep bir \u00f6nc\u00fc, bir yol i\u015fareti, bir rehber y\u0131ld\u0131z gibi ya\u015farlar. Bu hususiyetleri \u00f6ld\u00fckten sonra da onlar\u0131 ya\u015fat\u0131r; geriden gelenleri, gelece\u011fe uzananlar\u0131 da ya\u015fat\u0131r, tahkim eder. Hususiyet sahibi ve fedakar b\u00fcy\u00fck insanlar\u0131m\u0131z\u0131n ilk s\u0131ralar\u0131nda yer alanlardan biri hi\u00e7 \u015f\u00fcphesiz Mehmet Akif Ersoy&#8217;dur. Onun XIX. ve XX. y\u00fczy\u0131l T\u00fcrk edipleri ve m\u00fctefekkirleri aras\u0131nda hayat\u0131, eserleri ve fikirleri yan\u0131nda ya\u015fama \u00fcslubu, \u015fahsiyeti, adanm\u0131\u015fl\u0131\u011f\u0131 ve dostluklarla \u00f6r\u00fclm\u00fc\u015f ahlaki ki\u015fili\u011fi ile al\u0131nmay\u0131 ve yeni nesillere aktar\u0131lmay\u0131 ziyadesiyle hak ediyor. Elinizdeki kitap bu vazifenin sadece bir par\u00e7as\u0131 &#8230; <\/p>\n","protected":false},"excerpt":{"rendered":"<p>Her milletin b\u00fcy\u00fck insanlar\u0131 vard\u0131r; onlar ilmi ve irfan\u0131yla, fedakarl\u0131\u011f\u0131 ve sabr\u0131yla, adanm\u0131\u015fl\u0131\u011f\u0131 ve kahramanl\u0131\u011f\u0131yla, kurucu ki\u015fili\u011fi ve uzak g\u00f6r\u00fc\u015fl\u00fcl\u00fc\u011f\u00fcyle, \u0131zd\u0131rab\u0131 ve \u00fcmidiyle, zevki ve sanat\u0131yla,<span class=\"excerpt-hellip\"> [\u2026]<\/span><\/p>\n","protected":false},"featured_media":0,"template":"","meta":{"_monsterinsights_skip_tracking":false,"_monsterinsights_sitenote_active":false,"_monsterinsights_sitenote_note":"","_monsterinsights_sitenote_category":0},"product_brand":[],"product_cat":[13072,12291],"product_tag":[],"class_list":{"0":"post-785788","1":"product","2":"type-product","3":"status-publish","5":"product_cat-arastirma-inceleme-referans","6":"product_cat-edebiyat","7":"pa_cilt-ciltsiz","8":"pa_tur-kitap","9":"pa_yayinevi-istanbul-sabahattin-zaim-universitesi","10":"pa_yazar-ismail-kara","12":"first","13":"instock","14":"sale","15":"shipping-taxable","16":"purchasable","17":"product-type-simple"},"_links":{"self":[{"href":"https:\/\/roveyayinevi.com.tr\/index.php\/wp-json\/wp\/v2\/product\/785788","targetHints":{"allow":["GET"]}}],"collection":[{"href":"https:\/\/roveyayinevi.com.tr\/index.php\/wp-json\/wp\/v2\/product"}],"about":[{"href":"https:\/\/roveyayinevi.com.tr\/index.php\/wp-json\/wp\/v2\/types\/product"}],"wp:attachment":[{"href":"https:\/\/roveyayinevi.com.tr\/index.php\/wp-json\/wp\/v2\/media?parent=785788"}],"wp:term":[{"taxonomy":"product_brand","embeddable":true,"href":"https:\/\/roveyayinevi.com.tr\/index.php\/wp-json\/wp\/v2\/product_brand?post=785788"},{"taxonomy":"product_cat","embeddable":true,"href":"https:\/\/roveyayinevi.com.tr\/index.php\/wp-json\/wp\/v2\/product_cat?post=785788"},{"taxonomy":"product_tag","embeddable":true,"href":"https:\/\/roveyayinevi.com.tr\/index.php\/wp-json\/wp\/v2\/product_tag?post=785788"}],"curies":[{"name":"wp","href":"https:\/\/api.w.org\/{rel}","templated":true}]}}