{"id":785787,"date":"2026-04-11T03:21:25","date_gmt":"2026-04-11T00:21:25","guid":{"rendered":"https:\/\/roveyayinevi.com.tr\/index.php\/urun\/kehanet-1\/"},"modified":"2026-04-16T03:11:42","modified_gmt":"2026-04-16T00:11:42","slug":"kehanet-1","status":"publish","type":"product","link":"https:\/\/roveyayinevi.com.tr\/index.php\/urun\/kehanet-1\/","title":{"rendered":"Kehanet 1"},"content":{"rendered":"<p>Tokyo Siber Su\u00e7larla Mu\u0308cadele Birimi gergin durumda. Gazete maskesi takan bir ki\u015fi, tehdit, yang\u0131n \u00e7\u0131karma, sald\u0131r\u0131 ve tecavu\u0308z gibi su\u00e7lar\u0131 i\u015fleyen ki\u015filerin bilgilerini internette yay\u0131p, onlar\u0131 cezaland\u0131r\u0131yor.   Kimdir, nas\u0131l \u00e7al\u0131\u015fmaktad\u0131r, amac\u0131 nedir? Deliller, zamana kar\u015f\u0131 yar\u0131\u015fan Siber Su\u00e7larla Mu\u0308cadele Birimi\u2019ni, Tokyo\u2019nun banliy\u00f6lerindeki terk edilmi\u015f bir internet kafeye g\u00f6tu\u0308ru\u0308yor. Ancak soru\u015fturma devam ederken kitleler u\u0308zerinde bu gizemli ki\u015finin popu\u0308laritesi art\u0131yor. Marjinaller, hiyerar\u015fi taraf\u0131ndan bask\u0131 g\u00f6renler ve sosyal medya kullan\u0131c\u0131lar\u0131&#8230;Hepsi bu gizemli olaya dahil oluyor.   Sosyal adaletsizlik, istismar ve yeni teknolojilerin hayat\u0131m\u0131zdaki etkisinin i\u015flendi\u011fi \u201cKehanet\u201d ile Tetsuya Tsutsui bu\u0308yu\u0308k bir d\u00f6nu\u0308\u015f yap\u0131yor. <\/p>\n","protected":false},"excerpt":{"rendered":"<p>Tokyo Siber Su\u00e7larla Mu\u0308cadele Birimi gergin durumda. Gazete maskesi takan bir ki\u015fi, tehdit, yang\u0131n \u00e7\u0131karma, sald\u0131r\u0131 ve tecavu\u0308z gibi su\u00e7lar\u0131 i\u015fleyen ki\u015filerin bilgilerini internette yay\u0131p, onlar\u0131<span class=\"excerpt-hellip\"> [\u2026]<\/span><\/p>\n","protected":false},"featured_media":0,"template":"","meta":{"_monsterinsights_skip_tracking":false,"_monsterinsights_sitenote_active":false,"_monsterinsights_sitenote_note":"","_monsterinsights_sitenote_category":0},"product_brand":[],"product_cat":[12416,12291],"product_tag":[],"class_list":{"0":"post-785787","1":"product","2":"type-product","3":"status-publish","5":"product_cat-cizgi-roman","6":"product_cat-edebiyat","7":"pa_cilt-ciltsiz","8":"pa_tur-kitap","9":"pa_yayinevi-athica-yayinlari","10":"pa_yazar-tetsuya-tsutsu","12":"first","13":"instock","14":"sale","15":"shipping-taxable","16":"purchasable","17":"product-type-simple"},"_links":{"self":[{"href":"https:\/\/roveyayinevi.com.tr\/index.php\/wp-json\/wp\/v2\/product\/785787","targetHints":{"allow":["GET"]}}],"collection":[{"href":"https:\/\/roveyayinevi.com.tr\/index.php\/wp-json\/wp\/v2\/product"}],"about":[{"href":"https:\/\/roveyayinevi.com.tr\/index.php\/wp-json\/wp\/v2\/types\/product"}],"wp:attachment":[{"href":"https:\/\/roveyayinevi.com.tr\/index.php\/wp-json\/wp\/v2\/media?parent=785787"}],"wp:term":[{"taxonomy":"product_brand","embeddable":true,"href":"https:\/\/roveyayinevi.com.tr\/index.php\/wp-json\/wp\/v2\/product_brand?post=785787"},{"taxonomy":"product_cat","embeddable":true,"href":"https:\/\/roveyayinevi.com.tr\/index.php\/wp-json\/wp\/v2\/product_cat?post=785787"},{"taxonomy":"product_tag","embeddable":true,"href":"https:\/\/roveyayinevi.com.tr\/index.php\/wp-json\/wp\/v2\/product_tag?post=785787"}],"curies":[{"name":"wp","href":"https:\/\/api.w.org\/{rel}","templated":true}]}}