{"id":785785,"date":"2026-04-11T03:11:13","date_gmt":"2026-04-11T00:11:13","guid":{"rendered":"https:\/\/roveyayinevi.com.tr\/index.php\/urun\/erteleme-2\/"},"modified":"2026-04-16T03:03:11","modified_gmt":"2026-04-16T00:03:11","slug":"erteleme-2","status":"publish","type":"product","link":"https:\/\/roveyayinevi.com.tr\/index.php\/urun\/erteleme-2\/","title":{"rendered":"Erteleme!"},"content":{"rendered":"<p>Ba\u015far\u0131s\u0131zl\u0131k korkusunu, bunalm\u0131\u015f hissetmeyi ve d\u00fc\u015f\u00fck benlik alg\u0131s\u0131n\u0131 bir kenara b\u0131rak\u0131n ve \u015fimdiki zamanda ba\u015flayabilme yetene\u011finize odaklan\u0131n!Yorucu bir \u00e7a\u011fda hem de odaklanmay\u0131 engelleyen onca uyaran varken yapmak istenene odaklanmak, ba\u015flan\u0131lan i\u015fleri tamamlamak ve \u00fcretken olmak hemen hepimiz i\u00e7in \u00e7ok zor. Buna kar\u015f\u0131n d\u00fcnyan\u0131n de\u011fi\u015fen ve gitgide zorla\u015fan ko\u015fullar\u0131nda t\u00fckenmi\u015fli\u011fe kap\u0131lmadan zihni berrak tutmak, dinginle\u015fmek ve ertelemeden i\u015fe koyulmak art\u0131k hayati bir \u00f6neme sahip.Erteleme, bir g\u00f6reve ba\u015flama veya tamamlama konusundaki endi\u015fenizle ba\u015f etmek i\u00e7in geli\u015ftirdi\u011finiz bir al\u0131\u015fkanl\u0131kt\u0131r. S\u0131k\u0131c\u0131 veya bunalt\u0131c\u0131 g\u00f6revlerle ba\u015fa \u00e7\u0131kmak i\u00e7in denedi\u011finiz \u00e7\u00f6z\u00fcmd\u00fcr. Ancak k\u00f6t\u00fc haber \u015fu ki erteledikleriniz kaybolmazlar, hal\u0131n\u0131n alt\u0131na s\u00fcp\u00fcrd\u00fc\u011f\u00fcn\u00fcz her \u015fey g\u00fcn gelir hal\u0131y\u0131 u\u00e7ururlar.Psikolog ve \u00fcst d\u00fczey y\u00f6netici rehberi Neil Fiore, \u00e7oksatan ve pek \u00e7ok dile \u00e7evrilen ERTELEME! kitab\u0131yla hem \u00f6zel ya\u015fam hem de i\u015f hayat\u0131 i\u00e7in gereken hayati ipu\u00e7lar\u0131n\u0131 bir araya getiriyor. Su\u00e7luluk, endi\u015fe, kayg\u0131 ve kendinizle ilgili \u015f\u00fcpheleri azaltman\u0131z i\u00e7in g\u00fcndelik hayata uygun yeni ve etkili stratejilerle erteleme d\u00f6ng\u00fcs\u00fcnden kurtulman\u0131z\u0131 sa\u011fl\u0131yor. ERTELEME! \u00f6nemli g\u00f6revleri \u00f6nceliklendirmek, \u00fcretkenlik, odaklanmak, bo\u015f zamanlar\u0131n\u0131zdan daha fazla keyif almak, rahatlamak ve i\u015f-ya\u015fam dengesini korumak i\u00e7in yard\u0131m arama cesareti ve azmine sahip herkes i\u00e7in g\u00fc\u00e7lendirici ve destekleyici bir stratejik program.<\/p>\n","protected":false},"excerpt":{"rendered":"<p>Ba\u015far\u0131s\u0131zl\u0131k korkusunu, bunalm\u0131\u015f hissetmeyi ve d\u00fc\u015f\u00fck benlik alg\u0131s\u0131n\u0131 bir kenara b\u0131rak\u0131n ve \u015fimdiki zamanda ba\u015flayabilme yetene\u011finize odaklan\u0131n!Yorucu bir \u00e7a\u011fda hem de odaklanmay\u0131 engelleyen onca uyaran varken<span class=\"excerpt-hellip\"> [\u2026]<\/span><\/p>\n","protected":false},"featured_media":0,"template":"","meta":{"_monsterinsights_skip_tracking":false,"_monsterinsights_sitenote_active":false,"_monsterinsights_sitenote_note":"","_monsterinsights_sitenote_category":0},"product_brand":[],"product_cat":[12364,12376],"product_tag":[],"class_list":{"0":"post-785785","1":"product","2":"type-product","3":"status-publish","5":"product_cat-genel-konular","6":"product_cat-kisisel-gelisim","7":"pa_cilt-ciltsiz","8":"pa_tur-kitap","9":"pa_yayinevi-serenad-yayinevi","10":"pa_yazar-neil-a-fiore-ph-d","12":"first","13":"instock","14":"sale","15":"shipping-taxable","16":"purchasable","17":"product-type-simple"},"_links":{"self":[{"href":"https:\/\/roveyayinevi.com.tr\/index.php\/wp-json\/wp\/v2\/product\/785785","targetHints":{"allow":["GET"]}}],"collection":[{"href":"https:\/\/roveyayinevi.com.tr\/index.php\/wp-json\/wp\/v2\/product"}],"about":[{"href":"https:\/\/roveyayinevi.com.tr\/index.php\/wp-json\/wp\/v2\/types\/product"}],"wp:attachment":[{"href":"https:\/\/roveyayinevi.com.tr\/index.php\/wp-json\/wp\/v2\/media?parent=785785"}],"wp:term":[{"taxonomy":"product_brand","embeddable":true,"href":"https:\/\/roveyayinevi.com.tr\/index.php\/wp-json\/wp\/v2\/product_brand?post=785785"},{"taxonomy":"product_cat","embeddable":true,"href":"https:\/\/roveyayinevi.com.tr\/index.php\/wp-json\/wp\/v2\/product_cat?post=785785"},{"taxonomy":"product_tag","embeddable":true,"href":"https:\/\/roveyayinevi.com.tr\/index.php\/wp-json\/wp\/v2\/product_tag?post=785785"}],"curies":[{"name":"wp","href":"https:\/\/api.w.org\/{rel}","templated":true}]}}