{"id":785783,"date":"2026-04-11T03:02:41","date_gmt":"2026-04-11T00:02:41","guid":{"rendered":"https:\/\/roveyayinevi.com.tr\/index.php\/urun\/iste-bunlar-hep-matematik\/"},"modified":"2026-04-16T02:54:54","modified_gmt":"2026-04-15T23:54:54","slug":"iste-bunlar-hep-matematik","status":"publish","type":"product","link":"https:\/\/roveyayinevi.com.tr\/index.php\/urun\/iste-bunlar-hep-matematik\/","title":{"rendered":"\u0130\u015fte Bunlar Hep Matematik"},"content":{"rendered":"<p>Mesele ister \u00e7ok basamakl\u0131lar\u0131n \u00e7arp\u0131m\u0131 gibi seni s\u0131n\u0131f\u0131n kahraman\u0131 yapacak konular olsun, ister g\u00fcndelik hayatta karizman\u0131 parlatacak karma\u015f\u0131k denklemler; \u0130\u015fte Bunlar Hep Matematik, problemleri problem olmaktan \u00e7\u0131kar\u0131yor.  Matemati\u011fi g\u00f6r\u00fcn\u00fcr k\u0131lan \u00e7izimlerle dolu bu e\u011flenceli kitapta, sihirli Fibonacci dizisiyle tan\u0131\u015facak, bir f\u0131rt\u0131nan\u0131n uzakl\u0131\u011f\u0131n\u0131 \u2013veya garsona b\u0131rak\u0131lacak bah\u015fi\u015fi\u2013 hesaplaman\u0131n ya da bir \u015fifreyi k\u0131rman\u0131n ilgin\u00e7 yollar\u0131n\u0131 bulacaks\u0131n.   En basit \u00e7arp\u0131mdan en karma\u015f\u0131k hesaba matematik hi\u00e7 bu kadar kolay olmam\u0131\u015ft\u0131. 8 dile \u00e7evrilen ve yay\u0131mland\u0131\u011f\u0131 \u00fclkelerde b\u00fcy\u00fck ilgi g\u00f6ren \u201c\u0130\u015fte Bunlar Hep\u2026&#8221; serisinin be\u015finci kitab\u0131 \u0130\u015eTE BUNLAR HEP MATEMAT\u0130K, her ya\u015ftan gence matematik becerisini geli\u015ftirmek i\u00e7in 50 yol sunuyor. Problem mi? Hi\u00e7 problem de\u011fil!(Tan\u0131t\u0131m B\u00fclteninden)<\/p>\n","protected":false},"excerpt":{"rendered":"<p>Mesele ister \u00e7ok basamakl\u0131lar\u0131n \u00e7arp\u0131m\u0131 gibi seni s\u0131n\u0131f\u0131n kahraman\u0131 yapacak konular olsun, ister g\u00fcndelik hayatta karizman\u0131 parlatacak karma\u015f\u0131k denklemler; \u0130\u015fte Bunlar Hep Matematik, problemleri problem olmaktan<span class=\"excerpt-hellip\"> [\u2026]<\/span><\/p>\n","protected":false},"featured_media":0,"template":"","meta":{"_monsterinsights_skip_tracking":false,"_monsterinsights_sitenote_active":false,"_monsterinsights_sitenote_note":"","_monsterinsights_sitenote_category":0},"product_brand":[],"product_cat":[12274,15842],"product_tag":[],"class_list":{"0":"post-785783","1":"product","2":"type-product","3":"status-publish","5":"product_cat-cocuk-ve-genclik-kitaplari","6":"product_cat-egitici-kitaplar","7":"pa_cilt-ciltsiz","8":"pa_tur-kitap","9":"pa_yayinevi-domingo-yayinevi","10":"pa_yazar-katie-hewett","12":"first","13":"instock","14":"sale","15":"shipping-taxable","16":"purchasable","17":"product-type-simple"},"_links":{"self":[{"href":"https:\/\/roveyayinevi.com.tr\/index.php\/wp-json\/wp\/v2\/product\/785783","targetHints":{"allow":["GET"]}}],"collection":[{"href":"https:\/\/roveyayinevi.com.tr\/index.php\/wp-json\/wp\/v2\/product"}],"about":[{"href":"https:\/\/roveyayinevi.com.tr\/index.php\/wp-json\/wp\/v2\/types\/product"}],"wp:attachment":[{"href":"https:\/\/roveyayinevi.com.tr\/index.php\/wp-json\/wp\/v2\/media?parent=785783"}],"wp:term":[{"taxonomy":"product_brand","embeddable":true,"href":"https:\/\/roveyayinevi.com.tr\/index.php\/wp-json\/wp\/v2\/product_brand?post=785783"},{"taxonomy":"product_cat","embeddable":true,"href":"https:\/\/roveyayinevi.com.tr\/index.php\/wp-json\/wp\/v2\/product_cat?post=785783"},{"taxonomy":"product_tag","embeddable":true,"href":"https:\/\/roveyayinevi.com.tr\/index.php\/wp-json\/wp\/v2\/product_tag?post=785783"}],"curies":[{"name":"wp","href":"https:\/\/api.w.org\/{rel}","templated":true}]}}