{"id":785781,"date":"2026-04-11T02:56:11","date_gmt":"2026-04-10T23:56:11","guid":{"rendered":"https:\/\/roveyayinevi.com.tr\/index.php\/urun\/bi-sor-seni-neden-sectim\/"},"modified":"2026-04-16T02:47:51","modified_gmt":"2026-04-15T23:47:51","slug":"bi-sor-seni-neden-sectim","status":"publish","type":"product","link":"https:\/\/roveyayinevi.com.tr\/index.php\/urun\/bi-sor-seni-neden-sectim\/","title":{"rendered":"Bi Sor Seni Neden Se\u00e7tim"},"content":{"rendered":"<p>A\u015fk\u0131 ya\u015fayanlara, hi\u00e7bir zaman tatmam\u0131\u015flara ve a\u015fka niyeti olanlara\u2026 Bi Sor Seni Neden Se\u00e7tim kime; neden, nas\u0131l \u00e2\u015f\u0131k oldu\u011fumuz sorusu kadar, romantik ili\u015fkilerimizde bazen neyi yanl\u0131\u015f yapt\u0131\u011f\u0131m\u0131z\u0131 anlayabilmek i\u00e7in a\u015fk\u0131n el kitab\u0131 niteli\u011finde bir rehber.   Bi Sor Seni Neden Se\u00e7tim, hem romantik ili\u015fkilere verilen tepkileri anlaman\u0131z\u0131 hem de n\u00f6robiyolojik y\u00f6nden insan beyninin nas\u0131l \u00e7al\u0131\u015ft\u0131\u011f\u0131 hakk\u0131nda fikir sahibi olman\u0131z\u0131 sa\u011flayacak.   De\u011fi\u015fen d\u00fcnya d\u00fczeninde h\u0131zla artan ruh ve beden sa\u011fl\u0131\u011f\u0131 problemlerinden kendinizi korumaya, ruhsal anlamda geli\u015ftirmeye ve a\u015fk\u0131 anlay\u0131p romantik ili\u015fkilerinizi sa\u011flamla\u015ft\u0131rmaya katk\u0131da bulunacak.    <\/p>\n","protected":false},"excerpt":{"rendered":"<p>A\u015fk\u0131 ya\u015fayanlara, hi\u00e7bir zaman tatmam\u0131\u015flara ve a\u015fka niyeti olanlara\u2026 Bi Sor Seni Neden Se\u00e7tim kime; neden, nas\u0131l \u00e2\u015f\u0131k oldu\u011fumuz sorusu kadar, romantik ili\u015fkilerimizde bazen neyi yanl\u0131\u015f<span class=\"excerpt-hellip\"> [\u2026]<\/span><\/p>\n","protected":false},"featured_media":0,"template":"","meta":{"_monsterinsights_skip_tracking":false,"_monsterinsights_sitenote_active":false,"_monsterinsights_sitenote_note":"","_monsterinsights_sitenote_category":0},"product_brand":[],"product_cat":[12358,12357],"product_tag":[],"class_list":{"0":"post-785781","1":"product","2":"type-product","3":"status-publish","5":"product_cat-genel-psikoloji","6":"product_cat-psikoloji","7":"pa_cilt-ciltsiz","8":"pa_tur-kitap","9":"pa_yayinevi-nemesis-kitap","10":"pa_yazar-timur-harzadin","12":"first","13":"instock","14":"sale","15":"shipping-taxable","16":"purchasable","17":"product-type-simple"},"_links":{"self":[{"href":"https:\/\/roveyayinevi.com.tr\/index.php\/wp-json\/wp\/v2\/product\/785781","targetHints":{"allow":["GET"]}}],"collection":[{"href":"https:\/\/roveyayinevi.com.tr\/index.php\/wp-json\/wp\/v2\/product"}],"about":[{"href":"https:\/\/roveyayinevi.com.tr\/index.php\/wp-json\/wp\/v2\/types\/product"}],"wp:attachment":[{"href":"https:\/\/roveyayinevi.com.tr\/index.php\/wp-json\/wp\/v2\/media?parent=785781"}],"wp:term":[{"taxonomy":"product_brand","embeddable":true,"href":"https:\/\/roveyayinevi.com.tr\/index.php\/wp-json\/wp\/v2\/product_brand?post=785781"},{"taxonomy":"product_cat","embeddable":true,"href":"https:\/\/roveyayinevi.com.tr\/index.php\/wp-json\/wp\/v2\/product_cat?post=785781"},{"taxonomy":"product_tag","embeddable":true,"href":"https:\/\/roveyayinevi.com.tr\/index.php\/wp-json\/wp\/v2\/product_tag?post=785781"}],"curies":[{"name":"wp","href":"https:\/\/api.w.org\/{rel}","templated":true}]}}