{"id":785780,"date":"2026-04-11T02:55:00","date_gmt":"2026-04-10T23:55:00","guid":{"rendered":"https:\/\/roveyayinevi.com.tr\/index.php\/urun\/ofke-terbiyesi\/"},"modified":"2026-04-15T02:59:00","modified_gmt":"2026-04-14T23:59:00","slug":"ofke-terbiyesi","status":"publish","type":"product","link":"https:\/\/roveyayinevi.com.tr\/index.php\/urun\/ofke-terbiyesi\/","title":{"rendered":"\u00d6fke Terbiyesi"},"content":{"rendered":"<p>\u201c\u00d6fke ge\u00e7ici bir \u00e7\u0131lg\u0131nl\u0131kt\u0131r. H\u00fckmetmeye bak yoksa o sana h\u00fckmeder.\u201d \u2013 Horatius * G\u00fcnl\u00fck hayatta \u00f6fkenin u\u011framad\u0131\u011f\u0131 herhangi bir kimse var m\u0131d\u0131r? Kalabal\u0131k \u015fehirlerde ya\u015famak, trafikte bo\u011fulmak, haks\u0131zl\u0131\u011fa u\u011framak pek \u00e7o\u011fumuzu o ince k\u0131rm\u0131z\u0131 \u00e7izgiye getirir, ta\u015fan son damlayla her \u015fey kontrolden \u00e7\u0131kar. \u00d6fke sahip oldu\u011fumuz en karma\u015f\u0131k duygulardan biridir ve onu dizginlemek imk\u00e2ns\u0131zd\u0131r. Ancak, \u00f6fkenin g\u00fcc\u00fcn\u00fc do\u011fru yere, do\u011fru \u015fekilde  \u00f6nlendirdi\u011fimizde y\u0131k\u0131c\u0131l\u0131\u011fa de\u011fil bilgeli\u011fe d\u00f6n\u00fc\u015f\u00fcr.     Lisansl\u0131 klinik profesyonel dan\u0131\u015fman ve hipnoterapist Aaron Karmin, \u00d6fke Terbiyesi adl\u0131 bu kitapta anla\u015f\u0131l\u0131r \u00f6\u011fretiler, pratik ipu\u00e7lar\u0131 ve bili\u015fsel davran\u0131\u015f terapisine ait kan\u0131tlanm\u0131\u015f stratejilerle \u00f6fke terbiyesinin karma\u015f\u0131k yollar\u0131n\u0131 sizin i\u00e7in basitle\u015ftiriyor. H\u0131zl\u0131 sonu\u00e7 alaca\u011f\u0131n\u0131z tekniklerle dolu olan bu kitap, sakin kalman\u0131za, tetikleyicilerinizi belirlemenize ve duygular\u0131n\u0131z\u0131 dengelemenize yard\u0131mc\u0131 oluyor. Olumsuz ve kendinize y\u00f6nelik ele\u015ftirel d\u00fc\u015f\u00fcnceleri frenlemeye, kendinize \u00f6ncelik tan\u0131maya ve hayata kar\u015f\u0131 daha olumlu bir bak\u0131\u015f a\u00e7\u0131s\u0131 geli\u015ftirmeye y\u00f6nelik stratejilerle duygusal zek\u00e2n\u0131z\u0131 g\u00fc\u00e7lendirmek i\u00e7in gereken \u00e7areyi size sunuyor.<\/p>\n","protected":false},"excerpt":{"rendered":"<p>\u201c\u00d6fke ge\u00e7ici bir \u00e7\u0131lg\u0131nl\u0131kt\u0131r. H\u00fckmetmeye bak yoksa o sana h\u00fckmeder.\u201d \u2013 Horatius * G\u00fcnl\u00fck hayatta \u00f6fkenin u\u011framad\u0131\u011f\u0131 herhangi bir kimse var m\u0131d\u0131r? Kalabal\u0131k \u015fehirlerde ya\u015famak, trafikte<span class=\"excerpt-hellip\"> [\u2026]<\/span><\/p>\n","protected":false},"featured_media":0,"template":"","meta":{"_monsterinsights_skip_tracking":false,"_monsterinsights_sitenote_active":false,"_monsterinsights_sitenote_note":"","_monsterinsights_sitenote_category":0},"product_brand":[],"product_cat":[12364,12376],"product_tag":[],"class_list":{"0":"post-785780","1":"product","2":"type-product","3":"status-publish","5":"product_cat-genel-konular","6":"product_cat-kisisel-gelisim","7":"pa_cilt-ciltsiz","8":"pa_tur-kitap","9":"pa_yayinevi-serenad-yayinevi","10":"pa_yazar-aaron-karmin","12":"first","13":"instock","14":"sale","15":"shipping-taxable","16":"purchasable","17":"product-type-simple"},"_links":{"self":[{"href":"https:\/\/roveyayinevi.com.tr\/index.php\/wp-json\/wp\/v2\/product\/785780","targetHints":{"allow":["GET"]}}],"collection":[{"href":"https:\/\/roveyayinevi.com.tr\/index.php\/wp-json\/wp\/v2\/product"}],"about":[{"href":"https:\/\/roveyayinevi.com.tr\/index.php\/wp-json\/wp\/v2\/types\/product"}],"wp:attachment":[{"href":"https:\/\/roveyayinevi.com.tr\/index.php\/wp-json\/wp\/v2\/media?parent=785780"}],"wp:term":[{"taxonomy":"product_brand","embeddable":true,"href":"https:\/\/roveyayinevi.com.tr\/index.php\/wp-json\/wp\/v2\/product_brand?post=785780"},{"taxonomy":"product_cat","embeddable":true,"href":"https:\/\/roveyayinevi.com.tr\/index.php\/wp-json\/wp\/v2\/product_cat?post=785780"},{"taxonomy":"product_tag","embeddable":true,"href":"https:\/\/roveyayinevi.com.tr\/index.php\/wp-json\/wp\/v2\/product_tag?post=785780"}],"curies":[{"name":"wp","href":"https:\/\/api.w.org\/{rel}","templated":true}]}}