{"id":785777,"date":"2026-04-11T02:37:11","date_gmt":"2026-04-10T23:37:11","guid":{"rendered":"https:\/\/roveyayinevi.com.tr\/index.php\/urun\/canakkale-savasi-2\/"},"modified":"2026-04-16T02:29:53","modified_gmt":"2026-04-15T23:29:53","slug":"canakkale-savasi-2","status":"publish","type":"product","link":"https:\/\/roveyayinevi.com.tr\/index.php\/urun\/canakkale-savasi-2\/","title":{"rendered":"\u00c7anakkale Sava\u015f\u0131"},"content":{"rendered":"<p>Osmanl\u0131 Tarihi Dizisi\u00b4nin yazar\u0131ndan bir \u00c7anakkale destan\u0131&#8230; Pek \u00e7ok belge ve foto\u011frafla zenginle\u015ftirilmi\u015f heyecanl\u0131 bir anlat\u0131m ile tarihimizin en \u00f6nemli olaylar\u0131ndan birini okuyacaks\u0131n\u0131z&#8230;<\/p>\n","protected":false},"excerpt":{"rendered":"<p>Osmanl\u0131 Tarihi Dizisi\u00b4nin yazar\u0131ndan bir \u00c7anakkale destan\u0131&#8230; Pek \u00e7ok belge ve foto\u011frafla zenginle\u015ftirilmi\u015f heyecanl\u0131 bir anlat\u0131m ile tarihimizin en \u00f6nemli olaylar\u0131ndan birini okuyacaks\u0131n\u0131z&#8230;<\/p>\n","protected":false},"featured_media":0,"template":"","meta":{"_monsterinsights_skip_tracking":false,"_monsterinsights_sitenote_active":false,"_monsterinsights_sitenote_note":"","_monsterinsights_sitenote_category":0},"product_brand":[],"product_cat":[12370,12304],"product_tag":[],"class_list":{"0":"post-785777","1":"product","2":"type-product","3":"status-publish","5":"product_cat-arastirma-inceleme","6":"product_cat-tarih","7":"pa_cilt-ciltsiz","8":"pa_tur-kitap","9":"pa_yayinevi-ugurbocegi-yayinlari","10":"pa_yazar-zehra-ayduz","12":"first","13":"instock","14":"sale","15":"shipping-taxable","16":"purchasable","17":"product-type-simple"},"_links":{"self":[{"href":"https:\/\/roveyayinevi.com.tr\/index.php\/wp-json\/wp\/v2\/product\/785777","targetHints":{"allow":["GET"]}}],"collection":[{"href":"https:\/\/roveyayinevi.com.tr\/index.php\/wp-json\/wp\/v2\/product"}],"about":[{"href":"https:\/\/roveyayinevi.com.tr\/index.php\/wp-json\/wp\/v2\/types\/product"}],"wp:attachment":[{"href":"https:\/\/roveyayinevi.com.tr\/index.php\/wp-json\/wp\/v2\/media?parent=785777"}],"wp:term":[{"taxonomy":"product_brand","embeddable":true,"href":"https:\/\/roveyayinevi.com.tr\/index.php\/wp-json\/wp\/v2\/product_brand?post=785777"},{"taxonomy":"product_cat","embeddable":true,"href":"https:\/\/roveyayinevi.com.tr\/index.php\/wp-json\/wp\/v2\/product_cat?post=785777"},{"taxonomy":"product_tag","embeddable":true,"href":"https:\/\/roveyayinevi.com.tr\/index.php\/wp-json\/wp\/v2\/product_tag?post=785777"}],"curies":[{"name":"wp","href":"https:\/\/api.w.org\/{rel}","templated":true}]}}