{"id":785775,"date":"2026-04-11T02:22:41","date_gmt":"2026-04-10T23:22:41","guid":{"rendered":"https:\/\/roveyayinevi.com.tr\/index.php\/urun\/vazgecmediklerinin-toplamidir-insan\/"},"modified":"2026-04-16T02:17:34","modified_gmt":"2026-04-15T23:17:34","slug":"vazgecmediklerinin-toplamidir-insan","status":"publish","type":"product","link":"https:\/\/roveyayinevi.com.tr\/index.php\/urun\/vazgecmediklerinin-toplamidir-insan\/","title":{"rendered":"Vazge\u00e7mediklerinin Toplam\u0131d\u0131r \u0130nsan"},"content":{"rendered":"<p>\u201cNereye d\u00f6nse, ne yapsa vazge\u00e7emedi\u011fi ve b\u0131rakamad\u0131\u011f\u0131 \u015feylerintoplam\u0131d\u0131r insan. Onlar\u0131n i\u00e7imizde birikmesidir varl\u0131\u011f\u0131m\u0131z\u0131n esas\u0131n\u0131olu\u015fturan. Kristaller halinde i\u00e7imizde \u00e7\u00f6kelmesi, yer etmesidir. Enba\u015ftan bizi orada bekleyen, verili bir kimlikle, \u2018f\u0131trat\u0131m\u0131za\u2019 kay\u0131tl\u0131bir \u00f6zle ba\u015flamay\u0131z hayata. (\u2026) y\u00fcce bir gayretle adeta yoktanvar ederek ad\u0131m ad\u0131m in\u015fa ederiz kendimizi. Ya\u015fad\u0131\u011f\u0131m\u0131z b\u00fct\u00fcnayr\u0131l\u0131klar\u0131n, kay\u0131plar\u0131n ve h\u00fcsranlar\u0131n yas\u0131n\u0131 tutarak, onlardan vebozulan her ili\u015fkiden, sevdiklerimizi inciten ve ac\u0131tan her \u015feydenkendimizi de sorumlu sayarak insan oluruz. Hi\u00e7 terk etmeden. Herkay\u0131pta, kaybetti\u011fimiz ki\u015fi ya da \u015feyle \u00f6zde\u015fle\u015ferek. Onlar\u0131n g\u00f6lgesini\u00fcst\u00fcm\u00fcze d\u00fc\u015f\u00fcre d\u00fc\u015f\u00fcre kurar\u0131z benli\u011fimizi. Varl\u0131\u011f\u0131m\u0131z\u0131n en i\u00e7inde,her birimizi vefas\u0131zl\u0131ktan ve kadir-k\u0131ymet bilmezlikten esirgeyeng\u00fc\u00e7l\u00fc bir \u00e7ekirde\u011fi muhafaza ederek. (\u2026) Te\u015fekk\u00fcr etmeyi ve minnetduymay\u0131 ta ba\u015fta \u00f6\u011freniriz.\u201dTravmalar\u0131n \u00fcst \u00fcste geldi\u011fi, yo\u011fun ve \u201ck\u00f6t\u00fc\u201d duygularla hemhaloldu\u011fumuz zamanlarday\u0131z. Yas tutuyor veya daha k\u00f6t\u00fcs\u00fc tutam\u0131yor,h\u00fczne bo\u011fuluyor, \u00e7aresizlik hissediyor, kar\u015f\u0131la\u015ft\u0131\u011f\u0131m\u0131z sevgisizlik venefret kar\u015f\u0131s\u0131nda deh\u015fete d\u00fc\u015f\u00fcyoruz. Duygular, geldi\u011fi gibi ya\u015fan\u0131relbette. Ama onlarla nas\u0131l ya\u015fayaca\u011f\u0131m\u0131z \u00fczerine d\u00fc\u015f\u00fcnmemiz gerekenbir mesele.Erdo\u011fan \u00d6zmen, duygularla akl\u0131n, duygularla politikan\u0131n iki alakas\u0131zk\u00fcre olmad\u0131\u011f\u0131n\u0131 g\u00f6steriyor bu kitab\u0131nda da. Ba\u015fta yas ve melankoliolmak \u00fczere, duygu durumlar\u0131m\u0131z \u00fczerine d\u00fc\u015f\u00fcn\u00fcyor. Gayet yal\u0131n,k\u00f6t\u00fcl\u00fck ve iyilik \u00fczerine d\u00fc\u015f\u00fcn\u00fcyor asl\u0131nda.Y\u00fczle\u015fti\u011fi h\u00fczne kat\u0131lan bir \u00fcslupla, ama hem de tutkuyla, ya\u015famsevgisiyle yaz\u0131lm\u0131\u015f denemeler. <\/p>\n","protected":false},"excerpt":{"rendered":"<p>\u201cNereye d\u00f6nse, ne yapsa vazge\u00e7emedi\u011fi ve b\u0131rakamad\u0131\u011f\u0131 \u015feylerintoplam\u0131d\u0131r insan. Onlar\u0131n i\u00e7imizde birikmesidir varl\u0131\u011f\u0131m\u0131z\u0131n esas\u0131n\u0131olu\u015fturan. Kristaller halinde i\u00e7imizde \u00e7\u00f6kelmesi, yer etmesidir. Enba\u015ftan bizi orada bekleyen, verili bir<span class=\"excerpt-hellip\"> [\u2026]<\/span><\/p>\n","protected":false},"featured_media":0,"template":"","meta":{"_monsterinsights_skip_tracking":false,"_monsterinsights_sitenote_active":false,"_monsterinsights_sitenote_note":"","_monsterinsights_sitenote_category":0},"product_brand":[],"product_cat":[12835,12324],"product_tag":[],"class_list":{"0":"post-785775","1":"product","2":"type-product","3":"status-publish","5":"product_cat-genel-sosyoloji","6":"product_cat-sosyoloji","7":"pa_cilt-ciltsiz","8":"pa_tur-kitap","9":"pa_yayinevi-iletisim-yayinlari","10":"pa_yazar-erdogan-ozmen","12":"first","13":"instock","14":"sale","15":"shipping-taxable","16":"purchasable","17":"product-type-simple"},"_links":{"self":[{"href":"https:\/\/roveyayinevi.com.tr\/index.php\/wp-json\/wp\/v2\/product\/785775","targetHints":{"allow":["GET"]}}],"collection":[{"href":"https:\/\/roveyayinevi.com.tr\/index.php\/wp-json\/wp\/v2\/product"}],"about":[{"href":"https:\/\/roveyayinevi.com.tr\/index.php\/wp-json\/wp\/v2\/types\/product"}],"wp:attachment":[{"href":"https:\/\/roveyayinevi.com.tr\/index.php\/wp-json\/wp\/v2\/media?parent=785775"}],"wp:term":[{"taxonomy":"product_brand","embeddable":true,"href":"https:\/\/roveyayinevi.com.tr\/index.php\/wp-json\/wp\/v2\/product_brand?post=785775"},{"taxonomy":"product_cat","embeddable":true,"href":"https:\/\/roveyayinevi.com.tr\/index.php\/wp-json\/wp\/v2\/product_cat?post=785775"},{"taxonomy":"product_tag","embeddable":true,"href":"https:\/\/roveyayinevi.com.tr\/index.php\/wp-json\/wp\/v2\/product_tag?post=785775"}],"curies":[{"name":"wp","href":"https:\/\/api.w.org\/{rel}","templated":true}]}}