{"id":785769,"date":"2026-04-08T03:47:32","date_gmt":"2026-04-08T00:47:32","guid":{"rendered":"https:\/\/roveyayinevi.com.tr\/index.php\/urun\/antik-cag-arsivleri\/"},"modified":"2026-04-15T03:50:11","modified_gmt":"2026-04-15T00:50:11","slug":"antik-cag-arsivleri","status":"publish","type":"product","link":"https:\/\/roveyayinevi.com.tr\/index.php\/urun\/antik-cag-arsivleri\/","title":{"rendered":"Antik \u00c7a\u011f Ar\u015fivleri"},"content":{"rendered":"<p>Bu kitapta, devletlerin y\u00f6netimi, kurumlar\u0131n\u0131n \u00e7al\u0131\u015fabilmesi ve s\u00fcreklili\u011fi i\u00e7in gerekli b\u00fcrokrasinin \u00fcretti\u011fi belgeler ile olu\u015fturulan ar\u015fivlerin, Antik \u00c7a\u011f boyunca bin y\u0131ll\u0131k bir zaman dilimi i\u00e7indeki geli\u015fimini bulabilirsiniz. Ar\u015fivler, sosyal bilimlerle ve tarihle u\u011fra\u015fan ara\u015ft\u0131r\u0131c\u0131lar i\u00e7in vazge\u00e7ilmez bilgi kaynaklar\u0131d\u0131r; bu belgeler sayesinde insanlar\u0131n birbiriyle ya da kurumlarla olan ili\u015fkileri, toplum d\u00fczeni i\u00e7in gerekli y\u00f6netimsel ve hukuki d\u00fczenlemeler, devletlerle yap\u0131lan antla\u015fmalar; davalar, askerlik, vergi toplama, \u00f6d\u00fcn\u00e7 vermeler, evlilikler ve toprak payla\u015f\u0131m\u0131 gibi konular ele al\u0131nm\u0131\u015ft\u0131r. \u00d6nceleri s\u00f6zel olarak al\u0131nan kararlar, M\u00d6 3. bin y\u0131lda Mezopotamya\u2019da S\u00fcmerler taraf\u0131ndan \u00e7ivi yaz\u0131s\u0131n\u0131n bulunmas\u0131 ile yaz\u0131l\u0131 h\u00e2le, dolay\u0131s\u0131yla kal\u0131c\u0131 ar\u015fiv belgelerine d\u00f6n\u00fc\u015fm\u00fc\u015ft\u00fcr. Eski Yunan, Helenistik ve Roma d\u00f6nemlerine ait ar\u015fivle ilgili binalar\u0131n olu\u015fturulmas\u0131, belgelerin yaz\u0131ld\u0131\u011f\u0131 malzemeler, belge i\u00e7eriklerine ait \u00f6rnekler ve dolay\u0131s\u0131yla o d\u00f6nemlerdeki ya\u015fama dair \u00f6rnekler sunulmu\u015ftur. Bizim a\u00e7\u0131m\u0131zdan ayr\u0131 bir \u00f6nemi olan Anadolu\u2019da da mutlaka benzer ar\u015fiv olu\u015fumlar\u0131 mevcuttur. Teos\u2019da bulunan kira s\u00f6zle\u015fmeleri, Patara\u2019da ortaya \u00e7\u0131kar\u0131lan meclis binas\u0131, Aizanoi\u2019de bulunan borsa binas\u0131, bu yerle\u015fimlerde bir ar\u015fiv binas\u0131 oldu\u011funa i\u015faret eden \u00f6rneklerdir.Bu kitap, ar\u015fiv konusunda bilgi sahibi olmak isteyenlerin yolunu bir nebze de olsa ayd\u0131nlatacakt\u0131r. \u00dclkemizde gelecekte yap\u0131lacak kaz\u0131 ve epigrafik \u00e7al\u0131\u015fmalar, bizi daha da ayr\u0131nt\u0131l\u0131 bilgilere ula\u015ft\u0131racakt\u0131r.<\/p>\n","protected":false},"excerpt":{"rendered":"<p>Bu kitapta, devletlerin y\u00f6netimi, kurumlar\u0131n\u0131n \u00e7al\u0131\u015fabilmesi ve s\u00fcreklili\u011fi i\u00e7in gerekli b\u00fcrokrasinin \u00fcretti\u011fi belgeler ile olu\u015fturulan ar\u015fivlerin, Antik \u00c7a\u011f boyunca bin y\u0131ll\u0131k bir zaman dilimi i\u00e7indeki geli\u015fimini<span class=\"excerpt-hellip\"> [\u2026]<\/span><\/p>\n","protected":false},"featured_media":0,"template":"","meta":{"_monsterinsights_skip_tracking":false,"_monsterinsights_sitenote_active":false,"_monsterinsights_sitenote_note":"","_monsterinsights_sitenote_category":0},"product_brand":[],"product_cat":[12312,12304],"product_tag":[],"class_list":{"0":"post-785769","1":"product","2":"type-product","3":"status-publish","5":"product_cat-diger","6":"product_cat-tarih","7":"pa_cilt-ciltsiz","8":"pa_tur-kitap","9":"pa_yayinevi-yeditepe-yayinevi","10":"pa_yazar-nuray-yildiz","12":"first","13":"instock","14":"sale","15":"shipping-taxable","16":"purchasable","17":"product-type-simple"},"_links":{"self":[{"href":"https:\/\/roveyayinevi.com.tr\/index.php\/wp-json\/wp\/v2\/product\/785769","targetHints":{"allow":["GET"]}}],"collection":[{"href":"https:\/\/roveyayinevi.com.tr\/index.php\/wp-json\/wp\/v2\/product"}],"about":[{"href":"https:\/\/roveyayinevi.com.tr\/index.php\/wp-json\/wp\/v2\/types\/product"}],"wp:attachment":[{"href":"https:\/\/roveyayinevi.com.tr\/index.php\/wp-json\/wp\/v2\/media?parent=785769"}],"wp:term":[{"taxonomy":"product_brand","embeddable":true,"href":"https:\/\/roveyayinevi.com.tr\/index.php\/wp-json\/wp\/v2\/product_brand?post=785769"},{"taxonomy":"product_cat","embeddable":true,"href":"https:\/\/roveyayinevi.com.tr\/index.php\/wp-json\/wp\/v2\/product_cat?post=785769"},{"taxonomy":"product_tag","embeddable":true,"href":"https:\/\/roveyayinevi.com.tr\/index.php\/wp-json\/wp\/v2\/product_tag?post=785769"}],"curies":[{"name":"wp","href":"https:\/\/api.w.org\/{rel}","templated":true}]}}