{"id":785767,"date":"2026-04-08T03:47:24","date_gmt":"2026-04-08T00:47:24","guid":{"rendered":"https:\/\/roveyayinevi.com.tr\/index.php\/urun\/cinarin-sapkasi\/"},"modified":"2026-04-11T14:51:31","modified_gmt":"2026-04-11T11:51:31","slug":"cinarin-sapkasi","status":"publish","type":"product","link":"https:\/\/roveyayinevi.com.tr\/index.php\/urun\/cinarin-sapkasi\/","title":{"rendered":"\u00c7\u0131nar\u2019\u0131n \u015eapkas\u0131"},"content":{"rendered":"<p>\u00c7\u0131nar, sabahlar\u0131 alarm\u0131n \u00e7almas\u0131ndan nefret ederdi. Ayr\u0131ca kabar\u0131k sa\u00e7lar\u0131ndan, \u00e7ok uzun boyundan ve \u00f6zellikle de resim ile matematik derslerinden\u2026 Bir sabah aynaya bakt\u0131\u011f\u0131nda kalbi yerinden f\u0131rlayacakt\u0131. \u00c7\u00fcnk\u00fc sa\u00e7lar\u0131n\u0131n aras\u0131ndan ona bakan iki kocaman g\u00f6z vard\u0131! Peki, sa\u00e7lar\u0131n\u0131n aras\u0131na gizlenmi\u015f bu renkli arkada\u015f sayesinde \u00c7\u0131nar, resim dersini sevebilir miydi? Matematik ger\u00e7ekten bir oyuna d\u00f6n\u00fc\u015febilir miydi? \u0130nsan, sevmedi\u011fi \u00f6zelliklerinin asl\u0131nda en g\u00fczel yanlar\u0131 oldu\u011funu ke\u015ffedebilir mi? Belki de bazen \u201ctuhaf\u201d sand\u0131\u011f\u0131m\u0131z \u015feyler, hayat\u0131m\u0131za gelen en g\u00fczel s\u00fcrprizlerdir.   SEN\u0130N DE SA\u00c7LARININ ARASINDA DA SAKLANAN B\u0130R T\u0130NO VARDIR BELK\u0130\u2026 K\u0130M B\u0130L\u0130R?<\/p>\n","protected":false},"excerpt":{"rendered":"<p>\u00c7\u0131nar, sabahlar\u0131 alarm\u0131n \u00e7almas\u0131ndan nefret ederdi. Ayr\u0131ca kabar\u0131k sa\u00e7lar\u0131ndan, \u00e7ok uzun boyundan ve \u00f6zellikle de resim ile matematik derslerinden\u2026 Bir sabah aynaya bakt\u0131\u011f\u0131nda kalbi yerinden f\u0131rlayacakt\u0131.<span class=\"excerpt-hellip\"> [\u2026]<\/span><\/p>\n","protected":false},"featured_media":0,"template":"","meta":{"_monsterinsights_skip_tracking":false,"_monsterinsights_sitenote_active":false,"_monsterinsights_sitenote_note":"","_monsterinsights_sitenote_category":0},"product_brand":[],"product_cat":[141304],"product_tag":[],"class_list":{"0":"post-785767","1":"product","2":"type-product","3":"status-publish","5":"product_cat-yeni-cikanlar","6":"pa_cilt-ciltsiz","7":"pa_tur-kitap","8":"pa_yayinevi-luna-cocuk-yayinlari","9":"pa_yazar-cigdem-avci","11":"first","12":"instock","13":"sale","14":"shipping-taxable","15":"purchasable","16":"product-type-simple"},"_links":{"self":[{"href":"https:\/\/roveyayinevi.com.tr\/index.php\/wp-json\/wp\/v2\/product\/785767","targetHints":{"allow":["GET"]}}],"collection":[{"href":"https:\/\/roveyayinevi.com.tr\/index.php\/wp-json\/wp\/v2\/product"}],"about":[{"href":"https:\/\/roveyayinevi.com.tr\/index.php\/wp-json\/wp\/v2\/types\/product"}],"wp:attachment":[{"href":"https:\/\/roveyayinevi.com.tr\/index.php\/wp-json\/wp\/v2\/media?parent=785767"}],"wp:term":[{"taxonomy":"product_brand","embeddable":true,"href":"https:\/\/roveyayinevi.com.tr\/index.php\/wp-json\/wp\/v2\/product_brand?post=785767"},{"taxonomy":"product_cat","embeddable":true,"href":"https:\/\/roveyayinevi.com.tr\/index.php\/wp-json\/wp\/v2\/product_cat?post=785767"},{"taxonomy":"product_tag","embeddable":true,"href":"https:\/\/roveyayinevi.com.tr\/index.php\/wp-json\/wp\/v2\/product_tag?post=785767"}],"curies":[{"name":"wp","href":"https:\/\/api.w.org\/{rel}","templated":true}]}}