{"id":785761,"date":"2026-04-08T03:47:01","date_gmt":"2026-04-08T00:47:01","guid":{"rendered":"https:\/\/roveyayinevi.com.tr\/index.php\/urun\/ates-puskurten-kiz\/"},"modified":"2026-04-15T03:49:39","modified_gmt":"2026-04-15T00:49:39","slug":"ates-puskurten-kiz","status":"publish","type":"product","link":"https:\/\/roveyayinevi.com.tr\/index.php\/urun\/ates-puskurten-kiz\/","title":{"rendered":"Ate\u015f P\u00fcsk\u00fcrten K\u0131z"},"content":{"rendered":"<p>Benim ad\u0131m Mina. Karahindibalar\u0131, konserve tonbal\u0131\u011f\u0131n\u0131, kitaplar\u0131, ricotta peynirini, geceleri parlayan ate\u015fb\u00f6ceklerini ama en \u00e7ok da ejderhalar\u0131 severim. \u00d6zellikle de a\u011f\u0131zlar\u0131ndan \u00e7\u0131kan g\u00f6rkemli alevleri\u2026 Ejderhalar kolay kolay yenilmez; onlar g\u00fc\u00e7l\u00fcd\u00fcr, korkusuzdur. Belki de bu y\u00fczden kendimi biraz onlara benzetirim. Uzun bir s\u00fcre \u00e7ocuk hastanesinde tedavi g\u00f6ren, kanser hastas\u0131 bir \u00e7ocu\u011fun, Mina\u2019n\u0131n hik\u00e2yesi bu. Ama kesinlikle h\u00fcz\u00fcnl\u00fc bir hik\u00e2ye de\u011fil. Son derece a\u011f\u0131r ve sars\u0131c\u0131 bir konuyu ele almas\u0131na ra\u011fmen, her sayfas\u0131nda g\u00fc\u00e7l\u00fc bir \u00e7ocukluk duygusu hissedilen bu kitapta Mina, deneyimlerini sade, dokunakl\u0131 ve zaman zaman mizahi bir dille anlat\u0131yor. Ya\u015fad\u0131\u011f\u0131 \u201cb\u00fcy\u00fck\u201d \u015feylerin yan\u0131 s\u0131ra h\u00e2l\u00e2 bir \u00e7ocuk oldu\u011funu, kitab\u0131n son sayfas\u0131na kadar hissettiriyor. Metinde, t\u0131pk\u0131 konu\u015furken bir anda dikkati da\u011f\u0131l\u0131p konudan uzakla\u015fan bir \u00e7ocuk gibi, yazar da zaman zaman ba\u015fka bir oyuna ge\u00e7iyor. Bu kurgunun i\u00e7inden Mina, yan odada tedavi g\u00f6ren arkada\u015f\u0131 Lorenzo ile birlikte, \u00e7ocuklu\u011funu hi\u00e7 kaybetmeden, hayal g\u00fcc\u00fcnden beslenerek ve g\u00fc\u00e7lenerek ge\u00e7iyor.<\/p>\n","protected":false},"excerpt":{"rendered":"<p>Benim ad\u0131m Mina. Karahindibalar\u0131, konserve tonbal\u0131\u011f\u0131n\u0131, kitaplar\u0131, ricotta peynirini, geceleri parlayan ate\u015fb\u00f6ceklerini ama en \u00e7ok da ejderhalar\u0131 severim. \u00d6zellikle de a\u011f\u0131zlar\u0131ndan \u00e7\u0131kan g\u00f6rkemli alevleri\u2026 Ejderhalar kolay<span class=\"excerpt-hellip\"> [\u2026]<\/span><\/p>\n","protected":false},"featured_media":0,"template":"","meta":{"_monsterinsights_skip_tracking":false,"_monsterinsights_sitenote_active":false,"_monsterinsights_sitenote_note":"","_monsterinsights_sitenote_category":0},"product_brand":[],"product_cat":[141304],"product_tag":[],"class_list":{"0":"post-785761","1":"product","2":"type-product","3":"status-publish","5":"product_cat-yeni-cikanlar","6":"pa_cilt-ciltsiz","7":"pa_tur-kitap","8":"pa_yayinevi-epsilon-yayinlari","9":"pa_yazar-giulia-binando-melis","11":"first","12":"instock","13":"sale","14":"shipping-taxable","15":"purchasable","16":"product-type-simple"},"_links":{"self":[{"href":"https:\/\/roveyayinevi.com.tr\/index.php\/wp-json\/wp\/v2\/product\/785761","targetHints":{"allow":["GET"]}}],"collection":[{"href":"https:\/\/roveyayinevi.com.tr\/index.php\/wp-json\/wp\/v2\/product"}],"about":[{"href":"https:\/\/roveyayinevi.com.tr\/index.php\/wp-json\/wp\/v2\/types\/product"}],"wp:attachment":[{"href":"https:\/\/roveyayinevi.com.tr\/index.php\/wp-json\/wp\/v2\/media?parent=785761"}],"wp:term":[{"taxonomy":"product_brand","embeddable":true,"href":"https:\/\/roveyayinevi.com.tr\/index.php\/wp-json\/wp\/v2\/product_brand?post=785761"},{"taxonomy":"product_cat","embeddable":true,"href":"https:\/\/roveyayinevi.com.tr\/index.php\/wp-json\/wp\/v2\/product_cat?post=785761"},{"taxonomy":"product_tag","embeddable":true,"href":"https:\/\/roveyayinevi.com.tr\/index.php\/wp-json\/wp\/v2\/product_tag?post=785761"}],"curies":[{"name":"wp","href":"https:\/\/api.w.org\/{rel}","templated":true}]}}