{"id":785753,"date":"2026-04-08T03:46:37","date_gmt":"2026-04-08T00:46:37","guid":{"rendered":"https:\/\/roveyayinevi.com.tr\/index.php\/urun\/ozgurlugu-tadi-hayatin-tadi-serisi-ciltli\/"},"modified":"2026-04-15T03:49:24","modified_gmt":"2026-04-15T00:49:24","slug":"ozgurlugu-tadi-hayatin-tadi-serisi-ciltli","status":"publish","type":"product","link":"https:\/\/roveyayinevi.com.tr\/index.php\/urun\/ozgurlugu-tadi-hayatin-tadi-serisi-ciltli\/","title":{"rendered":"\u00d6zg\u00fcrl\u00fc\u011f\u00fc Tad\u0131  &#8211; Hayat\u0131n Tad\u0131 Serisi (Ciltli)"},"content":{"rendered":"<p>\u201c\u00d6zg\u00fcrl\u00fc\u011f\u00fcn tad\u0131 nas\u0131ld\u0131r? Tad\u0131n\u0131 \u00e7\u0131kard\u0131\u011f\u0131m\u0131zda \u015fekerli. T\u0131pk\u0131 ilkbahar gibi aromal\u0131. Can\u0131 yand\u0131\u011f\u0131nda ac\u0131. Korktu\u011funda taze. U\u00e7u\u015ftu\u011funda hafif.\u201d\u00d6zg\u00fcrl\u00fck bazen hafif bir esinti gibi hissedilir, bazen de cesaret gerektirir. Hayat\u0131n Tad\u0131 Serisi\u2019nin \u00d6zg\u00fcrl\u00fc\u011f\u00fcn Tad\u0131 adl\u0131 kitab\u0131, \u00f6zg\u00fcrl\u00fc\u011f\u00fcn bu k\u0131r\u0131lgan ve g\u00fc\u00e7l\u00fc do\u011fas\u0131n\u0131 duyular ve imgeler arac\u0131l\u0131\u011f\u0131yla \u015fiirsel bir ke\u015ffe d\u00f6n\u00fc\u015ft\u00fcr\u00fcyor. Tan\u0131d\u0131k g\u00f6r\u00fcnt\u00fclerin i\u00e7inden do\u011fan d\u00f6n\u00fc\u015f\u00fcmler, \u00e7ocuklar\u0131 \u00f6zg\u00fcrl\u00fc\u011f\u00fc yaln\u0131zca bir fikir olarak de\u011fil, hissedilen, aranan ve hayal edilen bir deneyim olarak ke\u015ffetmeye davet ediyor.Hayat\u0131n Tad\u0131 Serisi, \u00e7ocuklar\u0131 d\u00fcnyay\u0131 oldu\u011fu gibi de\u011fil, olabilece\u011fi gibi de g\u00f6rmeye davet ediyor. Serideki her kitap tek bir soruyla ba\u015fl\u0131yor: Tad\u0131 nas\u0131ld\u0131r? Bu soru, okuru bir \u015fehrin, bir r\u00fcyan\u0131n, bir duygunun, hatta bir var olma halinin i\u00e7inde d\u00fc\u015f kurmaya \u00e7a\u011f\u0131r\u0131yor. Louna Demir\u2019in duygusal ve duyusal fark\u0131ndal\u0131\u011f\u0131 ke\u015ffetmeye heveslendiren betimlemeleriyle bi\u00e7imlenen metin, Jesuso Ortiz\u2019in yarat\u0131c\u0131 \u00e7izimleriyle yeni bir boyut kazan\u0131yor. Ortiz\u2019in ger\u00e7ek foto\u011fraflar\u0131 \u00f6zg\u00fcn dokunu\u015flarla bi\u00e7imlendirdi\u011fi ill\u00fcstrasyonlar\u0131, tan\u0131d\u0131k imgeleri beklenmedik ve yeni nesnelere d\u00f6n\u00fc\u015ft\u00fcr\u00fcyor. B\u00f6ylece k\u00fc\u00e7\u00fck ya\u015ftaki \u00e7ocuklar da dahil olmak \u00fczere t\u00fcm okurlar, g\u00fcndelik ya\u015famda kar\u015f\u0131la\u015ft\u0131klar\u0131 \u015feylere farkl\u0131 bir g\u00f6zle bakma olana\u011f\u0131 buluyor. Metin ve g\u00f6rselin birlikte kurdu\u011fu bu duyusal ve sezgisel alan, ke\u015ffetmenin, merak\u0131n ve hayal g\u00fcc\u00fcn\u00fcn b\u00fcy\u00fcs\u00fcn\u00fc okurla bulu\u015fturuyor.<\/p>\n","protected":false},"excerpt":{"rendered":"<p>\u201c\u00d6zg\u00fcrl\u00fc\u011f\u00fcn tad\u0131 nas\u0131ld\u0131r? Tad\u0131n\u0131 \u00e7\u0131kard\u0131\u011f\u0131m\u0131zda \u015fekerli. T\u0131pk\u0131 ilkbahar gibi aromal\u0131. Can\u0131 yand\u0131\u011f\u0131nda ac\u0131. Korktu\u011funda taze. U\u00e7u\u015ftu\u011funda hafif.\u201d\u00d6zg\u00fcrl\u00fck bazen hafif bir esinti gibi hissedilir, bazen de cesaret<span class=\"excerpt-hellip\"> [\u2026]<\/span><\/p>\n","protected":false},"featured_media":0,"template":"","meta":{"_monsterinsights_skip_tracking":false,"_monsterinsights_sitenote_active":false,"_monsterinsights_sitenote_note":"","_monsterinsights_sitenote_category":0},"product_brand":[],"product_cat":[12364,12376],"product_tag":[],"class_list":{"0":"post-785753","1":"product","2":"type-product","3":"status-publish","5":"product_cat-genel-konular","6":"product_cat-kisisel-gelisim","7":"pa_cilt-ciltsiz","8":"pa_tur-kitap","9":"pa_yayinevi-okuyan-koala","10":"pa_yazar-louna-demir","12":"first","13":"instock","14":"sale","15":"shipping-taxable","16":"purchasable","17":"product-type-simple"},"_links":{"self":[{"href":"https:\/\/roveyayinevi.com.tr\/index.php\/wp-json\/wp\/v2\/product\/785753","targetHints":{"allow":["GET"]}}],"collection":[{"href":"https:\/\/roveyayinevi.com.tr\/index.php\/wp-json\/wp\/v2\/product"}],"about":[{"href":"https:\/\/roveyayinevi.com.tr\/index.php\/wp-json\/wp\/v2\/types\/product"}],"wp:attachment":[{"href":"https:\/\/roveyayinevi.com.tr\/index.php\/wp-json\/wp\/v2\/media?parent=785753"}],"wp:term":[{"taxonomy":"product_brand","embeddable":true,"href":"https:\/\/roveyayinevi.com.tr\/index.php\/wp-json\/wp\/v2\/product_brand?post=785753"},{"taxonomy":"product_cat","embeddable":true,"href":"https:\/\/roveyayinevi.com.tr\/index.php\/wp-json\/wp\/v2\/product_cat?post=785753"},{"taxonomy":"product_tag","embeddable":true,"href":"https:\/\/roveyayinevi.com.tr\/index.php\/wp-json\/wp\/v2\/product_tag?post=785753"}],"curies":[{"name":"wp","href":"https:\/\/api.w.org\/{rel}","templated":true}]}}