{"id":785747,"date":"2026-04-08T03:46:18","date_gmt":"2026-04-08T00:46:18","guid":{"rendered":"https:\/\/roveyayinevi.com.tr\/index.php\/urun\/bilim-insani-ada-arinin-buyuk-proje-kitabi\/"},"modified":"2026-04-15T03:49:19","modified_gmt":"2026-04-15T00:49:19","slug":"bilim-insani-ada-arinin-buyuk-proje-kitabi","status":"publish","type":"product","link":"https:\/\/roveyayinevi.com.tr\/index.php\/urun\/bilim-insani-ada-arinin-buyuk-proje-kitabi\/","title":{"rendered":"Bilim \u0130nsan\u0131 Ada Ar\u0131\u2019n\u0131n B\u00fcy\u00fck Proje Kitab\u0131"},"content":{"rendered":"<p>Bilim \u0130nsan\u0131 Ada Ar\u0131\u2019n\u0131n B\u00fcy\u00fck Proje Kitab\u0131Andrea BeatyAda Ar\u0131 G\u0131b\u0131 Har\u0131ka B\u0131r B\u0131l\u0131m Insan\u0131 Ol! \u2022 Bilim \u0130nsan\u0131n Kelime Bulmacas\u0131 \u2022 Fiziksel Bilimler ve Biyoloji Bilimleri \u2022 Deneyler \u2022 Bilimsel Y\u00f6ntem \u2022 G\u00f6ky\u00fcz\u00fc ve Y\u0131ld\u0131zlar T\u00fcm bunlar ve daha fazlas\u0131, b\u00fcy\u00fck proje kitab\u0131n\u0131n i\u00e7inde!<\/p>\n","protected":false},"excerpt":{"rendered":"<p>Bilim \u0130nsan\u0131 Ada Ar\u0131\u2019n\u0131n B\u00fcy\u00fck Proje Kitab\u0131Andrea BeatyAda Ar\u0131 G\u0131b\u0131 Har\u0131ka B\u0131r B\u0131l\u0131m Insan\u0131 Ol! \u2022 Bilim \u0130nsan\u0131n Kelime Bulmacas\u0131 \u2022 Fiziksel Bilimler ve Biyoloji Bilimleri<span class=\"excerpt-hellip\"> [\u2026]<\/span><\/p>\n","protected":false},"featured_media":0,"template":"","meta":{"_monsterinsights_skip_tracking":false,"_monsterinsights_sitenote_active":false,"_monsterinsights_sitenote_note":"","_monsterinsights_sitenote_category":0},"product_brand":[],"product_cat":[13829,12274],"product_tag":[],"class_list":{"0":"post-785747","1":"product","2":"type-product","3":"status-publish","5":"product_cat-bilimsel-kitaplar","6":"product_cat-cocuk-ve-genclik-kitaplari","7":"pa_cilt-ciltsiz","8":"pa_tur-kitap","9":"pa_yayinevi-ucan-fil-yayinlari","10":"pa_yazar-andrea-beaty","12":"first","13":"instock","14":"sale","15":"shipping-taxable","16":"purchasable","17":"product-type-simple"},"_links":{"self":[{"href":"https:\/\/roveyayinevi.com.tr\/index.php\/wp-json\/wp\/v2\/product\/785747","targetHints":{"allow":["GET"]}}],"collection":[{"href":"https:\/\/roveyayinevi.com.tr\/index.php\/wp-json\/wp\/v2\/product"}],"about":[{"href":"https:\/\/roveyayinevi.com.tr\/index.php\/wp-json\/wp\/v2\/types\/product"}],"wp:attachment":[{"href":"https:\/\/roveyayinevi.com.tr\/index.php\/wp-json\/wp\/v2\/media?parent=785747"}],"wp:term":[{"taxonomy":"product_brand","embeddable":true,"href":"https:\/\/roveyayinevi.com.tr\/index.php\/wp-json\/wp\/v2\/product_brand?post=785747"},{"taxonomy":"product_cat","embeddable":true,"href":"https:\/\/roveyayinevi.com.tr\/index.php\/wp-json\/wp\/v2\/product_cat?post=785747"},{"taxonomy":"product_tag","embeddable":true,"href":"https:\/\/roveyayinevi.com.tr\/index.php\/wp-json\/wp\/v2\/product_tag?post=785747"}],"curies":[{"name":"wp","href":"https:\/\/api.w.org\/{rel}","templated":true}]}}