{"id":785744,"date":"2026-04-08T03:46:08","date_gmt":"2026-04-08T00:46:08","guid":{"rendered":"https:\/\/roveyayinevi.com.tr\/index.php\/urun\/cip-cop-ve-mia\/"},"modified":"2026-04-15T03:48:55","modified_gmt":"2026-04-15T00:48:55","slug":"cip-cop-ve-mia","status":"publish","type":"product","link":"https:\/\/roveyayinevi.com.tr\/index.php\/urun\/cip-cop-ve-mia\/","title":{"rendered":"\u00c7ip, \u00c7\u00f6p ve Mia"},"content":{"rendered":"<p>Bir kedinin d\u00fcnyay\u0131 de\u011fi\u015ftiremeyece\u011fini kim s\u00f6yledi? \u00c7a\u011fda\u015f edebiyat\u0131m\u0131z\u0131n \u00f6d\u00fcll\u00fc yazarlar\u0131ndan M\u00fcge \u0130plik\u00e7i, bu kez okurlar\u0131yla uluslararas\u0131 sorun haline gelen plastik at\u0131klar\u0131n izini s\u00fcr\u00fcyor. Ev konforuna d\u00fc\u015fk\u00fcn ama sahibine daha d\u00fc\u015fk\u00fcn bir kedinin de dahil oldu\u011fu macera, \u00e7evremizi tehdit eden ihmaller zinciriyle y\u00fczle\u015fmeyi, haks\u0131zl\u0131klar kar\u015f\u0131s\u0131nda sessiz kalmamay\u0131 vurguluyor. Sorumluluk alman\u0131n \u00f6nemine mizahi bir bak\u0131\u015fla ve zengin bir hayal g\u00fcc\u00fcyle dikkat \u00e7ekiyor. Mia s\u0131radan bir kedi de\u011fildir; fazla merakl\u0131d\u0131r. Sahibi Cem ve arkada\u015flar\u0131 \u0130skender ile Oya, gizlice T\u00fcrkiye\u2019ye yollanan plastik at\u0131klar\u0131n Adana\u2019ya ula\u015ft\u0131\u011f\u0131n\u0131 anlay\u0131p harekete ge\u00e7mi\u015flerdir. Mia da sokak kedisi Garipbey\u2019le birlikte pe\u015flerinden yollara d\u00fc\u015fer. \u0130skender\u2019in ta Londra\u2019da \u00fc\u00e7 pet \u015fi\u015feye yerle\u015ftirdi\u011fi \u00e7ipler Adana\u2019da sinyal vermi\u015f, ama takip tehlikeli bir hal alm\u0131\u015ft\u0131r. \u00c7\u00f6plerin bu yasad\u0131\u015f\u0131 naklinden para kazananlar, Cem ve Oya\u2019n\u0131n akademik kariyerini bile etkileyecek g\u00fc\u00e7tedir. Mia, sahibinin hayat\u0131n\u0131 kurtarabilecek midir?..<\/p>\n","protected":false},"excerpt":{"rendered":"<p>Bir kedinin d\u00fcnyay\u0131 de\u011fi\u015ftiremeyece\u011fini kim s\u00f6yledi? \u00c7a\u011fda\u015f edebiyat\u0131m\u0131z\u0131n \u00f6d\u00fcll\u00fc yazarlar\u0131ndan M\u00fcge \u0130plik\u00e7i, bu kez okurlar\u0131yla uluslararas\u0131 sorun haline gelen plastik at\u0131klar\u0131n izini s\u00fcr\u00fcyor. Ev konforuna d\u00fc\u015fk\u00fcn<span class=\"excerpt-hellip\"> [\u2026]<\/span><\/p>\n","protected":false},"featured_media":0,"template":"","meta":{"_monsterinsights_skip_tracking":false,"_monsterinsights_sitenote_active":false,"_monsterinsights_sitenote_note":"","_monsterinsights_sitenote_category":0},"product_brand":[],"product_cat":[12274,12284],"product_tag":[],"class_list":{"0":"post-785744","1":"product","2":"type-product","3":"status-publish","5":"product_cat-cocuk-ve-genclik-kitaplari","6":"product_cat-hikayeler","7":"pa_cilt-ciltsiz","8":"pa_tur-kitap","9":"pa_yayinevi-gunisigi-kitapligi","10":"pa_yazar-muge-iplikci","12":"first","13":"instock","14":"sale","15":"shipping-taxable","16":"purchasable","17":"product-type-simple"},"_links":{"self":[{"href":"https:\/\/roveyayinevi.com.tr\/index.php\/wp-json\/wp\/v2\/product\/785744","targetHints":{"allow":["GET"]}}],"collection":[{"href":"https:\/\/roveyayinevi.com.tr\/index.php\/wp-json\/wp\/v2\/product"}],"about":[{"href":"https:\/\/roveyayinevi.com.tr\/index.php\/wp-json\/wp\/v2\/types\/product"}],"wp:attachment":[{"href":"https:\/\/roveyayinevi.com.tr\/index.php\/wp-json\/wp\/v2\/media?parent=785744"}],"wp:term":[{"taxonomy":"product_brand","embeddable":true,"href":"https:\/\/roveyayinevi.com.tr\/index.php\/wp-json\/wp\/v2\/product_brand?post=785744"},{"taxonomy":"product_cat","embeddable":true,"href":"https:\/\/roveyayinevi.com.tr\/index.php\/wp-json\/wp\/v2\/product_cat?post=785744"},{"taxonomy":"product_tag","embeddable":true,"href":"https:\/\/roveyayinevi.com.tr\/index.php\/wp-json\/wp\/v2\/product_tag?post=785744"}],"curies":[{"name":"wp","href":"https:\/\/api.w.org\/{rel}","templated":true}]}}