{"id":785743,"date":"2026-04-08T03:45:48","date_gmt":"2026-04-08T00:45:48","guid":{"rendered":"https:\/\/roveyayinevi.com.tr\/index.php\/urun\/saltanatin-sonu\/"},"modified":"2026-04-15T03:48:54","modified_gmt":"2026-04-15T00:48:54","slug":"saltanatin-sonu","status":"publish","type":"product","link":"https:\/\/roveyayinevi.com.tr\/index.php\/urun\/saltanatin-sonu\/","title":{"rendered":"Saltanat\u0131n Sonu"},"content":{"rendered":"<p>Sultan Vahdettin D\u00f6nemi, \u00dclkeden Ka\u00e7\u0131\u015f ve S\u00fcrg\u00fcnde \u00d6l\u00fcm600 y\u0131ll\u0131k Osmanl\u0131 Devleti\u2019nin son padi\u015fah\u0131 Sultan Vahdettin, \u00fclkenin \u00e7\u00f6k\u00fc\u015f d\u00f6neminde, Anadolu\u2019da geli\u015fen Kuvay\u0131milliye Hareketi\u2019ni, kendine kar\u015f\u0131 bir tehdit olarak alg\u0131lad\u0131. Saray d\u00fczenini ve taht\u0131n\u0131 kaybetmemek i\u00e7in i\u015fgalcilere hizmet eden bir h\u00fck\u00fcmdar olmay\u0131 se\u00e7ti. Anadolu Hareketi, mill\u00ee ayaklanmay\u0131 ger\u00e7ekle\u015ftirip vatan\u0131 i\u015fgalcilerden temizleyince de \u00fclkeden ka\u00e7mak zorunda kald\u0131. \u0130slam halifesi olarak eski Osmanl\u0131 topraklar\u0131nda kurulan yeni devletlerce de kabul g\u00f6rmedi. Sonunda \u0130talya\u2019ya s\u0131\u011f\u0131nd\u0131. Turan Ak\u0131nc\u0131, bu kitab\u0131nda Osmanl\u0131 Devleti\u2019nin \u00e7\u00f6k\u00fc\u015f\u00fcn\u00fc ve Sultan Vahdettin\u2019in son y\u0131llar\u0131n\u0131 anlat\u0131yor.<\/p>\n","protected":false},"excerpt":{"rendered":"<p>Sultan Vahdettin D\u00f6nemi, \u00dclkeden Ka\u00e7\u0131\u015f ve S\u00fcrg\u00fcnde \u00d6l\u00fcm600 y\u0131ll\u0131k Osmanl\u0131 Devleti\u2019nin son padi\u015fah\u0131 Sultan Vahdettin, \u00fclkenin \u00e7\u00f6k\u00fc\u015f d\u00f6neminde, Anadolu\u2019da geli\u015fen Kuvay\u0131milliye Hareketi\u2019ni, kendine kar\u015f\u0131 bir tehdit<span class=\"excerpt-hellip\"> [\u2026]<\/span><\/p>\n","protected":false},"featured_media":0,"template":"","meta":{"_monsterinsights_skip_tracking":false,"_monsterinsights_sitenote_active":false,"_monsterinsights_sitenote_note":"","_monsterinsights_sitenote_category":0},"product_brand":[],"product_cat":[13517,12304],"product_tag":[],"class_list":{"0":"post-785743","1":"product","2":"type-product","3":"status-publish","5":"product_cat-osmanli-tarihi","6":"product_cat-tarih","7":"pa_cilt-ciltsiz","8":"pa_tur-kitap","9":"pa_yayinevi-remzi-kitabevi","10":"pa_yazar-turan-akinci","12":"first","13":"instock","14":"sale","15":"shipping-taxable","16":"purchasable","17":"product-type-simple"},"_links":{"self":[{"href":"https:\/\/roveyayinevi.com.tr\/index.php\/wp-json\/wp\/v2\/product\/785743","targetHints":{"allow":["GET"]}}],"collection":[{"href":"https:\/\/roveyayinevi.com.tr\/index.php\/wp-json\/wp\/v2\/product"}],"about":[{"href":"https:\/\/roveyayinevi.com.tr\/index.php\/wp-json\/wp\/v2\/types\/product"}],"wp:attachment":[{"href":"https:\/\/roveyayinevi.com.tr\/index.php\/wp-json\/wp\/v2\/media?parent=785743"}],"wp:term":[{"taxonomy":"product_brand","embeddable":true,"href":"https:\/\/roveyayinevi.com.tr\/index.php\/wp-json\/wp\/v2\/product_brand?post=785743"},{"taxonomy":"product_cat","embeddable":true,"href":"https:\/\/roveyayinevi.com.tr\/index.php\/wp-json\/wp\/v2\/product_cat?post=785743"},{"taxonomy":"product_tag","embeddable":true,"href":"https:\/\/roveyayinevi.com.tr\/index.php\/wp-json\/wp\/v2\/product_tag?post=785743"}],"curies":[{"name":"wp","href":"https:\/\/api.w.org\/{rel}","templated":true}]}}