{"id":785742,"date":"2026-04-08T03:45:44","date_gmt":"2026-04-08T00:45:44","guid":{"rendered":"https:\/\/roveyayinevi.com.tr\/index.php\/urun\/icimdeki-yansima\/"},"modified":"2026-04-15T03:48:54","modified_gmt":"2026-04-15T00:48:54","slug":"icimdeki-yansima","status":"publish","type":"product","link":"https:\/\/roveyayinevi.com.tr\/index.php\/urun\/icimdeki-yansima\/","title":{"rendered":"\u0130\u00e7imdeki Yans\u0131ma"},"content":{"rendered":"<p>\u201cSen olmay\u0131 seviyorum.\u201d dedi aynadaki yans\u0131ma. \u201cBence sen m\u00fckemmel bir dostsun.\u201dBazen aynaya bakt\u0131\u011f\u0131m\u0131zda g\u00f6rd\u00fc\u011f\u00fcm\u00fcz \u015feyden emin olamay\u0131z. Bir \u00e7ocuk ile yans\u0131mas\u0131 aras\u0131ndaki bu i\u00e7ten ve olumlu konu\u015fma okurlara kendi yeteneklerini, i\u00e7 g\u00fczellikleri- ni ve sars\u0131lmaz de\u011ferlerini hat\u0131rlat\u0131r.Olumlu bir \u00f6z imaj ve ko\u015fulsuz \u00f6z sevgi mesaj\u0131yla bu derin ve e\u011flenceli yolculuk her ya\u015ftan okuru i\u00e7lerindeki yans\u0131maya bakma ve kendilerini olduklar\u0131 gibi sevmeye davet ediyor.<\/p>\n","protected":false},"excerpt":{"rendered":"<p>\u201cSen olmay\u0131 seviyorum.\u201d dedi aynadaki yans\u0131ma. \u201cBence sen m\u00fckemmel bir dostsun.\u201dBazen aynaya bakt\u0131\u011f\u0131m\u0131zda g\u00f6rd\u00fc\u011f\u00fcm\u00fcz \u015feyden emin olamay\u0131z. Bir \u00e7ocuk ile yans\u0131mas\u0131 aras\u0131ndaki bu i\u00e7ten ve olumlu<span class=\"excerpt-hellip\"> [\u2026]<\/span><\/p>\n","protected":false},"featured_media":0,"template":"","meta":{"_monsterinsights_skip_tracking":false,"_monsterinsights_sitenote_active":false,"_monsterinsights_sitenote_note":"","_monsterinsights_sitenote_category":0},"product_brand":[],"product_cat":[12913,12274],"product_tag":[],"class_list":{"0":"post-785742","1":"product","2":"type-product","3":"status-publish","5":"product_cat-3-6-yas-kitaplari","6":"product_cat-cocuk-ve-genclik-kitaplari","7":"pa_cilt-ciltsiz","8":"pa_tur-kitap","9":"pa_yayinevi-altin-kitaplar-cocuk-kitaplari","10":"pa_yazar-marc-colagiovanni","12":"first","13":"instock","14":"sale","15":"shipping-taxable","16":"purchasable","17":"product-type-simple"},"_links":{"self":[{"href":"https:\/\/roveyayinevi.com.tr\/index.php\/wp-json\/wp\/v2\/product\/785742","targetHints":{"allow":["GET"]}}],"collection":[{"href":"https:\/\/roveyayinevi.com.tr\/index.php\/wp-json\/wp\/v2\/product"}],"about":[{"href":"https:\/\/roveyayinevi.com.tr\/index.php\/wp-json\/wp\/v2\/types\/product"}],"wp:attachment":[{"href":"https:\/\/roveyayinevi.com.tr\/index.php\/wp-json\/wp\/v2\/media?parent=785742"}],"wp:term":[{"taxonomy":"product_brand","embeddable":true,"href":"https:\/\/roveyayinevi.com.tr\/index.php\/wp-json\/wp\/v2\/product_brand?post=785742"},{"taxonomy":"product_cat","embeddable":true,"href":"https:\/\/roveyayinevi.com.tr\/index.php\/wp-json\/wp\/v2\/product_cat?post=785742"},{"taxonomy":"product_tag","embeddable":true,"href":"https:\/\/roveyayinevi.com.tr\/index.php\/wp-json\/wp\/v2\/product_tag?post=785742"}],"curies":[{"name":"wp","href":"https:\/\/api.w.org\/{rel}","templated":true}]}}