{"id":785741,"date":"2026-04-08T03:45:40","date_gmt":"2026-04-08T00:45:40","guid":{"rendered":"https:\/\/roveyayinevi.com.tr\/index.php\/urun\/karanliktaki-kivilcim\/"},"modified":"2026-04-15T03:48:54","modified_gmt":"2026-04-15T00:48:54","slug":"karanliktaki-kivilcim","status":"publish","type":"product","link":"https:\/\/roveyayinevi.com.tr\/index.php\/urun\/karanliktaki-kivilcim\/","title":{"rendered":"Karanl\u0131ktaki K\u0131v\u0131lc\u0131m"},"content":{"rendered":"<p>Karanl\u0131ktaki K\u0131v\u0131lc\u0131m, yaln\u0131zca Kuzey Amerika&#8217;da bir milyondan fazla satm\u0131\u015ft\u0131r ve Strand Magazine&#8217;in En \u0130yi \u0130lk Roman \u00d6d\u00fcl\u00fc&#8217;n\u00fc kazanm\u0131\u015ft\u0131r. Book of the Month&#8217;un Y\u0131l\u0131n Kitab\u0131 \u00d6d\u00fcl\u00fc, Goodreads Choice En \u0130yi \u0130lk Roman \u00d6d\u00fcl\u00fc, Goodreads Choice En \u0130yi Gizem ve Gerilim \u00d6d\u00fcl\u00fc ve ITW&#8217;nun En \u0130yi \u0130lk Roman \u00d6d\u00fcl\u00fc i\u00e7in finalist olmu\u015ftur.\u201cCanavarlar ormanda saklanmazlar. Onlar a\u011fa\u00e7lardaki g\u00f6lgeler ya da karanl\u0131k k\u00f6\u015felerde gizlenen g\u00f6r\u00fcnmez \u015feyler de\u011fildir. Hay\u0131r, ger\u00e7ek canavarlar hep g\u00f6z \u00f6n\u00fcndedir.\u201dAnnesi, babas\u0131 ve a\u011fabeyiyle birlikte Louisiana\u2019n\u0131n k\u00fc\u00e7\u00fck bir kasabas\u0131nda ya\u015fayan Chloe Davis on iki ya\u015f\u0131ndayken alt\u0131 gen\u00e7 k\u0131z ortadan kaybolur. Yaz\u0131n sonunda Chloe\u2019nin babas\u0131 cinayetleri itiraf eder ve \u00f6m\u00fcr boyu hapse mahk\u00fbm olur. Bu korkun\u00e7 olay\u0131n ard\u0131ndan Chloe ve ailesi ger\u00e7eklerle y\u00fczle\u015fip hayata devam etmek zorundad\u0131r. Sars\u0131nt\u0131larla ge\u00e7en yirmi y\u0131ldan sonra Chloe art\u0131k bir psikologdur ve Baton Rouge\u2019daki evinde, yo\u011fun \u00e7abalarla yakalad\u0131\u011f\u0131 k\u0131r\u0131lgan mutlulu\u011funu korumaya \u00e7al\u0131\u015fmaktad\u0131r. D\u00fc\u011f\u00fcn haz\u0131rl\u0131klar\u0131n\u0131n tela\u015f\u0131n\u0131 da ya\u015fayan Chloe, ofisinde dinledi\u011fi gen\u00e7 hastalar\u0131 gibi baz\u0131 anlarda hayat\u0131n\u0131n kontrol\u00fcn\u00fc kaybetti\u011fini hissetmektedir. \u015eehirde iki gen\u00e7 k\u0131z ard\u0131 ard\u0131na kaybolunca o korkun\u00e7 yaz zihninde yeniden canlan\u0131r; korku ve \u015f\u00fcphe sarmal\u0131nda hayat art\u0131k onun i\u00e7in k\u00e2busa d\u00f6nm\u00fc\u015ft\u00fcr. Chloe ge\u00e7mi\u015finden izler mi g\u00f6r\u00fcyordur, yoksa bir katilin maskesini d\u00fc\u015f\u00fcrmek \u00fczere midir?Karanl\u0131ktaki K\u0131v\u0131lc\u0131m, Stacy Willingham\u2019dan usta i\u015fi, \u015fiirsel bir gerilim roman\u0131; son sayfas\u0131na kadar \u00fcrpertici!<\/p>\n","protected":false},"excerpt":{"rendered":"<p>Karanl\u0131ktaki K\u0131v\u0131lc\u0131m, yaln\u0131zca Kuzey Amerika&#8217;da bir milyondan fazla satm\u0131\u015ft\u0131r ve Strand Magazine&#8217;in En \u0130yi \u0130lk Roman \u00d6d\u00fcl\u00fc&#8217;n\u00fc kazanm\u0131\u015ft\u0131r. Book of the Month&#8217;un Y\u0131l\u0131n Kitab\u0131 \u00d6d\u00fcl\u00fc, Goodreads<span class=\"excerpt-hellip\"> [\u2026]<\/span><\/p>\n","protected":false},"featured_media":0,"template":"","meta":{"_monsterinsights_skip_tracking":false,"_monsterinsights_sitenote_active":false,"_monsterinsights_sitenote_note":"","_monsterinsights_sitenote_category":0},"product_brand":[],"product_cat":[12803,12291],"product_tag":[],"class_list":{"0":"post-785741","1":"product","2":"type-product","3":"status-publish","5":"product_cat-aksiyon-macera","6":"product_cat-edebiyat","7":"pa_cilt-ciltsiz","8":"pa_tur-kitap","9":"pa_yayinevi-altin-kitaplar","10":"pa_yazar-stacy-willingham","12":"first","13":"instock","14":"sale","15":"shipping-taxable","16":"purchasable","17":"product-type-simple"},"_links":{"self":[{"href":"https:\/\/roveyayinevi.com.tr\/index.php\/wp-json\/wp\/v2\/product\/785741","targetHints":{"allow":["GET"]}}],"collection":[{"href":"https:\/\/roveyayinevi.com.tr\/index.php\/wp-json\/wp\/v2\/product"}],"about":[{"href":"https:\/\/roveyayinevi.com.tr\/index.php\/wp-json\/wp\/v2\/types\/product"}],"wp:attachment":[{"href":"https:\/\/roveyayinevi.com.tr\/index.php\/wp-json\/wp\/v2\/media?parent=785741"}],"wp:term":[{"taxonomy":"product_brand","embeddable":true,"href":"https:\/\/roveyayinevi.com.tr\/index.php\/wp-json\/wp\/v2\/product_brand?post=785741"},{"taxonomy":"product_cat","embeddable":true,"href":"https:\/\/roveyayinevi.com.tr\/index.php\/wp-json\/wp\/v2\/product_cat?post=785741"},{"taxonomy":"product_tag","embeddable":true,"href":"https:\/\/roveyayinevi.com.tr\/index.php\/wp-json\/wp\/v2\/product_tag?post=785741"}],"curies":[{"name":"wp","href":"https:\/\/api.w.org\/{rel}","templated":true}]}}