{"id":785739,"date":"2026-04-08T03:45:35","date_gmt":"2026-04-08T00:45:35","guid":{"rendered":"https:\/\/roveyayinevi.com.tr\/index.php\/urun\/21-yuzyilin-is-dunyasi-liderleri\/"},"modified":"2026-04-15T03:48:54","modified_gmt":"2026-04-15T00:48:54","slug":"21-yuzyilin-is-dunyasi-liderleri","status":"publish","type":"product","link":"https:\/\/roveyayinevi.com.tr\/index.php\/urun\/21-yuzyilin-is-dunyasi-liderleri\/","title":{"rendered":"21. Y\u00fczy\u0131l\u0131n \u0130\u015f D\u00fcnyas\u0131 Liderleri"},"content":{"rendered":"<p>21. Y\u00fczy\u0131l\u0131n \u0130\u015f D\u00fcnyas\u0131 Liderleri21. Y\u00fczy\u0131l\u0131n \u0130\u015f D\u00fcnyas\u0131 Liderleri, Jeff Bezos&#8217;un ba\u015f d\u00f6nd\u00fcr\u00fcc\u00fc y\u00fckseli\u015finden Satoshi Nakamoto&#8217;nun gizemli zek\u00e2s\u0131na uzanan s\u00fcre\u00e7te, d\u00fcnyan\u0131n en yenilik\u00e7i i\u015f liderlerinin ard\u0131ndaki s\u0131ra d\u0131\u015f\u0131 ba\u015far\u0131 hik\u00e2yelerini g\u00f6zler \u00f6n\u00fcne seriyor.Her b\u00fcy\u00fck ba\u015far\u0131n\u0131n ard\u0131nda, hayallerini ger\u00e7e\u011fe d\u00f6n\u00fc\u015ft\u00fcrmeyi ba\u015farm\u0131\u015f bireylerin benzersiz yolculuklar\u0131 yatar. Yenilik\u00e7ilik, azim ve sars\u0131lmaz bir \u00f6z g\u00fcvenle kendi alanlar\u0131nda fark yaratan bu isimler, geleneksel s\u0131n\u0131rlar\u0131 zorlayarak rakiplerini geride b\u0131rakm\u0131\u015ft\u0131r. Kimi zaman tart\u0131\u015fmal\u0131 ya da kutupla\u015ft\u0131r\u0131c\u0131 olsalar da bu fig\u00fcrlerin her biri i\u015f d\u00fcnyas\u0131 ve toplum \u00fczerine derin, d\u00fc\u015f\u00fcnd\u00fcr\u00fcc\u00fc perspektifler sunar.Kaliforniya&#8217;dan Tokyo&#8217;ya uzanan geni\u015f bir co\u011frafyada; teknoloji, perakende, bankac\u0131l\u0131k ve sosyal medya gibi sekt\u00f6rleri kapsayan bu kitap, k\u00fcresel \u00f6l\u00e7ekte ba\u015far\u0131n\u0131n ard\u0131ndaki dinamikleri inceliyor. Whitney Wolfe Herd&#8217;in fl\u00f6rt k\u00fclt\u00fcr\u00fcn\u00fc nas\u0131l yeniden tan\u0131mlad\u0131\u011f\u0131n\u0131 ve Jimmy Donaldson&#8217;\u0131n YouTube \u00fczerinden nas\u0131l bir i\u015f imparatorlu\u011fu kurdu\u011funu ke\u015ffedin. 21. Y\u00fczy\u0131l\u0131n \u0130\u015f D\u00fcnyas\u0131 Liderleri, 21. y\u00fczy\u0131l\u0131 yeniden \u015fekillendiren giri\u015fimcileri, fenomenleri ve \u00f6nc\u00fc isimleri etkileyici bir anlat\u0131mla ke\u015ffe \u00e7\u0131kar\u0131yor.<\/p>\n","protected":false},"excerpt":{"rendered":"<p>21. Y\u00fczy\u0131l\u0131n \u0130\u015f D\u00fcnyas\u0131 Liderleri21. Y\u00fczy\u0131l\u0131n \u0130\u015f D\u00fcnyas\u0131 Liderleri, Jeff Bezos&#8217;un ba\u015f d\u00f6nd\u00fcr\u00fcc\u00fc y\u00fckseli\u015finden Satoshi Nakamoto&#8217;nun gizemli zek\u00e2s\u0131na uzanan s\u00fcre\u00e7te, d\u00fcnyan\u0131n en yenilik\u00e7i i\u015f liderlerinin ard\u0131ndaki<span class=\"excerpt-hellip\"> [\u2026]<\/span><\/p>\n","protected":false},"featured_media":0,"template":"","meta":{"_monsterinsights_skip_tracking":false,"_monsterinsights_sitenote_active":false,"_monsterinsights_sitenote_note":"","_monsterinsights_sitenote_category":0},"product_brand":[],"product_cat":[13043,17647],"product_tag":[],"class_list":{"0":"post-785739","1":"product","2":"type-product","3":"status-publish","5":"product_cat-ekonomi","6":"product_cat-is-dunyasi","7":"pa_cilt-ciltsiz","8":"pa_tur-kitap","9":"pa_yayinevi-orenda","10":"pa_yazar-sally-percy","12":"first","13":"instock","14":"sale","15":"shipping-taxable","16":"purchasable","17":"product-type-simple"},"_links":{"self":[{"href":"https:\/\/roveyayinevi.com.tr\/index.php\/wp-json\/wp\/v2\/product\/785739","targetHints":{"allow":["GET"]}}],"collection":[{"href":"https:\/\/roveyayinevi.com.tr\/index.php\/wp-json\/wp\/v2\/product"}],"about":[{"href":"https:\/\/roveyayinevi.com.tr\/index.php\/wp-json\/wp\/v2\/types\/product"}],"wp:attachment":[{"href":"https:\/\/roveyayinevi.com.tr\/index.php\/wp-json\/wp\/v2\/media?parent=785739"}],"wp:term":[{"taxonomy":"product_brand","embeddable":true,"href":"https:\/\/roveyayinevi.com.tr\/index.php\/wp-json\/wp\/v2\/product_brand?post=785739"},{"taxonomy":"product_cat","embeddable":true,"href":"https:\/\/roveyayinevi.com.tr\/index.php\/wp-json\/wp\/v2\/product_cat?post=785739"},{"taxonomy":"product_tag","embeddable":true,"href":"https:\/\/roveyayinevi.com.tr\/index.php\/wp-json\/wp\/v2\/product_tag?post=785739"}],"curies":[{"name":"wp","href":"https:\/\/api.w.org\/{rel}","templated":true}]}}