{"id":785738,"date":"2026-04-08T03:45:32","date_gmt":"2026-04-08T00:45:32","guid":{"rendered":"https:\/\/roveyayinevi.com.tr\/index.php\/urun\/turk-askeri-tarihcileri\/"},"modified":"2026-04-15T03:48:54","modified_gmt":"2026-04-15T00:48:54","slug":"turk-askeri-tarihcileri","status":"publish","type":"product","link":"https:\/\/roveyayinevi.com.tr\/index.php\/urun\/turk-askeri-tarihcileri\/","title":{"rendered":"T\u00fcrk Askeri Tarih\u00e7ileri"},"content":{"rendered":"<p>Tarihimiz boyunca muhte\u015fem zaferlere imza att\u0131\u011f\u0131m\u0131z gibi b\u00fcy\u00fck hezimetlere de u\u011frad\u0131k. Asker\u00ee tarih a\u00e7\u0131s\u0131ndan \u00f6nemli olan k\u00f6kl\u00fc ge\u00e7mi\u015fimizi \u00e7ekinmeden hatas\u0131yla sevab\u0131yla modern tarihyaz\u0131m felsefe ve metodolojisine uygun olarak g\u00fcn\u00fcm\u00fcz ve gelecek nesiller i\u00e7in kaleme al\u0131nmal\u0131d\u0131r. Bunu sadece \u00fclkemiz ve milletimiz i\u00e7in de\u011fil b\u00fct\u00fcn d\u00fcnya i\u00e7in yapmal\u0131y\u0131z. Bu kitapta bir k\u0131sm\u0131n\u0131 inceledi\u011fimiz T\u00fcrk asker\u00ee tarih\u00e7ileri emsallerinden farkl\u0131 olarak b\u00fcy\u00fck bir y\u00fck ve sorumlulu\u011fun alt\u0131na g\u00f6n\u00fcll\u00fc olarak girerek asker\u00ee tarihin \u00fclkemizde temellerini atm\u0131\u015flar ve tu\u011fla tu\u011fla in\u015fa etmeye \u00e7al\u0131\u015fm\u0131\u015flard\u0131r. Onlar\u0131n b\u0131rakt\u0131\u011f\u0131 yerden al\u0131p devam ederken onlar\u0131 tan\u0131mam\u0131z, yapt\u0131klar\u0131n\u0131 ve yapamad\u0131klar\u0131n\u0131 bilmemiz gerekir. Nihayetinde tarih\u00e7inin ve tarih okurunun \u00f6nemli bir \u00f6devi tarihin yan\u0131 s\u0131ra tarih\u00e7iyi de tan\u0131makt\u0131r.<\/p>\n","protected":false},"excerpt":{"rendered":"<p>Tarihimiz boyunca muhte\u015fem zaferlere imza att\u0131\u011f\u0131m\u0131z gibi b\u00fcy\u00fck hezimetlere de u\u011frad\u0131k. Asker\u00ee tarih a\u00e7\u0131s\u0131ndan \u00f6nemli olan k\u00f6kl\u00fc ge\u00e7mi\u015fimizi \u00e7ekinmeden hatas\u0131yla sevab\u0131yla modern tarihyaz\u0131m felsefe ve metodolojisine<span class=\"excerpt-hellip\"> [\u2026]<\/span><\/p>\n","protected":false},"featured_media":0,"template":"","meta":{"_monsterinsights_skip_tracking":false,"_monsterinsights_sitenote_active":false,"_monsterinsights_sitenote_note":"","_monsterinsights_sitenote_category":0},"product_brand":[],"product_cat":[12304,13650],"product_tag":[],"class_list":{"0":"post-785738","1":"product","2":"type-product","3":"status-publish","5":"product_cat-tarih","6":"product_cat-turk-tarihi-arastirmalari","7":"pa_cilt-ciltsiz","8":"pa_tur-kitap","9":"pa_yayinevi-yeditepe-yayinevi","10":"pa_yazar-mesut-uyar","12":"first","13":"instock","14":"sale","15":"shipping-taxable","16":"purchasable","17":"product-type-simple"},"_links":{"self":[{"href":"https:\/\/roveyayinevi.com.tr\/index.php\/wp-json\/wp\/v2\/product\/785738","targetHints":{"allow":["GET"]}}],"collection":[{"href":"https:\/\/roveyayinevi.com.tr\/index.php\/wp-json\/wp\/v2\/product"}],"about":[{"href":"https:\/\/roveyayinevi.com.tr\/index.php\/wp-json\/wp\/v2\/types\/product"}],"wp:attachment":[{"href":"https:\/\/roveyayinevi.com.tr\/index.php\/wp-json\/wp\/v2\/media?parent=785738"}],"wp:term":[{"taxonomy":"product_brand","embeddable":true,"href":"https:\/\/roveyayinevi.com.tr\/index.php\/wp-json\/wp\/v2\/product_brand?post=785738"},{"taxonomy":"product_cat","embeddable":true,"href":"https:\/\/roveyayinevi.com.tr\/index.php\/wp-json\/wp\/v2\/product_cat?post=785738"},{"taxonomy":"product_tag","embeddable":true,"href":"https:\/\/roveyayinevi.com.tr\/index.php\/wp-json\/wp\/v2\/product_tag?post=785738"}],"curies":[{"name":"wp","href":"https:\/\/api.w.org\/{rel}","templated":true}]}}