{"id":785737,"date":"2026-04-08T03:45:29","date_gmt":"2026-04-08T00:45:29","guid":{"rendered":"https:\/\/roveyayinevi.com.tr\/index.php\/urun\/hititler-kayip-uygarliklar\/"},"modified":"2026-04-15T03:48:50","modified_gmt":"2026-04-15T00:48:50","slug":"hititler-kayip-uygarliklar","status":"publish","type":"product","link":"https:\/\/roveyayinevi.com.tr\/index.php\/urun\/hititler-kayip-uygarliklar\/","title":{"rendered":"Hititler &#8211; Kay\u0131p Uygarl\u0131klar"},"content":{"rendered":"<p>Canl\u0131 ve zengin bir eski\u00e7a\u011f uygarl\u0131\u011f\u0131 olan Hititlerin k\u00fclt\u00fcr\u00fc ve sanat\u0131na etkileyici bir anlat\u0131\u2026Sava\u015f alan\u0131ndaki ba\u015far\u0131lar\u0131yla tan\u0131nan Hititler, M\u00d6 17. y\u00fczy\u0131ldan 13. y\u00fczy\u0131la kadar Orta Anadolu\u2019da alt\u0131n \u00e7a\u011flar\u0131n\u0131 ya\u015fad\u0131lar. Ancak bu b\u00fcy\u00fck uygarl\u0131k, asker\u00ee kudretinin \u00e7ok \u00f6tesinde bir d\u00fcnyaya sahipti. G\u00fcne\u015f ve f\u0131rt\u0131na tanr\u0131lar\u0131na duyulan derin sayg\u0131, inan\u00e7 sistemlerinin merkezinde yer al\u0131rken; eklektik sanat anlay\u0131\u015flar\u0131, Bronz \u00c7a\u011f\u0131\u2019n\u0131n en \u00f6zg\u00fcn kaya kabartmalar\u0131ndan baz\u0131lar\u0131n\u0131 ortaya koydu.Bu kitap, Hititlerin k\u00fclt\u00fcr ve sanat d\u00fcnyas\u0131na kapsaml\u0131 bir giri\u015f sunarken, suikastlar, entrikalar ve b\u00fcy\u00fcc\u00fcl\u00fck su\u00e7lamalar\u0131yla s\u00fcrg\u00fcn edilen krali\u00e7elerle dolu, kraliyet ailesinin \u00e7arp\u0131c\u0131 tarihini de g\u00f6zler \u00f6n\u00fcne seriyor. Ayn\u0131 zamanda, Hint-Avrupa dil ailesinin bilinen en eski \u00f6rne\u011fi olan Hitit\u00e7eye de\u011finerek \u0130ngilizcenin k\u00f6kenlerine uzanan dilsel miras\u0131 ve Hititlerin g\u00fcn\u00fcm\u00fcze kalan etkilerini ele al\u0131yor.<\/p>\n","protected":false},"excerpt":{"rendered":"<p>Canl\u0131 ve zengin bir eski\u00e7a\u011f uygarl\u0131\u011f\u0131 olan Hititlerin k\u00fclt\u00fcr\u00fc ve sanat\u0131na etkileyici bir anlat\u0131\u2026Sava\u015f alan\u0131ndaki ba\u015far\u0131lar\u0131yla tan\u0131nan Hititler, M\u00d6 17. y\u00fczy\u0131ldan 13. y\u00fczy\u0131la kadar Orta Anadolu\u2019da<span class=\"excerpt-hellip\"> [\u2026]<\/span><\/p>\n","protected":false},"featured_media":0,"template":"","meta":{"_monsterinsights_skip_tracking":false,"_monsterinsights_sitenote_active":false,"_monsterinsights_sitenote_note":"","_monsterinsights_sitenote_category":0},"product_brand":[],"product_cat":[12312,12304],"product_tag":[],"class_list":{"0":"post-785737","1":"product","2":"type-product","3":"status-publish","5":"product_cat-diger","6":"product_cat-tarih","7":"pa_cilt-ciltsiz","8":"pa_tur-kitap","9":"pa_yayinevi-yeditepe-yayinevi","10":"pa_yazar-damien-stone","12":"first","13":"instock","14":"sale","15":"shipping-taxable","16":"purchasable","17":"product-type-simple"},"_links":{"self":[{"href":"https:\/\/roveyayinevi.com.tr\/index.php\/wp-json\/wp\/v2\/product\/785737","targetHints":{"allow":["GET"]}}],"collection":[{"href":"https:\/\/roveyayinevi.com.tr\/index.php\/wp-json\/wp\/v2\/product"}],"about":[{"href":"https:\/\/roveyayinevi.com.tr\/index.php\/wp-json\/wp\/v2\/types\/product"}],"wp:attachment":[{"href":"https:\/\/roveyayinevi.com.tr\/index.php\/wp-json\/wp\/v2\/media?parent=785737"}],"wp:term":[{"taxonomy":"product_brand","embeddable":true,"href":"https:\/\/roveyayinevi.com.tr\/index.php\/wp-json\/wp\/v2\/product_brand?post=785737"},{"taxonomy":"product_cat","embeddable":true,"href":"https:\/\/roveyayinevi.com.tr\/index.php\/wp-json\/wp\/v2\/product_cat?post=785737"},{"taxonomy":"product_tag","embeddable":true,"href":"https:\/\/roveyayinevi.com.tr\/index.php\/wp-json\/wp\/v2\/product_tag?post=785737"}],"curies":[{"name":"wp","href":"https:\/\/api.w.org\/{rel}","templated":true}]}}