{"id":785736,"date":"2026-04-08T03:45:26","date_gmt":"2026-04-08T00:45:26","guid":{"rendered":"https:\/\/roveyayinevi.com.tr\/index.php\/urun\/aztekler-kayip-uygarliklar\/"},"modified":"2026-04-15T03:48:50","modified_gmt":"2026-04-15T00:48:50","slug":"aztekler-kayip-uygarliklar","status":"publish","type":"product","link":"https:\/\/roveyayinevi.com.tr\/index.php\/urun\/aztekler-kayip-uygarliklar\/","title":{"rendered":"Aztekler &#8211; Kay\u0131p Uygarl\u0131klar"},"content":{"rendered":"<p>Eski ve gizemli Aztek uygarl\u0131\u011f\u0131na dair zengin, \u00e7arp\u0131c\u0131 ve ayd\u0131nlat\u0131c\u0131 bir anlat\u0131\u2026Bu etkileyici kitapta Frances F. Berdan, 1325\u20131521 y\u0131llar\u0131 aras\u0131nda Meksika Havzas\u0131\u2019nda ya\u015fayan Nahuatl dili konu\u015fan Azteklerin d\u00fcnyas\u0131na yeni bir \u0131\u015f\u0131k tutuyor. Etnik k\u00f6kenlerden imparatorluk in\u015fas\u0131na, saray hayat\u0131ndan g\u00f6rg\u00fc kurallar\u0131na, k\u00f6ken mitlerinden insan kurban etme rit\u00fcellerine uzanan geni\u015f bir \u00e7er\u00e7evede, bu kadim uygarl\u0131\u011f\u0131n toplumsal, siyasal ve k\u00fclt\u00fcrel yap\u0131s\u0131n\u0131 ayr\u0131nt\u0131l\u0131 bi\u00e7imde ele al\u0131yor.\u00c7o\u011fu zaman \u201cta\u015f devri\u201d olarak nitelendirilmelerine kar\u015f\u0131n Azteklerin ba\u015far\u0131lar\u0131 son derece dikkat \u00e7ekicidir. Tenochtitlan ve Texcoco gibi g\u00f6rkemli \u015fehir devletleri kurmu\u015f, an\u0131tsal tap\u0131naklar in\u015fa etmi\u015f, de\u011ferli ta\u015flar, alt\u0131n ve parlak t\u00fcylerle benzersiz sanat eserleri \u00fcretmi\u015flerdir. \u015eiir yazm\u0131\u015f, bilimle u\u011fra\u015fm\u0131\u015f; okullar\u0131, k\u00fct\u00fcphaneleri, giri\u015fimcileri ve para sistemleriyle geli\u015fmi\u015f bir toplumsal d\u00fczen olu\u015fturmu\u015flard\u0131r. \u00c7ok say\u0131da tanr\u0131ya adanan etkileyici t\u00f6renleri ise Aztek d\u00fcnyas\u0131n\u0131n en \u00e7arp\u0131c\u0131 y\u00f6nlerinden biridir.En g\u00fcncel ara\u015ft\u0131rmalara dayanan ve zengin g\u00f6rsellerle desteklenen bu kitap, Azteklerin san\u0131landan \u00e7ok daha sofistike, incelikli ve derinlikli bir medeniyet oldu\u011funu g\u00f6zler \u00f6n\u00fcne seriyor.<\/p>\n","protected":false},"excerpt":{"rendered":"<p>Eski ve gizemli Aztek uygarl\u0131\u011f\u0131na dair zengin, \u00e7arp\u0131c\u0131 ve ayd\u0131nlat\u0131c\u0131 bir anlat\u0131\u2026Bu etkileyici kitapta Frances F. Berdan, 1325\u20131521 y\u0131llar\u0131 aras\u0131nda Meksika Havzas\u0131\u2019nda ya\u015fayan Nahuatl dili konu\u015fan<span class=\"excerpt-hellip\"> [\u2026]<\/span><\/p>\n","protected":false},"featured_media":0,"template":"","meta":{"_monsterinsights_skip_tracking":false,"_monsterinsights_sitenote_active":false,"_monsterinsights_sitenote_note":"","_monsterinsights_sitenote_category":0},"product_brand":[],"product_cat":[12305,12304],"product_tag":[],"class_list":{"0":"post-785736","1":"product","2":"type-product","3":"status-publish","5":"product_cat-dunya-tarihi","6":"product_cat-tarih","7":"pa_cilt-ciltsiz","8":"pa_tur-kitap","9":"pa_yayinevi-yeditepe-yayinevi","10":"pa_yazar-frances-f-berdan","12":"first","13":"instock","14":"sale","15":"shipping-taxable","16":"purchasable","17":"product-type-simple"},"_links":{"self":[{"href":"https:\/\/roveyayinevi.com.tr\/index.php\/wp-json\/wp\/v2\/product\/785736","targetHints":{"allow":["GET"]}}],"collection":[{"href":"https:\/\/roveyayinevi.com.tr\/index.php\/wp-json\/wp\/v2\/product"}],"about":[{"href":"https:\/\/roveyayinevi.com.tr\/index.php\/wp-json\/wp\/v2\/types\/product"}],"wp:attachment":[{"href":"https:\/\/roveyayinevi.com.tr\/index.php\/wp-json\/wp\/v2\/media?parent=785736"}],"wp:term":[{"taxonomy":"product_brand","embeddable":true,"href":"https:\/\/roveyayinevi.com.tr\/index.php\/wp-json\/wp\/v2\/product_brand?post=785736"},{"taxonomy":"product_cat","embeddable":true,"href":"https:\/\/roveyayinevi.com.tr\/index.php\/wp-json\/wp\/v2\/product_cat?post=785736"},{"taxonomy":"product_tag","embeddable":true,"href":"https:\/\/roveyayinevi.com.tr\/index.php\/wp-json\/wp\/v2\/product_tag?post=785736"}],"curies":[{"name":"wp","href":"https:\/\/api.w.org\/{rel}","templated":true}]}}