{"id":785735,"date":"2026-04-08T03:45:23","date_gmt":"2026-04-08T00:45:23","guid":{"rendered":"https:\/\/roveyayinevi.com.tr\/index.php\/urun\/turk-tarihine-yon-veren-metinler\/"},"modified":"2026-04-15T03:48:50","modified_gmt":"2026-04-15T00:48:50","slug":"turk-tarihine-yon-veren-metinler","status":"publish","type":"product","link":"https:\/\/roveyayinevi.com.tr\/index.php\/urun\/turk-tarihine-yon-veren-metinler\/","title":{"rendered":"T\u00fcrk Tarihine Y\u00f6n Veren Metinler"},"content":{"rendered":"<p>Bir mektup tarihin y\u00f6n\u00fcn\u00fc de\u011fi\u015ftirebilir mi ya da bir \u00e7ift s\u00f6z? Ta\u015flara yaz\u0131lm\u0131\u015f olan birka\u00e7 c\u00fcmlelik \u00f6\u011f\u00fct bir milletin kaderine h\u00fckmedebilir mi? Bir kitap b\u00fcy\u00fck bir k\u00fclt\u00fcr\u00fcn de\u011fi\u015fmesi i\u00e7in ne kadar ilham verebilir?T\u00fcrklerin tarihi sadece sava\u015flar, ak\u0131nlar ya da g\u00f6\u00e7lerle \u015fekillenmedi. Bazen Bilge Ka\u011fan\u2019\u0131n s\u00f6zleri \u00e7\u0131nlad\u0131 tarihin duvarlar\u0131nda bazen Ka\u015fgarl\u0131 Mahmut\u2019un meydan okumas\u0131. Ahmet Yesev\u00ee\u2019nin Hikmetleri sadece T\u00fcrkistan\u2019da dilden dile dola\u015fmad\u0131; ta\u015ft\u0131, co\u015ftu ve Anadolu erenlerine kadar ula\u015ft\u0131. \u00c2\u015f\u0131k Pa\u015fa, T\u00fcrk\u00e7e ile ince yollar\u0131 ve ulu menzilleri anlat\u0131rken Kaygusuz Abdal, T\u00fcrk\u00e7e bayra\u011f\u0131n\u0131 cennete ta\u015f\u0131d\u0131. Sultanlar\u0131n b\u00fcy\u00fck i\u015flerinin \u00f6n\u00fcnde ya da arkas\u0131nda g\u00fc\u00e7l\u00fc metinler oldu hep. Ya\u015fan\u0131lan her \u015fey bir iz, bir s\u00f6z, bir tecr\u00fcbe b\u0131rakt\u0131 geride. Bunlar\u0131n baz\u0131lar\u0131 tarihin r\u00fczg\u00e2r\u0131yla u\u00e7up giderken baz\u0131lar\u0131 talih \u0131rma\u011f\u0131n\u0131n yata\u011f\u0131n\u0131 de\u011fi\u015ftirdi, zaman\u0131n ak\u0131\u015f y\u00f6n\u00fcn\u00fc tersine \u00e7evirdi.\u015eimdi y\u00fczy\u0131llar i\u00e7inden s\u00fcz\u00fcl\u00fcp gelen metinlere yeniden bakmak gerekiyor. Her s\u00f6z\u00fcn bir k\u0131ymet, her ifadenin bir hikmet oldu\u011fu yarg\u0131s\u0131ndan uzak, metinlerin b\u0131rakt\u0131\u011f\u0131 izleri takip etme zaman\u0131 geldi.<\/p>\n","protected":false},"excerpt":{"rendered":"<p>Bir mektup tarihin y\u00f6n\u00fcn\u00fc de\u011fi\u015ftirebilir mi ya da bir \u00e7ift s\u00f6z? Ta\u015flara yaz\u0131lm\u0131\u015f olan birka\u00e7 c\u00fcmlelik \u00f6\u011f\u00fct bir milletin kaderine h\u00fckmedebilir mi? Bir kitap b\u00fcy\u00fck bir<span class=\"excerpt-hellip\"> [\u2026]<\/span><\/p>\n","protected":false},"featured_media":0,"template":"","meta":{"_monsterinsights_skip_tracking":false,"_monsterinsights_sitenote_active":false,"_monsterinsights_sitenote_note":"","_monsterinsights_sitenote_category":0},"product_brand":[],"product_cat":[12304,13650],"product_tag":[],"class_list":{"0":"post-785735","1":"product","2":"type-product","3":"status-publish","5":"product_cat-tarih","6":"product_cat-turk-tarihi-arastirmalari","7":"pa_cilt-ciltsiz","8":"pa_tur-kitap","9":"pa_yayinevi-yeditepe-yayinevi","10":"pa_yazar-tufan-gunduz","12":"first","13":"instock","14":"sale","15":"shipping-taxable","16":"purchasable","17":"product-type-simple"},"_links":{"self":[{"href":"https:\/\/roveyayinevi.com.tr\/index.php\/wp-json\/wp\/v2\/product\/785735","targetHints":{"allow":["GET"]}}],"collection":[{"href":"https:\/\/roveyayinevi.com.tr\/index.php\/wp-json\/wp\/v2\/product"}],"about":[{"href":"https:\/\/roveyayinevi.com.tr\/index.php\/wp-json\/wp\/v2\/types\/product"}],"wp:attachment":[{"href":"https:\/\/roveyayinevi.com.tr\/index.php\/wp-json\/wp\/v2\/media?parent=785735"}],"wp:term":[{"taxonomy":"product_brand","embeddable":true,"href":"https:\/\/roveyayinevi.com.tr\/index.php\/wp-json\/wp\/v2\/product_brand?post=785735"},{"taxonomy":"product_cat","embeddable":true,"href":"https:\/\/roveyayinevi.com.tr\/index.php\/wp-json\/wp\/v2\/product_cat?post=785735"},{"taxonomy":"product_tag","embeddable":true,"href":"https:\/\/roveyayinevi.com.tr\/index.php\/wp-json\/wp\/v2\/product_tag?post=785735"}],"curies":[{"name":"wp","href":"https:\/\/api.w.org\/{rel}","templated":true}]}}